{"id":3,"date":"2024-12-30T07:50:56","date_gmt":"2024-12-30T10:50:56","guid":{"rendered":"https:\/\/teste.minasbrazil.store\/?page_id=3"},"modified":"2025-02-15T18:06:50","modified_gmt":"2025-02-15T21:06:50","slug":"politica-de-privacidade","status":"publish","type":"page","link":"https:\/\/maqmex.com.br\/en\/politica-de-privacidade\/","title":{"rendered":"Pol\u00edtica de privacidade"},"content":{"rendered":"<div data-elementor-type=\"wp-page\" data-elementor-id=\"3\" class=\"elementor elementor-3\" data-elementor-post-type=\"page\">\n\t\t\t\t<div class=\"elementor-element elementor-element-40ca7bb3 e-flex e-con-boxed e-con e-parent\" data-id=\"40ca7bb3\" data-element_type=\"container\" data-e-type=\"container\">\n\t\t\t\t\t<div class=\"e-con-inner\">\n\t\t\t\t<div class=\"elementor-element elementor-element-5f42677c elementor-widget elementor-widget-text-editor\" data-id=\"5f42677c\" data-element_type=\"widget\" data-e-type=\"widget\" data-widget_type=\"text-editor.default\">\n\t\t\t\t<div class=\"elementor-widget-container\">\n\t\t\t\t\t\t\t\t\t\n<h2 class=\"wp-block-heading\">Pol\u00edtica de privacidade<\/h2>\n<hr class=\"wp-block-separator has-alpha-channel-opacity\" \/>\n<p><br \/>Ao visitar o site https:\/\/maqmex.com.br\/, voc\u00ea aceita as pr\u00e1ticas descritas nesta pol\u00edtica de privacidade.<\/p>\n<p><strong>Pol\u00edtica\u00a0de\u00a0Privacidade: Prote\u00e7\u00e3o aos seus dados<\/strong><\/p>\n<p>Para fazer o seu pedido em nossa loja virtual, \u00e9 necess\u00e1rio cadastrar-se, quando ser\u00e1 fornecido pelo cliente alguns dados pessoais como: Nome Completo, CPF, RG, Data de Nascimento, Endere\u00e7o com CEP para entrega e para cobran\u00e7a, E-mail e Telefone para contato.<\/p>\n<p>O cliente pode optar por n\u00e3o fornecer algumas informa\u00e7\u00f5es, mas \u00e9 prov\u00e1vel que a sua experi\u00eancia de navega\u00e7\u00e3o nas n\u00e3o conte com todos os recursos oferecidos.<\/p>\n<p>As informa\u00e7\u00f5es fornecidas ser\u00e3o armazenadas em um banco de dados reservado e com acesso restrito a alguns funcion\u00e1rios habilitados, de forma a manter e proteger os dados, nos ditames da Lei Federal de n. 13.709\/2018.<\/p>\n<p>Ao cliente, caber\u00e1 o dever de manter essas informa\u00e7\u00f5es corretas e atualizadas, bem como far\u00e1 jus ao direito de cancelar o seu cadastro a qualquer momento atrav\u00e9s das formas abaixo:<\/p>\n<ul>\n<li>Central de Atendimento https:\/\/maqmex.com.br\/ajuda<\/li>\n<\/ul>\n<p>No ato do cadastramento ou preenchimento de seu e-mail no campo \u201cNewsletter\u201d, o cliente opta por receber regularmente informativos e promo\u00e7\u00f5es por e-mail, SMS ou mala direta. O envio de mensagens eletr\u00f4nicas poder\u00e1 ser desativado, solicitando a exclus\u00e3o do seu e-mail do nosso banco de cadastro.<\/p>\n<p>Al\u00e9m dos dados fornecidos pelo pr\u00f3prio cliente, a empresa poder\u00e1 receber informa\u00e7\u00f5es de outras fontes, como mini sites e p\u00e1ginas das redes sociais, cadastros de parceiros ou atrav\u00e9s do cookies, que ser\u00e3o somadas a nossa base de dados. Em hip\u00f3tese alguma, nosso banco de dados ser\u00e1 vendido ou fornecido para terceiros.<\/p>\n<p>Ademais, a Maqmex det\u00e9m o direito de alterar sua pol\u00edtica de privacidade a qualquer momento, mediante publica\u00e7\u00e3o da vers\u00e3o atualizada no endere\u00e7o\u00a0<br \/><a href=\"https:\/\/mercadodeliverybd.com.br\/\">https:\/\/maqmex.com.br\/<\/a><\/p>\n<p><strong><br \/>Da utiliza\u00e7\u00e3o dos dados coletados.<\/strong><\/p>\n<p>A seguran\u00e7a e o sigilo das informa\u00e7\u00f5es de nossos clientes s\u00e3o muito importantes para o nosso neg\u00f3cio. Por\u00e9m, a viabilidade de certos servi\u00e7os s\u00f3 ocorre com o compartilhamento de algumas dessas informa\u00e7\u00f5es, o que fazemos com responsabilidade e seguindo todos os par\u00e2metros registrados nessa Pol\u00edtica de Privacidade.<\/p>\n<p>O referido compartilhamento de dados poder\u00e1 ocorrer em tr\u00eas situa\u00e7\u00f5es:<\/p>\n<ul>\n<li>diante da realiza\u00e7\u00e3o de novos neg\u00f3cios jur\u00eddicos de obten\u00e7\u00e3o e fus\u00e3o de novas empresas, quando a pol\u00edtica de privacidade, prote\u00e7\u00e3o e inviolabilidade dos dados ser\u00e1 mantida;<\/li>\n<li>para atender a uma determina\u00e7\u00e3o judicial; e<\/li>\n<li>mediante autoriza\u00e7\u00e3o expressa do cliente;<\/li>\n<\/ul>\n<p><strong>Mas, porque recolhemos os seus dados?<\/strong><\/p>\n<p>Sempre buscando a otimiza\u00e7\u00e3o de sua experi\u00eancia, a Maqmex, ao coletar os seus dados, procura:<\/p>\n<ul>\n<li>conhecer melhor o seu cliente para, assim, oferecer um servi\u00e7o personalizado;<\/li>\n<li>realizar o acompanhamento de todas as etapas de seu pedido, envolvendo a autoriza\u00e7\u00e3o de seu pagamento, bem como entrega de seu produto e devolu\u00e7\u00e3o, quando for o caso;<\/li>\n<li>evitar a ocorr\u00eancia de fraudes, com foco na seguran\u00e7a dos clientes e das transa\u00e7\u00f5es que estes realizam atrav\u00e9s do site da Maqmex;<\/li>\n<li>assegurar os direitos do titular os dados, nos moldes da Lei de Prote\u00e7\u00e3o de Dados; e<\/li>\n<li>enviar comunica\u00e7\u00f5es e mensagens publicit\u00e1rias acerca de produtos novos e\/ou ofertas especiais.<\/li>\n<\/ul>\n<p><strong>Da utiliza\u00e7\u00e3o dos Cookies.<\/strong><\/p>\n<p>Cookies s\u00e3o identifica\u00e7\u00f5es da intera\u00e7\u00e3o com nosso site ou nossos canais de publica\u00e7\u00e3o, que s\u00e3o transferidas para o equipamento do cliente (computador, tablet ou smartphone) visando reconhec\u00ea-lo na pr\u00f3xima navega\u00e7\u00e3o. Utilizamos cookies para proporcionar uma melhor experi\u00eancia em nosso site e viabilizar recursos personalizados, como recomenda\u00e7\u00f5es de produtos, publicidades e informa\u00e7\u00f5es adicionais de itens de interesse do cliente, por exemplo.<\/p>\n<p>A utiliza\u00e7\u00e3o do cookies est\u00e1 sujeita a sua escolha, podendo o cliente aceitar a instala\u00e7\u00e3o do dispositivo no seu navegador ou bloque\u00e1-la.<\/p>\n<p>Ao bloquear a instala\u00e7\u00e3o do cookies em seu navegador, \u00e9 poss\u00edvel que algumas das sess\u00f5es ou funcionalidades do nosso site n\u00e3o funcionem adequadamente.<\/p>\n<p>\u00a0<\/p>\n\t\t\t\t\t\t\t\t<\/div>\n\t\t\t\t<\/div>\n\t\t\t\t\t<\/div>\n\t\t\t\t<\/div>\n\t\t\t\t<\/div>","protected":false},"excerpt":{"rendered":"<p>Pol\u00edtica de privacidade Ao visitar o site https:\/\/maqmex.com.br\/, voc\u00ea aceita as pr\u00e1ticas descritas nesta pol\u00edtica de privacidade. Pol\u00edtica\u00a0de\u00a0Privacidade: Prote\u00e7\u00e3o aos seus dados Para fazer o seu pedido em nossa loja virtual, \u00e9 necess\u00e1rio cadastrar-se, quando ser\u00e1 fornecido pelo cliente alguns dados pessoais como: Nome Completo, CPF, RG, Data de Nascimento, Endere\u00e7o com CEP para entrega [&hellip;]<\/p>\n","protected":false},"author":1,"featured_media":0,"parent":0,"menu_order":0,"comment_status":"closed","ping_status":"open","template":"","meta":{"footnotes":""},"class_list":["post-3","page","type-page","status-publish","hentry"],"yoast_head":"<!-- This site is optimized with the Yoast SEO plugin v27.4 - https:\/\/yoast.com\/product\/yoast-seo-wordpress\/ -->\n<title>Pol\u00edtica de privacidade - Maqmex<\/title>\n<meta name=\"robots\" content=\"index, follow, max-snippet:-1, max-image-preview:large, max-video-preview:-1\" \/>\n<link rel=\"canonical\" href=\"https:\/\/maqmex.com.br\/en\/politica-de-privacidade\/\" \/>\n<meta property=\"og:locale\" content=\"en_US\" \/>\n<meta property=\"og:type\" content=\"article\" \/>\n<meta property=\"og:title\" content=\"Pol\u00edtica de privacidade - Maqmex\" \/>\n<meta property=\"og:description\" content=\"Pol\u00edtica de privacidade Ao visitar o site https:\/\/maqmex.com.br\/, voc\u00ea aceita as pr\u00e1ticas descritas nesta pol\u00edtica de privacidade. Pol\u00edtica\u00a0de\u00a0Privacidade: Prote\u00e7\u00e3o aos seus dados Para fazer o seu pedido em nossa loja virtual, \u00e9 necess\u00e1rio cadastrar-se, quando ser\u00e1 fornecido pelo cliente alguns dados pessoais como: Nome Completo, CPF, RG, Data de Nascimento, Endere\u00e7o com CEP para entrega [&hellip;]\" \/>\n<meta property=\"og:url\" content=\"https:\/\/maqmex.com.br\/en\/politica-de-privacidade\/\" \/>\n<meta property=\"og:site_name\" content=\"Maqmex\" \/>\n<meta property=\"article:modified_time\" content=\"2025-02-15T21:06:50+00:00\" \/>\n<meta name=\"twitter:card\" content=\"summary_large_image\" \/>\n<meta name=\"twitter:label1\" content=\"Est. reading time\" \/>\n\t<meta name=\"twitter:data1\" content=\"3 minutes\" \/>\n<script type=\"application\/ld+json\" class=\"yoast-schema-graph\">{\"@context\":\"https:\\\/\\\/schema.org\",\"@graph\":[{\"@type\":\"WebPage\",\"@id\":\"https:\\\/\\\/maqmex.com.br\\\/politica-de-privacidade\\\/\",\"url\":\"https:\\\/\\\/maqmex.com.br\\\/politica-de-privacidade\\\/\",\"name\":\"Pol\u00edtica de privacidade - Maqmex\",\"isPartOf\":{\"@id\":\"https:\\\/\\\/maqmex.com.br\\\/#website\"},\"datePublished\":\"2024-12-30T10:50:56+00:00\",\"dateModified\":\"2025-02-15T21:06:50+00:00\",\"breadcrumb\":{\"@id\":\"https:\\\/\\\/maqmex.com.br\\\/politica-de-privacidade\\\/#breadcrumb\"},\"inLanguage\":\"en-US\",\"potentialAction\":[{\"@type\":\"ReadAction\",\"target\":[\"https:\\\/\\\/maqmex.com.br\\\/politica-de-privacidade\\\/\"]}]},{\"@type\":\"BreadcrumbList\",\"@id\":\"https:\\\/\\\/maqmex.com.br\\\/politica-de-privacidade\\\/#breadcrumb\",\"itemListElement\":[{\"@type\":\"ListItem\",\"position\":1,\"name\":\"In\u00edcio\",\"item\":\"https:\\\/\\\/maqmex.com.br\\\/\"},{\"@type\":\"ListItem\",\"position\":2,\"name\":\"Pol\u00edtica de privacidade\"}]},{\"@type\":\"WebSite\",\"@id\":\"https:\\\/\\\/maqmex.com.br\\\/#website\",\"url\":\"https:\\\/\\\/maqmex.com.br\\\/\",\"name\":\"Maqmex\",\"description\":\"Maqmex\",\"potentialAction\":[{\"@type\":\"SearchAction\",\"target\":{\"@type\":\"EntryPoint\",\"urlTemplate\":\"https:\\\/\\\/maqmex.com.br\\\/?s={search_term_string}\"},\"query-input\":{\"@type\":\"PropertyValueSpecification\",\"valueRequired\":true,\"valueName\":\"search_term_string\"}}],\"inLanguage\":\"en-US\"}]}<\/script>\n<!-- \/ Yoast SEO plugin. -->","yoast_head_json":{"title":"Pol\u00edtica de privacidade - Maqmex","robots":{"index":"index","follow":"follow","max-snippet":"max-snippet:-1","max-image-preview":"max-image-preview:large","max-video-preview":"max-video-preview:-1"},"canonical":"https:\/\/maqmex.com.br\/en\/politica-de-privacidade\/","og_locale":"en_US","og_type":"article","og_title":"Pol\u00edtica de privacidade - Maqmex","og_description":"Pol\u00edtica de privacidade Ao visitar o site https:\/\/maqmex.com.br\/, voc\u00ea aceita as pr\u00e1ticas descritas nesta pol\u00edtica de privacidade. Pol\u00edtica\u00a0de\u00a0Privacidade: Prote\u00e7\u00e3o aos seus dados Para fazer o seu pedido em nossa loja virtual, \u00e9 necess\u00e1rio cadastrar-se, quando ser\u00e1 fornecido pelo cliente alguns dados pessoais como: Nome Completo, CPF, RG, Data de Nascimento, Endere\u00e7o com CEP para entrega [&hellip;]","og_url":"https:\/\/maqmex.com.br\/en\/politica-de-privacidade\/","og_site_name":"Maqmex","article_modified_time":"2025-02-15T21:06:50+00:00","twitter_card":"summary_large_image","twitter_misc":{"Est. reading time":"3 minutes"},"schema":{"@context":"https:\/\/schema.org","@graph":[{"@type":"WebPage","@id":"https:\/\/maqmex.com.br\/politica-de-privacidade\/","url":"https:\/\/maqmex.com.br\/politica-de-privacidade\/","name":"Pol\u00edtica de privacidade - Maqmex","isPartOf":{"@id":"https:\/\/maqmex.com.br\/#website"},"datePublished":"2024-12-30T10:50:56+00:00","dateModified":"2025-02-15T21:06:50+00:00","breadcrumb":{"@id":"https:\/\/maqmex.com.br\/politica-de-privacidade\/#breadcrumb"},"inLanguage":"en-US","potentialAction":[{"@type":"ReadAction","target":["https:\/\/maqmex.com.br\/politica-de-privacidade\/"]}]},{"@type":"BreadcrumbList","@id":"https:\/\/maqmex.com.br\/politica-de-privacidade\/#breadcrumb","itemListElement":[{"@type":"ListItem","position":1,"name":"In\u00edcio","item":"https:\/\/maqmex.com.br\/"},{"@type":"ListItem","position":2,"name":"Pol\u00edtica de privacidade"}]},{"@type":"WebSite","@id":"https:\/\/maqmex.com.br\/#website","url":"https:\/\/maqmex.com.br\/","name":"Maqmex","description":"Maqmex","potentialAction":[{"@type":"SearchAction","target":{"@type":"EntryPoint","urlTemplate":"https:\/\/maqmex.com.br\/?s={search_term_string}"},"query-input":{"@type":"PropertyValueSpecification","valueRequired":true,"valueName":"search_term_string"}}],"inLanguage":"en-US"}]}},"_links":{"self":[{"href":"https:\/\/maqmex.com.br\/en\/wp-json\/wp\/v2\/pages\/3","targetHints":{"allow":["GET"]}}],"collection":[{"href":"https:\/\/maqmex.com.br\/en\/wp-json\/wp\/v2\/pages"}],"about":[{"href":"https:\/\/maqmex.com.br\/en\/wp-json\/wp\/v2\/types\/page"}],"author":[{"embeddable":true,"href":"https:\/\/maqmex.com.br\/en\/wp-json\/wp\/v2\/users\/1"}],"replies":[{"embeddable":true,"href":"https:\/\/maqmex.com.br\/en\/wp-json\/wp\/v2\/comments?post=3"}],"version-history":[{"count":5,"href":"https:\/\/maqmex.com.br\/en\/wp-json\/wp\/v2\/pages\/3\/revisions"}],"predecessor-version":[{"id":6014,"href":"https:\/\/maqmex.com.br\/en\/wp-json\/wp\/v2\/pages\/3\/revisions\/6014"}],"wp:attachment":[{"href":"https:\/\/maqmex.com.br\/en\/wp-json\/wp\/v2\/media?parent=3"}],"curies":[{"name":"wp","href":"https:\/\/api.w.org\/{rel}","templated":true}]}}