{"id":4010,"date":"2024-12-30T09:21:39","date_gmt":"2024-12-30T12:21:39","guid":{"rendered":"https:\/\/teste.minasbrazil.store\/?page_id=4010"},"modified":"2025-02-15T09:39:49","modified_gmt":"2025-02-15T12:39:49","slug":"sobre","status":"publish","type":"page","link":"https:\/\/maqmex.com.br\/en\/sobre\/","title":{"rendered":"Sobre"},"content":{"rendered":"<div data-elementor-type=\"wp-page\" data-elementor-id=\"4010\" class=\"elementor elementor-4010\" data-elementor-post-type=\"page\">\n\t\t\t\t\t\t<section class=\"elementor-section elementor-top-section elementor-element elementor-element-45447cc3 elementor-section-boxed elementor-section-height-default elementor-section-height-default\" data-id=\"45447cc3\" data-element_type=\"section\" data-e-type=\"section\">\n\t\t\t\t\t\t<div class=\"elementor-container elementor-column-gap-default\">\n\t\t\t\t\t<div class=\"elementor-column elementor-col-25 elementor-top-column elementor-element elementor-element-5d24c340 elementor-hidden-mobile\" data-id=\"5d24c340\" data-element_type=\"column\" data-e-type=\"column\">\n\t\t\t<div class=\"elementor-widget-wrap\">\n\t\t\t\t\t\t\t<\/div>\n\t\t<\/div>\n\t\t\t\t<div class=\"elementor-column elementor-col-25 elementor-top-column elementor-element elementor-element-272e9e23\" data-id=\"272e9e23\" data-element_type=\"column\" data-e-type=\"column\">\n\t\t\t<div class=\"elementor-widget-wrap elementor-element-populated\">\n\t\t\t\t\t\t<div class=\"elementor-element elementor-element-21f95802 elementor-widget elementor-widget-image\" data-id=\"21f95802\" data-element_type=\"widget\" data-e-type=\"widget\" data-widget_type=\"image.default\">\n\t\t\t\t<div class=\"elementor-widget-container\">\n\t\t\t\t\t\t\t\t\t\t\t\t\t\t\t<img fetchpriority=\"high\" decoding=\"async\" width=\"595\" height=\"664\" src=\"https:\/\/maqmex.com.br\/wp-content\/uploads\/2025\/02\/Group-380423-595x664.png\" class=\"attachment-large size-large wp-image-5753\" alt=\"\" srcset=\"https:\/\/maqmex.com.br\/wp-content\/uploads\/2025\/02\/Group-380423-595x664.png 595w, https:\/\/maqmex.com.br\/wp-content\/uploads\/2025\/02\/Group-380423-269x300.png 269w, https:\/\/maqmex.com.br\/wp-content\/uploads\/2025\/02\/Group-380423-134x150.png 134w, https:\/\/maqmex.com.br\/wp-content\/uploads\/2025\/02\/Group-380423-768x857.png 768w, https:\/\/maqmex.com.br\/wp-content\/uploads\/2025\/02\/Group-380423-11x12.png 11w, https:\/\/maqmex.com.br\/wp-content\/uploads\/2025\/02\/Group-380423-450x502.png 450w, https:\/\/maqmex.com.br\/wp-content\/uploads\/2025\/02\/Group-380423-350x391.png 350w, https:\/\/maqmex.com.br\/wp-content\/uploads\/2025\/02\/Group-380423.png 1247w\" sizes=\"(max-width: 595px) 100vw, 595px\" \/>\t\t\t\t\t\t\t\t\t\t\t\t\t\t\t<\/div>\n\t\t\t\t<\/div>\n\t\t\t\t\t<\/div>\n\t\t<\/div>\n\t\t\t\t<div class=\"elementor-column elementor-col-25 elementor-top-column elementor-element elementor-element-6532d4cc\" data-id=\"6532d4cc\" data-element_type=\"column\" data-e-type=\"column\">\n\t\t\t<div class=\"elementor-widget-wrap elementor-element-populated\">\n\t\t\t\t\t\t<div class=\"elementor-element elementor-element-53bfb6ed elementor-widget elementor-widget-heading\" data-id=\"53bfb6ed\" data-element_type=\"widget\" data-e-type=\"widget\" data-widget_type=\"heading.default\">\n\t\t\t\t<div class=\"elementor-widget-container\">\n\t\t\t\t\t<h3 class=\"elementor-heading-title elementor-size-default\">Sobre n\u00f3s<\/h3>\t\t\t\t<\/div>\n\t\t\t\t<\/div>\n\t\t\t\t<div class=\"elementor-element elementor-element-973ffd4 elementor-widget elementor-widget-text-editor\" data-id=\"973ffd4\" data-element_type=\"widget\" data-e-type=\"widget\" data-widget_type=\"text-editor.default\">\n\t\t\t\t<div class=\"elementor-widget-container\">\n\t\t\t\t\t\t\t\t\t<p>Nossa loja \u00e9 especializada na venda de pe\u00e7as para m\u00e1quinas industriais, hidr\u00e1ulicas, pneum\u00e1ticas e el\u00e9tricas para injetoras. Oferecemos <strong data-start=\"522\" data-end=\"542\">reposi\u00e7\u00e3o r\u00e1pida<\/strong> para manter suas m\u00e1quinas operando sem interrup\u00e7\u00f5es. Nossa equipe est\u00e1 sempre pronta para fornecer o que voc\u00ea necessita, com a confian\u00e7a de um atendimento especializado.<\/p>\t\t\t\t\t\t\t\t<\/div>\n\t\t\t\t<\/div>\n\t\t\t\t<div class=\"elementor-element elementor-element-45ae935c elementor-widget elementor-widget-text-editor\" data-id=\"45ae935c\" data-element_type=\"widget\" data-e-type=\"widget\" data-widget_type=\"text-editor.default\">\n\t\t\t\t<div class=\"elementor-widget-container\">\n\t\t\t\t\t\t\t\t\t<p><strong data-start=\"764\" data-end=\"774\">Miss\u00e3o<\/strong>: Fornecer <strong data-start=\"785\" data-end=\"807\">pe\u00e7as de qualidade<\/strong> e <strong data-start=\"810\" data-end=\"837\">servi\u00e7os especializados<\/strong>, garantindo a continuidade da produ\u00e7\u00e3o de nossos clientes.<br data-start=\"896\" data-end=\"899\" \/><strong data-start=\"899\" data-end=\"908\"><br \/>Vis\u00e3o<\/strong>: Ser refer\u00eancia nacional em solu\u00e7\u00f5es para manuten\u00e7\u00e3o de m\u00e1quinas injetoras, oferecendo <strong data-start=\"996\" data-end=\"1021\">inova\u00e7\u00e3o e excel\u00eancia<\/strong>.<br data-start=\"1022\" data-end=\"1025\" \/><strong data-start=\"1025\" data-end=\"1036\"><br \/>Valores<\/strong>: Compromisso com o <strong data-start=\"1056\" data-end=\"1065\">prazo<\/strong>, <strong data-start=\"1067\" data-end=\"1080\">qualidade<\/strong>, <strong data-start=\"1082\" data-end=\"1099\">transpar\u00eancia<\/strong> e <strong data-start=\"1102\" data-end=\"1131\">atendimento personalizado<\/strong>.<\/p>\t\t\t\t\t\t\t\t<\/div>\n\t\t\t\t<\/div>\n\t\t\t\t\t<\/div>\n\t\t<\/div>\n\t\t\t\t<div class=\"elementor-column elementor-col-25 elementor-top-column elementor-element elementor-element-776b112f\" data-id=\"776b112f\" data-element_type=\"column\" data-e-type=\"column\">\n\t\t\t<div class=\"elementor-widget-wrap\">\n\t\t\t\t\t\t\t<\/div>\n\t\t<\/div>\n\t\t\t\t\t<\/div>\n\t\t<\/section>\n\t\t<div class=\"elementor-element elementor-element-f062d6c e-flex e-con-boxed e-con e-parent\" data-id=\"f062d6c\" data-element_type=\"container\" data-e-type=\"container\">\n\t\t\t\t\t<div class=\"e-con-inner\">\n\t\t<div class=\"elementor-element elementor-element-24926d0 e-con-full e-flex e-con e-child\" data-id=\"24926d0\" data-element_type=\"container\" data-e-type=\"container\">\n\t\t\t\t<div class=\"elementor-element elementor-element-9edfc3d elementor-widget elementor-widget-heading\" data-id=\"9edfc3d\" data-element_type=\"widget\" data-e-type=\"widget\" data-widget_type=\"heading.default\">\n\t\t\t\t<div class=\"elementor-widget-container\">\n\t\t\t\t\t<h2 class=\"elementor-heading-title elementor-size-default\">Onde Estamos<\/h2>\t\t\t\t<\/div>\n\t\t\t\t<\/div>\n\t\t\t\t<\/div>\n\t\t\t\t\t<\/div>\n\t\t\t\t<\/div>\n\t\t<div class=\"elementor-element elementor-element-2974ae4 e-flex e-con-boxed e-con e-parent\" data-id=\"2974ae4\" data-element_type=\"container\" data-e-type=\"container\">\n\t\t\t\t\t<div class=\"e-con-inner\">\n\t\t<div class=\"elementor-element elementor-element-6d477a7 e-con-full e-flex e-con e-child\" data-id=\"6d477a7\" data-element_type=\"container\" data-e-type=\"container\">\n\t\t\t\t<\/div>\n\t\t<div class=\"elementor-element elementor-element-8466f38 e-con-full e-flex e-con e-child\" data-id=\"8466f38\" data-element_type=\"container\" data-e-type=\"container\">\n\t\t\t\t<div class=\"elementor-element elementor-element-fc99c09 elementor-widget elementor-widget-google_maps\" data-id=\"fc99c09\" data-element_type=\"widget\" data-e-type=\"widget\" data-widget_type=\"google_maps.default\">\n\t\t\t\t<div class=\"elementor-widget-container\">\n\t\t\t\t\t\t\t<div class=\"elementor-custom-embed\">\n\t\t\t<iframe loading=\"lazy\"\n\t\t\t\t\tsrc=\"https:\/\/maps.google.com\/maps?q=AV%20BENJAMIN%2C%201905%20-%20LOJA%201%20PARK%20DONA%20GUMERCINDA%20MARTINS%20-%20NOVA%20SERRANA%20-%20MG%20CEP%3A%2035524-119&#038;t=m&#038;z=16&#038;output=embed&#038;iwloc=near\"\n\t\t\t\t\ttitle=\"AV BENJAMIN, 1905 - LOJA 1 PARK DONA GUMERCINDA MARTINS - NOVA SERRANA - MG CEP: 35524-119\"\n\t\t\t\t\taria-label=\"AV BENJAMIN, 1905 - LOJA 1 PARK DONA GUMERCINDA MARTINS - NOVA SERRANA - MG CEP: 35524-119\"\n\t\t\t><\/iframe>\n\t\t<\/div>\n\t\t\t\t\t\t<\/div>\n\t\t\t\t<\/div>\n\t\t\t\t<\/div>\n\t\t<div class=\"elementor-element elementor-element-2881198 e-con-full e-flex e-con e-child\" data-id=\"2881198\" data-element_type=\"container\" data-e-type=\"container\">\n\t\t\t\t<\/div>\n\t\t\t\t\t<\/div>\n\t\t\t\t<\/div>\n\t\t<div class=\"elementor-element elementor-element-ae2f263 e-flex e-con-boxed e-con e-parent\" data-id=\"ae2f263\" data-element_type=\"container\" data-e-type=\"container\">\n\t\t\t\t\t<div class=\"e-con-inner\">\n\t\t<div class=\"elementor-element elementor-element-0fcc0fd e-con-full e-flex e-con e-child\" data-id=\"0fcc0fd\" data-element_type=\"container\" data-e-type=\"container\">\n\t\t\t\t<div class=\"elementor-element elementor-element-3b198f3 elementor-widget elementor-widget-heading\" data-id=\"3b198f3\" data-element_type=\"widget\" data-e-type=\"widget\" data-widget_type=\"heading.default\">\n\t\t\t\t<div class=\"elementor-widget-container\">\n\t\t\t\t\t<h2 class=\"elementor-heading-title elementor-size-default\">AV BENJAMIN, 1905 - LOJA 1\nPARK DONA GUMERCINDA MARTINS <br> NOVA SERRANA - MG\nCEP: 35524-119<\/h2>\t\t\t\t<\/div>\n\t\t\t\t<\/div>\n\t\t\t\t<\/div>\n\t\t\t\t\t<\/div>\n\t\t\t\t<\/div>\n\t\t<div class=\"elementor-element elementor-element-dd88868 e-flex e-con-boxed e-con e-parent\" data-id=\"dd88868\" data-element_type=\"container\" data-e-type=\"container\">\n\t\t\t\t\t<div class=\"e-con-inner\">\n\t\t\t\t\t<\/div>\n\t\t\t\t<\/div>\n\t\t\t\t<\/div>","protected":false},"excerpt":{"rendered":"<p>Sobre n\u00f3s Nossa loja \u00e9 especializada na venda de pe\u00e7as para m\u00e1quinas industriais, hidr\u00e1ulicas, pneum\u00e1ticas e el\u00e9tricas para injetoras. Oferecemos reposi\u00e7\u00e3o r\u00e1pida para manter suas m\u00e1quinas operando sem interrup\u00e7\u00f5es. Nossa equipe est\u00e1 sempre pronta para fornecer o que voc\u00ea necessita, com a confian\u00e7a de um atendimento especializado. Miss\u00e3o: Fornecer pe\u00e7as de qualidade e servi\u00e7os especializados, [&hellip;]<\/p>\n","protected":false},"author":1,"featured_media":0,"parent":0,"menu_order":0,"comment_status":"closed","ping_status":"closed","template":"","meta":{"footnotes":""},"class_list":["post-4010","page","type-page","status-publish","hentry"],"yoast_head":"<!-- This site is optimized with the Yoast SEO plugin v27.4 - https:\/\/yoast.com\/product\/yoast-seo-wordpress\/ -->\n<title>Sobre - Maqmex<\/title>\n<meta name=\"robots\" content=\"index, follow, max-snippet:-1, max-image-preview:large, max-video-preview:-1\" \/>\n<link rel=\"canonical\" href=\"https:\/\/maqmex.com.br\/en\/sobre\/\" \/>\n<meta property=\"og:locale\" content=\"en_US\" \/>\n<meta property=\"og:type\" content=\"article\" \/>\n<meta property=\"og:title\" content=\"Sobre - Maqmex\" \/>\n<meta property=\"og:description\" content=\"Sobre n\u00f3s Nossa loja \u00e9 especializada na venda de pe\u00e7as para m\u00e1quinas industriais, hidr\u00e1ulicas, pneum\u00e1ticas e el\u00e9tricas para injetoras. Oferecemos reposi\u00e7\u00e3o r\u00e1pida para manter suas m\u00e1quinas operando sem interrup\u00e7\u00f5es. Nossa equipe est\u00e1 sempre pronta para fornecer o que voc\u00ea necessita, com a confian\u00e7a de um atendimento especializado. Miss\u00e3o: Fornecer pe\u00e7as de qualidade e servi\u00e7os especializados, [&hellip;]\" \/>\n<meta property=\"og:url\" content=\"https:\/\/maqmex.com.br\/en\/sobre\/\" \/>\n<meta property=\"og:site_name\" content=\"Maqmex\" \/>\n<meta property=\"article:modified_time\" content=\"2025-02-15T12:39:49+00:00\" \/>\n<meta property=\"og:image\" content=\"https:\/\/maqmex.nogahost.com\/wp-content\/uploads\/2025\/02\/Group-380423-595x664.png\" \/>\n<meta name=\"twitter:card\" content=\"summary_large_image\" \/>\n<meta name=\"twitter:label1\" content=\"Est. reading time\" \/>\n\t<meta name=\"twitter:data1\" content=\"1 minute\" \/>\n<script type=\"application\/ld+json\" class=\"yoast-schema-graph\">{\"@context\":\"https:\\\/\\\/schema.org\",\"@graph\":[{\"@type\":\"WebPage\",\"@id\":\"https:\\\/\\\/maqmex.com.br\\\/sobre\\\/\",\"url\":\"https:\\\/\\\/maqmex.com.br\\\/sobre\\\/\",\"name\":\"Sobre - Maqmex\",\"isPartOf\":{\"@id\":\"https:\\\/\\\/maqmex.com.br\\\/#website\"},\"primaryImageOfPage\":{\"@id\":\"https:\\\/\\\/maqmex.com.br\\\/sobre\\\/#primaryimage\"},\"image\":{\"@id\":\"https:\\\/\\\/maqmex.com.br\\\/sobre\\\/#primaryimage\"},\"thumbnailUrl\":\"https:\\\/\\\/maqmex.nogahost.com\\\/wp-content\\\/uploads\\\/2025\\\/02\\\/Group-380423-595x664.png\",\"datePublished\":\"2024-12-30T12:21:39+00:00\",\"dateModified\":\"2025-02-15T12:39:49+00:00\",\"breadcrumb\":{\"@id\":\"https:\\\/\\\/maqmex.com.br\\\/sobre\\\/#breadcrumb\"},\"inLanguage\":\"en-US\",\"potentialAction\":[{\"@type\":\"ReadAction\",\"target\":[\"https:\\\/\\\/maqmex.com.br\\\/sobre\\\/\"]}]},{\"@type\":\"ImageObject\",\"inLanguage\":\"en-US\",\"@id\":\"https:\\\/\\\/maqmex.com.br\\\/sobre\\\/#primaryimage\",\"url\":\"https:\\\/\\\/maqmex.nogahost.com\\\/wp-content\\\/uploads\\\/2025\\\/02\\\/Group-380423-595x664.png\",\"contentUrl\":\"https:\\\/\\\/maqmex.nogahost.com\\\/wp-content\\\/uploads\\\/2025\\\/02\\\/Group-380423-595x664.png\"},{\"@type\":\"BreadcrumbList\",\"@id\":\"https:\\\/\\\/maqmex.com.br\\\/sobre\\\/#breadcrumb\",\"itemListElement\":[{\"@type\":\"ListItem\",\"position\":1,\"name\":\"In\u00edcio\",\"item\":\"https:\\\/\\\/maqmex.com.br\\\/\"},{\"@type\":\"ListItem\",\"position\":2,\"name\":\"Sobre\"}]},{\"@type\":\"WebSite\",\"@id\":\"https:\\\/\\\/maqmex.com.br\\\/#website\",\"url\":\"https:\\\/\\\/maqmex.com.br\\\/\",\"name\":\"Maqmex\",\"description\":\"Maqmex\",\"potentialAction\":[{\"@type\":\"SearchAction\",\"target\":{\"@type\":\"EntryPoint\",\"urlTemplate\":\"https:\\\/\\\/maqmex.com.br\\\/?s={search_term_string}\"},\"query-input\":{\"@type\":\"PropertyValueSpecification\",\"valueRequired\":true,\"valueName\":\"search_term_string\"}}],\"inLanguage\":\"en-US\"}]}<\/script>\n<!-- \/ Yoast SEO plugin. -->","yoast_head_json":{"title":"Sobre - Maqmex","robots":{"index":"index","follow":"follow","max-snippet":"max-snippet:-1","max-image-preview":"max-image-preview:large","max-video-preview":"max-video-preview:-1"},"canonical":"https:\/\/maqmex.com.br\/en\/sobre\/","og_locale":"en_US","og_type":"article","og_title":"Sobre - Maqmex","og_description":"Sobre n\u00f3s Nossa loja \u00e9 especializada na venda de pe\u00e7as para m\u00e1quinas industriais, hidr\u00e1ulicas, pneum\u00e1ticas e el\u00e9tricas para injetoras. Oferecemos reposi\u00e7\u00e3o r\u00e1pida para manter suas m\u00e1quinas operando sem interrup\u00e7\u00f5es. Nossa equipe est\u00e1 sempre pronta para fornecer o que voc\u00ea necessita, com a confian\u00e7a de um atendimento especializado. Miss\u00e3o: Fornecer pe\u00e7as de qualidade e servi\u00e7os especializados, [&hellip;]","og_url":"https:\/\/maqmex.com.br\/en\/sobre\/","og_site_name":"Maqmex","article_modified_time":"2025-02-15T12:39:49+00:00","og_image":[{"url":"https:\/\/maqmex.nogahost.com\/wp-content\/uploads\/2025\/02\/Group-380423-595x664.png","type":"","width":"","height":""}],"twitter_card":"summary_large_image","twitter_misc":{"Est. reading time":"1 minute"},"schema":{"@context":"https:\/\/schema.org","@graph":[{"@type":"WebPage","@id":"https:\/\/maqmex.com.br\/sobre\/","url":"https:\/\/maqmex.com.br\/sobre\/","name":"Sobre - Maqmex","isPartOf":{"@id":"https:\/\/maqmex.com.br\/#website"},"primaryImageOfPage":{"@id":"https:\/\/maqmex.com.br\/sobre\/#primaryimage"},"image":{"@id":"https:\/\/maqmex.com.br\/sobre\/#primaryimage"},"thumbnailUrl":"https:\/\/maqmex.nogahost.com\/wp-content\/uploads\/2025\/02\/Group-380423-595x664.png","datePublished":"2024-12-30T12:21:39+00:00","dateModified":"2025-02-15T12:39:49+00:00","breadcrumb":{"@id":"https:\/\/maqmex.com.br\/sobre\/#breadcrumb"},"inLanguage":"en-US","potentialAction":[{"@type":"ReadAction","target":["https:\/\/maqmex.com.br\/sobre\/"]}]},{"@type":"ImageObject","inLanguage":"en-US","@id":"https:\/\/maqmex.com.br\/sobre\/#primaryimage","url":"https:\/\/maqmex.nogahost.com\/wp-content\/uploads\/2025\/02\/Group-380423-595x664.png","contentUrl":"https:\/\/maqmex.nogahost.com\/wp-content\/uploads\/2025\/02\/Group-380423-595x664.png"},{"@type":"BreadcrumbList","@id":"https:\/\/maqmex.com.br\/sobre\/#breadcrumb","itemListElement":[{"@type":"ListItem","position":1,"name":"In\u00edcio","item":"https:\/\/maqmex.com.br\/"},{"@type":"ListItem","position":2,"name":"Sobre"}]},{"@type":"WebSite","@id":"https:\/\/maqmex.com.br\/#website","url":"https:\/\/maqmex.com.br\/","name":"Maqmex","description":"Maqmex","potentialAction":[{"@type":"SearchAction","target":{"@type":"EntryPoint","urlTemplate":"https:\/\/maqmex.com.br\/?s={search_term_string}"},"query-input":{"@type":"PropertyValueSpecification","valueRequired":true,"valueName":"search_term_string"}}],"inLanguage":"en-US"}]}},"_links":{"self":[{"href":"https:\/\/maqmex.com.br\/en\/wp-json\/wp\/v2\/pages\/4010","targetHints":{"allow":["GET"]}}],"collection":[{"href":"https:\/\/maqmex.com.br\/en\/wp-json\/wp\/v2\/pages"}],"about":[{"href":"https:\/\/maqmex.com.br\/en\/wp-json\/wp\/v2\/types\/page"}],"author":[{"embeddable":true,"href":"https:\/\/maqmex.com.br\/en\/wp-json\/wp\/v2\/users\/1"}],"replies":[{"embeddable":true,"href":"https:\/\/maqmex.com.br\/en\/wp-json\/wp\/v2\/comments?post=4010"}],"version-history":[{"count":34,"href":"https:\/\/maqmex.com.br\/en\/wp-json\/wp\/v2\/pages\/4010\/revisions"}],"predecessor-version":[{"id":5926,"href":"https:\/\/maqmex.com.br\/en\/wp-json\/wp\/v2\/pages\/4010\/revisions\/5926"}],"wp:attachment":[{"href":"https:\/\/maqmex.com.br\/en\/wp-json\/wp\/v2\/media?parent=4010"}],"curies":[{"name":"wp","href":"https:\/\/api.w.org\/{rel}","templated":true}]}}