{"id":5263,"date":"2025-02-11T15:06:43","date_gmt":"2025-02-11T18:06:43","guid":{"rendered":"https:\/\/maqmex.nogahost.com\/?post_type=product&#038;p=5263"},"modified":"2025-04-08T08:47:43","modified_gmt":"2025-04-08T11:47:43","slug":"bloco-manifold-hidraulico-para-1-valvula-tn25","status":"publish","type":"product","link":"https:\/\/maqmex.com.br\/en\/product\/bloco-manifold-hidraulico-para-1-valvula-tn25\/","title":{"rendered":"Bloco Manifold Hidr\u00e1ulico Para 1 V\u00e1lvula Tn25"},"content":{"rendered":"<p>Marca: RX M\u00e1quinas<br \/>\nModelo: RXTN25<br \/>\nMaterial: A\u00e7o<\/p>","protected":false},"excerpt":{"rendered":"<p>Bloco manifold RXTN25<\/p>","protected":false},"featured_media":5710,"comment_status":"open","ping_status":"closed","template":"","meta":[],"product_brand":[],"product_cat":[473,474],"product_tag":[475,479,477],"class_list":{"0":"post-5263","1":"product","2":"type-product","3":"status-publish","4":"has-post-thumbnail","6":"product_cat-hidraulica","7":"product_cat-pecas-hidraulica","8":"product_tag-bloco","9":"product_tag-tn25","10":"product_tag-valvula","11":"product_shipping_class-normal","13":"first","14":"outofstock","15":"shipping-taxable","16":"purchasable","17":"product-type-simple"},"yoast_head":"<!-- This site is optimized with the Yoast SEO plugin v27.4 - https:\/\/yoast.com\/product\/yoast-seo-wordpress\/ -->\n<title>Bloco Manifold Hidr\u00e1ulico Para 1 V\u00e1lvula Tn25 - Maqmex<\/title>\n<meta name=\"robots\" content=\"index, follow, max-snippet:-1, max-image-preview:large, max-video-preview:-1\" \/>\n<link rel=\"canonical\" href=\"https:\/\/maqmex.com.br\/en\/product\/bloco-manifold-hidraulico-para-1-valvula-tn25\/\" \/>\n<meta property=\"og:locale\" content=\"en_US\" \/>\n<meta property=\"og:type\" content=\"article\" \/>\n<meta property=\"og:title\" content=\"Bloco Manifold Hidr\u00e1ulico Para 1 V\u00e1lvula Tn25 - Maqmex\" \/>\n<meta property=\"og:description\" content=\"Bloco manifold RXTN25\" \/>\n<meta property=\"og:url\" content=\"https:\/\/maqmex.com.br\/en\/product\/bloco-manifold-hidraulico-para-1-valvula-tn25\/\" \/>\n<meta property=\"og:site_name\" content=\"Maqmex\" \/>\n<meta property=\"article:modified_time\" content=\"2025-04-08T11:47:43+00:00\" \/>\n<meta property=\"og:image\" content=\"https:\/\/maqmex.com.br\/wp-content\/uploads\/2025\/02\/Bloco-Manifold-Hidraulico-Para-1-Valvula-Tn25.png\" \/>\n\t<meta property=\"og:image:width\" content=\"375\" \/>\n\t<meta property=\"og:image:height\" content=\"324\" \/>\n\t<meta property=\"og:image:type\" content=\"image\/png\" \/>\n<meta name=\"twitter:card\" content=\"summary_large_image\" \/>\n<script type=\"application\/ld+json\" class=\"yoast-schema-graph\">{\"@context\":\"https:\\\/\\\/schema.org\",\"@graph\":[{\"@type\":\"WebPage\",\"@id\":\"https:\\\/\\\/maqmex.com.br\\\/produto\\\/bloco-manifold-hidraulico-para-1-valvula-tn25\\\/\",\"url\":\"https:\\\/\\\/maqmex.com.br\\\/produto\\\/bloco-manifold-hidraulico-para-1-valvula-tn25\\\/\",\"name\":\"Bloco Manifold Hidr\u00e1ulico Para 1 V\u00e1lvula Tn25 - Maqmex\",\"isPartOf\":{\"@id\":\"https:\\\/\\\/maqmex.com.br\\\/#website\"},\"primaryImageOfPage\":{\"@id\":\"https:\\\/\\\/maqmex.com.br\\\/produto\\\/bloco-manifold-hidraulico-para-1-valvula-tn25\\\/#primaryimage\"},\"image\":{\"@id\":\"https:\\\/\\\/maqmex.com.br\\\/produto\\\/bloco-manifold-hidraulico-para-1-valvula-tn25\\\/#primaryimage\"},\"thumbnailUrl\":\"https:\\\/\\\/maqmex.com.br\\\/wp-content\\\/uploads\\\/2025\\\/02\\\/Bloco-Manifold-Hidraulico-Para-1-Valvula-Tn25.png\",\"datePublished\":\"2025-02-11T18:06:43+00:00\",\"dateModified\":\"2025-04-08T11:47:43+00:00\",\"breadcrumb\":{\"@id\":\"https:\\\/\\\/maqmex.com.br\\\/produto\\\/bloco-manifold-hidraulico-para-1-valvula-tn25\\\/#breadcrumb\"},\"inLanguage\":\"en-US\",\"potentialAction\":[{\"@type\":\"ReadAction\",\"target\":[\"https:\\\/\\\/maqmex.com.br\\\/produto\\\/bloco-manifold-hidraulico-para-1-valvula-tn25\\\/\"]}]},{\"@type\":\"ImageObject\",\"inLanguage\":\"en-US\",\"@id\":\"https:\\\/\\\/maqmex.com.br\\\/produto\\\/bloco-manifold-hidraulico-para-1-valvula-tn25\\\/#primaryimage\",\"url\":\"https:\\\/\\\/maqmex.com.br\\\/wp-content\\\/uploads\\\/2025\\\/02\\\/Bloco-Manifold-Hidraulico-Para-1-Valvula-Tn25.png\",\"contentUrl\":\"https:\\\/\\\/maqmex.com.br\\\/wp-content\\\/uploads\\\/2025\\\/02\\\/Bloco-Manifold-Hidraulico-Para-1-Valvula-Tn25.png\",\"width\":375,\"height\":324},{\"@type\":\"BreadcrumbList\",\"@id\":\"https:\\\/\\\/maqmex.com.br\\\/produto\\\/bloco-manifold-hidraulico-para-1-valvula-tn25\\\/#breadcrumb\",\"itemListElement\":[{\"@type\":\"ListItem\",\"position\":1,\"name\":\"In\u00edcio\",\"item\":\"https:\\\/\\\/maqmex.com.br\\\/\"},{\"@type\":\"ListItem\",\"position\":2,\"name\":\"Shop\",\"item\":\"https:\\\/\\\/maqmex.com.br\\\/shop\\\/\"},{\"@type\":\"ListItem\",\"position\":3,\"name\":\"Bloco Manifold Hidr\u00e1ulico Para 1 V\u00e1lvula Tn25\"}]},{\"@type\":\"WebSite\",\"@id\":\"https:\\\/\\\/maqmex.com.br\\\/#website\",\"url\":\"https:\\\/\\\/maqmex.com.br\\\/\",\"name\":\"Maqmex\",\"description\":\"Maqmex\",\"potentialAction\":[{\"@type\":\"SearchAction\",\"target\":{\"@type\":\"EntryPoint\",\"urlTemplate\":\"https:\\\/\\\/maqmex.com.br\\\/?s={search_term_string}\"},\"query-input\":{\"@type\":\"PropertyValueSpecification\",\"valueRequired\":true,\"valueName\":\"search_term_string\"}}],\"inLanguage\":\"en-US\"}]}<\/script>\n<!-- \/ Yoast SEO plugin. -->","yoast_head_json":{"title":"Bloco Manifold Hidr\u00e1ulico Para 1 V\u00e1lvula Tn25 - Maqmex","robots":{"index":"index","follow":"follow","max-snippet":"max-snippet:-1","max-image-preview":"max-image-preview:large","max-video-preview":"max-video-preview:-1"},"canonical":"https:\/\/maqmex.com.br\/en\/product\/bloco-manifold-hidraulico-para-1-valvula-tn25\/","og_locale":"en_US","og_type":"article","og_title":"Bloco Manifold Hidr\u00e1ulico Para 1 V\u00e1lvula Tn25 - Maqmex","og_description":"Bloco manifold RXTN25","og_url":"https:\/\/maqmex.com.br\/en\/product\/bloco-manifold-hidraulico-para-1-valvula-tn25\/","og_site_name":"Maqmex","article_modified_time":"2025-04-08T11:47:43+00:00","og_image":[{"width":375,"height":324,"url":"https:\/\/maqmex.com.br\/wp-content\/uploads\/2025\/02\/Bloco-Manifold-Hidraulico-Para-1-Valvula-Tn25.png","type":"image\/png"}],"twitter_card":"summary_large_image","schema":{"@context":"https:\/\/schema.org","@graph":[{"@type":"WebPage","@id":"https:\/\/maqmex.com.br\/produto\/bloco-manifold-hidraulico-para-1-valvula-tn25\/","url":"https:\/\/maqmex.com.br\/produto\/bloco-manifold-hidraulico-para-1-valvula-tn25\/","name":"Bloco Manifold Hidr\u00e1ulico Para 1 V\u00e1lvula Tn25 - Maqmex","isPartOf":{"@id":"https:\/\/maqmex.com.br\/#website"},"primaryImageOfPage":{"@id":"https:\/\/maqmex.com.br\/produto\/bloco-manifold-hidraulico-para-1-valvula-tn25\/#primaryimage"},"image":{"@id":"https:\/\/maqmex.com.br\/produto\/bloco-manifold-hidraulico-para-1-valvula-tn25\/#primaryimage"},"thumbnailUrl":"https:\/\/maqmex.com.br\/wp-content\/uploads\/2025\/02\/Bloco-Manifold-Hidraulico-Para-1-Valvula-Tn25.png","datePublished":"2025-02-11T18:06:43+00:00","dateModified":"2025-04-08T11:47:43+00:00","breadcrumb":{"@id":"https:\/\/maqmex.com.br\/produto\/bloco-manifold-hidraulico-para-1-valvula-tn25\/#breadcrumb"},"inLanguage":"en-US","potentialAction":[{"@type":"ReadAction","target":["https:\/\/maqmex.com.br\/produto\/bloco-manifold-hidraulico-para-1-valvula-tn25\/"]}]},{"@type":"ImageObject","inLanguage":"en-US","@id":"https:\/\/maqmex.com.br\/produto\/bloco-manifold-hidraulico-para-1-valvula-tn25\/#primaryimage","url":"https:\/\/maqmex.com.br\/wp-content\/uploads\/2025\/02\/Bloco-Manifold-Hidraulico-Para-1-Valvula-Tn25.png","contentUrl":"https:\/\/maqmex.com.br\/wp-content\/uploads\/2025\/02\/Bloco-Manifold-Hidraulico-Para-1-Valvula-Tn25.png","width":375,"height":324},{"@type":"BreadcrumbList","@id":"https:\/\/maqmex.com.br\/produto\/bloco-manifold-hidraulico-para-1-valvula-tn25\/#breadcrumb","itemListElement":[{"@type":"ListItem","position":1,"name":"In\u00edcio","item":"https:\/\/maqmex.com.br\/"},{"@type":"ListItem","position":2,"name":"Shop","item":"https:\/\/maqmex.com.br\/shop\/"},{"@type":"ListItem","position":3,"name":"Bloco Manifold Hidr\u00e1ulico Para 1 V\u00e1lvula Tn25"}]},{"@type":"WebSite","@id":"https:\/\/maqmex.com.br\/#website","url":"https:\/\/maqmex.com.br\/","name":"Maqmex","description":"Maqmex","potentialAction":[{"@type":"SearchAction","target":{"@type":"EntryPoint","urlTemplate":"https:\/\/maqmex.com.br\/?s={search_term_string}"},"query-input":{"@type":"PropertyValueSpecification","valueRequired":true,"valueName":"search_term_string"}}],"inLanguage":"en-US"}]}},"_links":{"self":[{"href":"https:\/\/maqmex.com.br\/en\/wp-json\/wp\/v2\/product\/5263","targetHints":{"allow":["GET"]}}],"collection":[{"href":"https:\/\/maqmex.com.br\/en\/wp-json\/wp\/v2\/product"}],"about":[{"href":"https:\/\/maqmex.com.br\/en\/wp-json\/wp\/v2\/types\/product"}],"replies":[{"embeddable":true,"href":"https:\/\/maqmex.com.br\/en\/wp-json\/wp\/v2\/comments?post=5263"}],"version-history":[{"count":0,"href":"https:\/\/maqmex.com.br\/en\/wp-json\/wp\/v2\/product\/5263\/revisions"}],"wp:featuredmedia":[{"embeddable":true,"href":"https:\/\/maqmex.com.br\/en\/wp-json\/wp\/v2\/media\/5710"}],"wp:attachment":[{"href":"https:\/\/maqmex.com.br\/en\/wp-json\/wp\/v2\/media?parent=5263"}],"wp:term":[{"taxonomy":"product_brand","embeddable":true,"href":"https:\/\/maqmex.com.br\/en\/wp-json\/wp\/v2\/product_brand?post=5263"},{"taxonomy":"product_cat","embeddable":true,"href":"https:\/\/maqmex.com.br\/en\/wp-json\/wp\/v2\/product_cat?post=5263"},{"taxonomy":"product_tag","embeddable":true,"href":"https:\/\/maqmex.com.br\/en\/wp-json\/wp\/v2\/product_tag?post=5263"}],"curies":[{"name":"wp","href":"https:\/\/api.w.org\/{rel}","templated":true}]}}