{"id":5346,"date":"2025-02-11T15:07:43","date_gmt":"2025-02-11T18:07:43","guid":{"rendered":"https:\/\/maqmex.nogahost.com\/?post_type=product&#038;p=5346"},"modified":"2025-04-08T08:43:08","modified_gmt":"2025-04-08T11:43:08","slug":"cilindro-pistao-pneumatico-compacto-100-x-20-rosca-femea","status":"publish","type":"product","link":"https:\/\/maqmex.com.br\/en\/product\/cilindro-pistao-pneumatico-compacto-100-x-20-rosca-femea\/","title":{"rendered":"Cilindro Pist\u00e3o Pneum\u00e1tico Compacto 100 X 20 Rosca F\u00eamea"},"content":{"rendered":"<p>Liga de alum\u00ednio Padr\u00e3o S\u00e9rie SDA Dupla A\u00e7\u00e3o Compacta. As formas de a\u00e7\u00e3o incluem tipo push-out de a\u00e7\u00e3o \u00fanica, tipo lead-in de a\u00e7\u00e3o \u00fanica, tipo de a\u00e7\u00e3o composta de eixo duplo, tipo de curso ajust\u00e1vel de a\u00e7\u00e3o composta de eixo duplo. A forma do dente da extremidade da haste \u00e9 convencional dente interno, externo e desdentado. O tipo tamp\u00e3o \u00e9 a junta anticolis\u00e3o, que pode efetivamente reduzir o impacto na tampa da extremidade. Cilindro de ar pneum\u00e1tico de dupla a\u00e7\u00e3o compacto S\u00e9rie SDA tem estrutura compacta, que pode efetivamente economizar espa\u00e7o de instala\u00e7\u00e3o. O cilindro com ranhura do interruptor de indu\u00e7\u00e3o magn\u00e9tica \u00e9 conveniente para instala\u00e7\u00e3o de interruptor de indu\u00e7\u00e3o. Ap\u00f3s o processamento, o di\u00e2metro interno do cilindro tem maior resist\u00eancia ao desgaste e durabilidade, o que pode ser aplicado aos requisitos de uso de alta frequ\u00eancia. Fino e leve: o comprimento total do cilindro \u00e9 apenas 1 \/ 2-1 \/ 3 do cilindro geral, sob a condi\u00e7\u00e3o de manter a precis\u00e3o de opera\u00e7\u00e3o e a vida \u00fatil do produto existentes. Jogue as caracter\u00edsticas de ser magro e leve; f\u00e1cil de instalar: use o m\u00e9todo de instala\u00e7\u00e3o embutido, sem quaisquer acess\u00f3rios para atingir os requisitos de economia de espa\u00e7o; f\u00e1cil de manter: use o m\u00e9todo de montagem simples para o projeto, conveniente para montagem, desmontagem e manuten\u00e7\u00e3o; simplicidade do controle magn\u00e9tico: reserve a fenda de montagem ao redor do corpo, de forma que a chave magn\u00e9tica seja extremamente simples na instala\u00e7\u00e3o, fixa\u00e7\u00e3o e ajuste de posi\u00e7\u00e3o; alta precis\u00e3o e nenhum impacto Som: a extens\u00e3o interna da tampa frontal \u00e9 usada para aumentar a precis\u00e3o de orienta\u00e7\u00e3o, e o amortecedor de borracha \u00e9 colocado na parte dianteira e traseira para eliminar o som do pist\u00e3o colidindo com as tampas dianteira e traseira.<\/p>\n<p>ESPECIFICA\u00c7\u00d5ES T\u00c9CNICAS:<\/p>\n<p>Cilindro feito com material liga de alumino, possui alta qualidade em seu desempenho al\u00e9m de ser resistente a corros\u00e3o, duro e leve deixando com uma vida \u00fatil longa e dur\u00e1vel.<\/p>\n<p>Modo de Atua\u00e7\u00e3o: Dupla A\u00e7\u00e3o<br \/>\nDi\u00e2metro Interno da Camisa: 100 mm<br \/>\nDi\u00e2metro da haste: 25 mm<br \/>\nCurso: 20 mm<br \/>\nFluido: Ar Comprimido e Lubrificado<br \/>\nPress\u00e3o de Trabalho: 0.1~0.9Mpa (1~9Kgf\/cm\u00b2)<br \/>\nPress\u00e3o M\u00e1xima de Trabalho: 1.35Mpa(13.5Kgf\/cm\u00b2)<br \/>\nTemperatura de Trabalho: -5~70\u00b0C<br \/>\nModo Buffer: Com<br \/>\nDi\u00e2metro da Rosca F\u00eamea: 3\/8&#8243;<br \/>\nMaterial : Liga de Alum\u00ednio<\/p>","protected":false},"excerpt":{"rendered":"<div id=\"technical_specifications\" class=\"ui-pdp-container__row ui-pdp-container__row--technical-specifications\">\n<div class=\"ui-pdp-specs\">\n<div class=\"ui-pdp-specs__table\">\n<table class=\"andes-table\">\n<tbody class=\"andes-table__body\">\n<tr class=\"andes-table__row\">\n<th class=\"andes-table__header andes-table__header--left ui-pdp-specs__table__column ui-pdp-specs__table__column-title\">Marca<\/th>\n<td class=\"andes-table__column andes-table__column--left ui-pdp-specs__table__column\"><span class=\"andes-table__column--value\">SNS<\/span><\/td>\n<\/tr>\n<tr class=\"andes-table__row\">\n<th class=\"andes-table__header andes-table__header--left ui-pdp-specs__table__column ui-pdp-specs__table__column-title\">Modelo<\/th>\n<td class=\"andes-table__column andes-table__column--left ui-pdp-specs__table__column\"><span class=\"andes-table__column--value\">SDA 100X20<\/span><\/td>\n<\/tr>\n<\/tbody>\n<\/table>\n<\/div>\n<\/div>\n<\/div>","protected":false},"featured_media":5472,"comment_status":"open","ping_status":"closed","template":"","meta":[],"product_brand":[],"product_cat":[506,505],"product_tag":[507,504,508],"class_list":{"0":"post-5346","1":"product","2":"type-product","3":"status-publish","4":"has-post-thumbnail","6":"product_cat-pecas-pneumatica","7":"product_cat-pneumatica","8":"product_tag-cilindro","9":"product_tag-maqmex","10":"product_tag-pneumatico","11":"product_shipping_class-normal","13":"first","14":"outofstock","15":"shipping-taxable","16":"purchasable","17":"product-type-simple"},"yoast_head":"<!-- This site is optimized with the Yoast SEO plugin v27.4 - https:\/\/yoast.com\/product\/yoast-seo-wordpress\/ -->\n<title>Cilindro Pist\u00e3o Pneum\u00e1tico Compacto 100 X 20 Rosca F\u00eamea - Maqmex<\/title>\n<meta name=\"robots\" content=\"index, follow, max-snippet:-1, max-image-preview:large, max-video-preview:-1\" \/>\n<link rel=\"canonical\" href=\"https:\/\/maqmex.com.br\/en\/product\/cilindro-pistao-pneumatico-compacto-100-x-20-rosca-femea\/\" \/>\n<meta property=\"og:locale\" content=\"en_US\" \/>\n<meta property=\"og:type\" content=\"article\" \/>\n<meta property=\"og:title\" content=\"Cilindro Pist\u00e3o Pneum\u00e1tico Compacto 100 X 20 Rosca F\u00eamea - Maqmex\" \/>\n<meta property=\"og:description\" content=\"Marca SNS   Modelo SDA 100X20\" \/>\n<meta property=\"og:url\" content=\"https:\/\/maqmex.com.br\/en\/product\/cilindro-pistao-pneumatico-compacto-100-x-20-rosca-femea\/\" \/>\n<meta property=\"og:site_name\" content=\"Maqmex\" \/>\n<meta property=\"article:modified_time\" content=\"2025-04-08T11:43:08+00:00\" \/>\n<meta property=\"og:image\" content=\"https:\/\/maqmex.com.br\/wp-content\/uploads\/2025\/02\/CILINDRO03-removebg-preview-1.png\" \/>\n\t<meta property=\"og:image:width\" content=\"530\" \/>\n\t<meta property=\"og:image:height\" content=\"471\" \/>\n\t<meta property=\"og:image:type\" content=\"image\/png\" \/>\n<meta name=\"twitter:card\" content=\"summary_large_image\" \/>\n<meta name=\"twitter:label1\" content=\"Est. reading time\" \/>\n\t<meta name=\"twitter:data1\" content=\"2 minutes\" \/>\n<script type=\"application\/ld+json\" class=\"yoast-schema-graph\">{\"@context\":\"https:\\\/\\\/schema.org\",\"@graph\":[{\"@type\":\"WebPage\",\"@id\":\"https:\\\/\\\/maqmex.com.br\\\/produto\\\/cilindro-pistao-pneumatico-compacto-100-x-20-rosca-femea\\\/\",\"url\":\"https:\\\/\\\/maqmex.com.br\\\/produto\\\/cilindro-pistao-pneumatico-compacto-100-x-20-rosca-femea\\\/\",\"name\":\"Cilindro Pist\u00e3o Pneum\u00e1tico Compacto 100 X 20 Rosca F\u00eamea - Maqmex\",\"isPartOf\":{\"@id\":\"https:\\\/\\\/maqmex.com.br\\\/#website\"},\"primaryImageOfPage\":{\"@id\":\"https:\\\/\\\/maqmex.com.br\\\/produto\\\/cilindro-pistao-pneumatico-compacto-100-x-20-rosca-femea\\\/#primaryimage\"},\"image\":{\"@id\":\"https:\\\/\\\/maqmex.com.br\\\/produto\\\/cilindro-pistao-pneumatico-compacto-100-x-20-rosca-femea\\\/#primaryimage\"},\"thumbnailUrl\":\"https:\\\/\\\/maqmex.com.br\\\/wp-content\\\/uploads\\\/2025\\\/02\\\/CILINDRO03-removebg-preview-1.png\",\"datePublished\":\"2025-02-11T18:07:43+00:00\",\"dateModified\":\"2025-04-08T11:43:08+00:00\",\"breadcrumb\":{\"@id\":\"https:\\\/\\\/maqmex.com.br\\\/produto\\\/cilindro-pistao-pneumatico-compacto-100-x-20-rosca-femea\\\/#breadcrumb\"},\"inLanguage\":\"en-US\",\"potentialAction\":[{\"@type\":\"ReadAction\",\"target\":[\"https:\\\/\\\/maqmex.com.br\\\/produto\\\/cilindro-pistao-pneumatico-compacto-100-x-20-rosca-femea\\\/\"]}]},{\"@type\":\"ImageObject\",\"inLanguage\":\"en-US\",\"@id\":\"https:\\\/\\\/maqmex.com.br\\\/produto\\\/cilindro-pistao-pneumatico-compacto-100-x-20-rosca-femea\\\/#primaryimage\",\"url\":\"https:\\\/\\\/maqmex.com.br\\\/wp-content\\\/uploads\\\/2025\\\/02\\\/CILINDRO03-removebg-preview-1.png\",\"contentUrl\":\"https:\\\/\\\/maqmex.com.br\\\/wp-content\\\/uploads\\\/2025\\\/02\\\/CILINDRO03-removebg-preview-1.png\",\"width\":530,\"height\":471},{\"@type\":\"BreadcrumbList\",\"@id\":\"https:\\\/\\\/maqmex.com.br\\\/produto\\\/cilindro-pistao-pneumatico-compacto-100-x-20-rosca-femea\\\/#breadcrumb\",\"itemListElement\":[{\"@type\":\"ListItem\",\"position\":1,\"name\":\"In\u00edcio\",\"item\":\"https:\\\/\\\/maqmex.com.br\\\/\"},{\"@type\":\"ListItem\",\"position\":2,\"name\":\"Shop\",\"item\":\"https:\\\/\\\/maqmex.com.br\\\/shop\\\/\"},{\"@type\":\"ListItem\",\"position\":3,\"name\":\"Cilindro Pist\u00e3o Pneum\u00e1tico Compacto 100 X 20 Rosca F\u00eamea\"}]},{\"@type\":\"WebSite\",\"@id\":\"https:\\\/\\\/maqmex.com.br\\\/#website\",\"url\":\"https:\\\/\\\/maqmex.com.br\\\/\",\"name\":\"Maqmex\",\"description\":\"Maqmex\",\"potentialAction\":[{\"@type\":\"SearchAction\",\"target\":{\"@type\":\"EntryPoint\",\"urlTemplate\":\"https:\\\/\\\/maqmex.com.br\\\/?s={search_term_string}\"},\"query-input\":{\"@type\":\"PropertyValueSpecification\",\"valueRequired\":true,\"valueName\":\"search_term_string\"}}],\"inLanguage\":\"en-US\"}]}<\/script>\n<!-- \/ Yoast SEO plugin. -->","yoast_head_json":{"title":"Cilindro Pist\u00e3o Pneum\u00e1tico Compacto 100 X 20 Rosca F\u00eamea - Maqmex","robots":{"index":"index","follow":"follow","max-snippet":"max-snippet:-1","max-image-preview":"max-image-preview:large","max-video-preview":"max-video-preview:-1"},"canonical":"https:\/\/maqmex.com.br\/en\/product\/cilindro-pistao-pneumatico-compacto-100-x-20-rosca-femea\/","og_locale":"en_US","og_type":"article","og_title":"Cilindro Pist\u00e3o Pneum\u00e1tico Compacto 100 X 20 Rosca F\u00eamea - Maqmex","og_description":"Marca SNS   Modelo SDA 100X20","og_url":"https:\/\/maqmex.com.br\/en\/product\/cilindro-pistao-pneumatico-compacto-100-x-20-rosca-femea\/","og_site_name":"Maqmex","article_modified_time":"2025-04-08T11:43:08+00:00","og_image":[{"width":530,"height":471,"url":"https:\/\/maqmex.com.br\/wp-content\/uploads\/2025\/02\/CILINDRO03-removebg-preview-1.png","type":"image\/png"}],"twitter_card":"summary_large_image","twitter_misc":{"Est. reading time":"2 minutes"},"schema":{"@context":"https:\/\/schema.org","@graph":[{"@type":"WebPage","@id":"https:\/\/maqmex.com.br\/produto\/cilindro-pistao-pneumatico-compacto-100-x-20-rosca-femea\/","url":"https:\/\/maqmex.com.br\/produto\/cilindro-pistao-pneumatico-compacto-100-x-20-rosca-femea\/","name":"Cilindro Pist\u00e3o Pneum\u00e1tico Compacto 100 X 20 Rosca F\u00eamea - Maqmex","isPartOf":{"@id":"https:\/\/maqmex.com.br\/#website"},"primaryImageOfPage":{"@id":"https:\/\/maqmex.com.br\/produto\/cilindro-pistao-pneumatico-compacto-100-x-20-rosca-femea\/#primaryimage"},"image":{"@id":"https:\/\/maqmex.com.br\/produto\/cilindro-pistao-pneumatico-compacto-100-x-20-rosca-femea\/#primaryimage"},"thumbnailUrl":"https:\/\/maqmex.com.br\/wp-content\/uploads\/2025\/02\/CILINDRO03-removebg-preview-1.png","datePublished":"2025-02-11T18:07:43+00:00","dateModified":"2025-04-08T11:43:08+00:00","breadcrumb":{"@id":"https:\/\/maqmex.com.br\/produto\/cilindro-pistao-pneumatico-compacto-100-x-20-rosca-femea\/#breadcrumb"},"inLanguage":"en-US","potentialAction":[{"@type":"ReadAction","target":["https:\/\/maqmex.com.br\/produto\/cilindro-pistao-pneumatico-compacto-100-x-20-rosca-femea\/"]}]},{"@type":"ImageObject","inLanguage":"en-US","@id":"https:\/\/maqmex.com.br\/produto\/cilindro-pistao-pneumatico-compacto-100-x-20-rosca-femea\/#primaryimage","url":"https:\/\/maqmex.com.br\/wp-content\/uploads\/2025\/02\/CILINDRO03-removebg-preview-1.png","contentUrl":"https:\/\/maqmex.com.br\/wp-content\/uploads\/2025\/02\/CILINDRO03-removebg-preview-1.png","width":530,"height":471},{"@type":"BreadcrumbList","@id":"https:\/\/maqmex.com.br\/produto\/cilindro-pistao-pneumatico-compacto-100-x-20-rosca-femea\/#breadcrumb","itemListElement":[{"@type":"ListItem","position":1,"name":"In\u00edcio","item":"https:\/\/maqmex.com.br\/"},{"@type":"ListItem","position":2,"name":"Shop","item":"https:\/\/maqmex.com.br\/shop\/"},{"@type":"ListItem","position":3,"name":"Cilindro Pist\u00e3o Pneum\u00e1tico Compacto 100 X 20 Rosca F\u00eamea"}]},{"@type":"WebSite","@id":"https:\/\/maqmex.com.br\/#website","url":"https:\/\/maqmex.com.br\/","name":"Maqmex","description":"Maqmex","potentialAction":[{"@type":"SearchAction","target":{"@type":"EntryPoint","urlTemplate":"https:\/\/maqmex.com.br\/?s={search_term_string}"},"query-input":{"@type":"PropertyValueSpecification","valueRequired":true,"valueName":"search_term_string"}}],"inLanguage":"en-US"}]}},"_links":{"self":[{"href":"https:\/\/maqmex.com.br\/en\/wp-json\/wp\/v2\/product\/5346","targetHints":{"allow":["GET"]}}],"collection":[{"href":"https:\/\/maqmex.com.br\/en\/wp-json\/wp\/v2\/product"}],"about":[{"href":"https:\/\/maqmex.com.br\/en\/wp-json\/wp\/v2\/types\/product"}],"replies":[{"embeddable":true,"href":"https:\/\/maqmex.com.br\/en\/wp-json\/wp\/v2\/comments?post=5346"}],"version-history":[{"count":0,"href":"https:\/\/maqmex.com.br\/en\/wp-json\/wp\/v2\/product\/5346\/revisions"}],"wp:featuredmedia":[{"embeddable":true,"href":"https:\/\/maqmex.com.br\/en\/wp-json\/wp\/v2\/media\/5472"}],"wp:attachment":[{"href":"https:\/\/maqmex.com.br\/en\/wp-json\/wp\/v2\/media?parent=5346"}],"wp:term":[{"taxonomy":"product_brand","embeddable":true,"href":"https:\/\/maqmex.com.br\/en\/wp-json\/wp\/v2\/product_brand?post=5346"},{"taxonomy":"product_cat","embeddable":true,"href":"https:\/\/maqmex.com.br\/en\/wp-json\/wp\/v2\/product_cat?post=5346"},{"taxonomy":"product_tag","embeddable":true,"href":"https:\/\/maqmex.com.br\/en\/wp-json\/wp\/v2\/product_tag?post=5346"}],"curies":[{"name":"wp","href":"https:\/\/api.w.org\/{rel}","templated":true}]}}