{"id":5369,"date":"2025-02-11T15:08:07","date_gmt":"2025-02-11T18:08:07","guid":{"rendered":"https:\/\/maqmex.nogahost.com\/?post_type=product&#038;p=5369"},"modified":"2025-10-08T15:46:58","modified_gmt":"2025-10-08T18:46:58","slug":"cilindro-pistao-pneumatico-s-sc-dupla-acao-o100-x-200mm","status":"publish","type":"product","link":"https:\/\/maqmex.com.br\/en\/product\/cilindro-pistao-pneumatico-s-sc-dupla-acao-o100-x-200mm\/","title":{"rendered":"Cilindro Pist\u00e3o Pneum\u00e1tico S-sc Dupla A\u00e7\u00e3o \u00d8100 X 200mm"},"content":{"rendered":"<p>O cilindro pneum\u00e1tico \u00e9 um dispositivo que foi mecanicamente projetado para produzir for\u00e7a (em movimento linear) a partir de g\u00e1s comprimido. Ele tamb\u00e9m \u00e9 conhecido como cilindro de ar. Os cilindros pneum\u00e1ticos v\u00eam em v\u00e1rias apar\u00eancias e tamanhos e destinam-se a desempenhar diferentes fun\u00e7\u00f5es dependendo das necessidades do mercado.<\/p>\n<p>ESPECIFICA\u00c7\u00d5ES T\u00c9CNICAS:<\/p>\n<p>Cilindro feito com material liga de alumino, possui alta qualidade em seu desempenho al\u00e9m de ser resistente a corros\u00e3o, duro e leve deixando com uma vida \u00fatil longa e dur\u00e1vel.<\/p>\n<p>MODO DE ATUA\u00c7\u00c3O: DUPLA A\u00c7\u00c3O<br \/>\nDI\u00c2METRO DO FURO: 100mm<br \/>\nCURSO: 200mm<br \/>\nFLUIDO: AR COMPRIMIDO E LUBRIFICADO<br \/>\nPRESS\u00c3O DE TRABALHO: 0.1~0.9MPA (1~9KGF\/CM\u00b2)<br \/>\nPRESS\u00c3O M\u00c1XIMA DE TRABALHO: 1.35MPA(13.5KGF\/CM\u00b2)<br \/>\nTEMPERATURA DE TRABALHO: -5~70\u00b0C<br \/>\nMODO DE BUFFER: AJUST\u00c1VEL<br \/>\nDIST\u00c2NCIA DE BUFFER(MM): 32<br \/>\nDI\u00c2METRO DA ROSCA: 1\/2&#8243;<br \/>\nMATERIAL DO CORPO: LIGA DE ALUM\u00cdNIO<\/p>","protected":false},"excerpt":{"rendered":"<div id=\"technical_specifications\" class=\"ui-pdp-container__row ui-pdp-container__row--technical-specifications\">\n<div class=\"ui-pdp-specs\">\n<div class=\"ui-pdp-specs__table\">\n<table class=\"andes-table\">\n<tbody class=\"andes-table__body\">\n<tr class=\"andes-table__row\">\n<th class=\"andes-table__header andes-table__header--left ui-pdp-specs__table__column ui-pdp-specs__table__column-title\">Marca<\/th>\n<td class=\"andes-table__column andes-table__column--left ui-pdp-specs__table__column\"><span class=\"andes-table__column--value\">SNS<\/span><\/td>\n<\/tr>\n<tr class=\"andes-table__row\">\n<th class=\"andes-table__header andes-table__header--left ui-pdp-specs__table__column ui-pdp-specs__table__column-title\">Modelo<\/th>\n<td class=\"andes-table__column andes-table__column--left ui-pdp-specs__table__column\"><span class=\"andes-table__column--value\">CILINDRO PNEUMATICO S-SC 100 X 200mm<\/span><\/td>\n<\/tr>\n<\/tbody>\n<\/table>\n<\/div>\n<\/div>\n<\/div>","protected":false},"featured_media":5494,"comment_status":"open","ping_status":"closed","template":"","meta":[],"product_brand":[],"product_cat":[506,505],"product_tag":[507,504,508],"class_list":{"0":"post-5369","1":"product","2":"type-product","3":"status-publish","4":"has-post-thumbnail","6":"product_cat-pecas-pneumatica","7":"product_cat-pneumatica","8":"product_tag-cilindro","9":"product_tag-maqmex","10":"product_tag-pneumatico","11":"product_shipping_class-normal","13":"first","14":"outofstock","15":"shipping-taxable","16":"purchasable","17":"product-type-simple"},"yoast_head":"<!-- This site is optimized with the Yoast SEO plugin v27.4 - https:\/\/yoast.com\/product\/yoast-seo-wordpress\/ -->\n<title>Cilindro Pist\u00e3o Pneum\u00e1tico S-sc Dupla A\u00e7\u00e3o \u00d8100 X 200mm - Maqmex<\/title>\n<meta name=\"robots\" content=\"index, follow, max-snippet:-1, max-image-preview:large, max-video-preview:-1\" \/>\n<link rel=\"canonical\" href=\"https:\/\/maqmex.com.br\/en\/product\/cilindro-pistao-pneumatico-s-sc-dupla-acao-o100-x-200mm\/\" \/>\n<meta property=\"og:locale\" content=\"en_US\" \/>\n<meta property=\"og:type\" content=\"article\" \/>\n<meta property=\"og:title\" content=\"Cilindro Pist\u00e3o Pneum\u00e1tico S-sc Dupla A\u00e7\u00e3o \u00d8100 X 200mm - Maqmex\" \/>\n<meta property=\"og:description\" content=\"Marca SNS   Modelo CILINDRO PNEUMATICO S-SC 100 X 200mm\" \/>\n<meta property=\"og:url\" content=\"https:\/\/maqmex.com.br\/en\/product\/cilindro-pistao-pneumatico-s-sc-dupla-acao-o100-x-200mm\/\" \/>\n<meta property=\"og:site_name\" content=\"Maqmex\" \/>\n<meta property=\"article:modified_time\" content=\"2025-10-08T18:46:58+00:00\" \/>\n<meta property=\"og:image\" content=\"https:\/\/maqmex.com.br\/wp-content\/uploads\/2025\/02\/cilindro01-removebg-preview-3.png\" \/>\n\t<meta property=\"og:image:width\" content=\"433\" \/>\n\t<meta property=\"og:image:height\" content=\"577\" \/>\n\t<meta property=\"og:image:type\" content=\"image\/png\" \/>\n<meta name=\"twitter:card\" content=\"summary_large_image\" \/>\n<meta name=\"twitter:label1\" content=\"Est. reading time\" \/>\n\t<meta name=\"twitter:data1\" content=\"1 minute\" \/>\n<script type=\"application\/ld+json\" class=\"yoast-schema-graph\">{\"@context\":\"https:\\\/\\\/schema.org\",\"@graph\":[{\"@type\":\"WebPage\",\"@id\":\"https:\\\/\\\/maqmex.com.br\\\/produto\\\/cilindro-pistao-pneumatico-s-sc-dupla-acao-o100-x-200mm\\\/\",\"url\":\"https:\\\/\\\/maqmex.com.br\\\/produto\\\/cilindro-pistao-pneumatico-s-sc-dupla-acao-o100-x-200mm\\\/\",\"name\":\"Cilindro Pist\u00e3o Pneum\u00e1tico S-sc Dupla A\u00e7\u00e3o \u00d8100 X 200mm - Maqmex\",\"isPartOf\":{\"@id\":\"https:\\\/\\\/maqmex.com.br\\\/#website\"},\"primaryImageOfPage\":{\"@id\":\"https:\\\/\\\/maqmex.com.br\\\/produto\\\/cilindro-pistao-pneumatico-s-sc-dupla-acao-o100-x-200mm\\\/#primaryimage\"},\"image\":{\"@id\":\"https:\\\/\\\/maqmex.com.br\\\/produto\\\/cilindro-pistao-pneumatico-s-sc-dupla-acao-o100-x-200mm\\\/#primaryimage\"},\"thumbnailUrl\":\"https:\\\/\\\/maqmex.com.br\\\/wp-content\\\/uploads\\\/2025\\\/02\\\/cilindro01-removebg-preview-3.png\",\"datePublished\":\"2025-02-11T18:08:07+00:00\",\"dateModified\":\"2025-10-08T18:46:58+00:00\",\"breadcrumb\":{\"@id\":\"https:\\\/\\\/maqmex.com.br\\\/produto\\\/cilindro-pistao-pneumatico-s-sc-dupla-acao-o100-x-200mm\\\/#breadcrumb\"},\"inLanguage\":\"en-US\",\"potentialAction\":[{\"@type\":\"ReadAction\",\"target\":[\"https:\\\/\\\/maqmex.com.br\\\/produto\\\/cilindro-pistao-pneumatico-s-sc-dupla-acao-o100-x-200mm\\\/\"]}]},{\"@type\":\"ImageObject\",\"inLanguage\":\"en-US\",\"@id\":\"https:\\\/\\\/maqmex.com.br\\\/produto\\\/cilindro-pistao-pneumatico-s-sc-dupla-acao-o100-x-200mm\\\/#primaryimage\",\"url\":\"https:\\\/\\\/maqmex.com.br\\\/wp-content\\\/uploads\\\/2025\\\/02\\\/cilindro01-removebg-preview-3.png\",\"contentUrl\":\"https:\\\/\\\/maqmex.com.br\\\/wp-content\\\/uploads\\\/2025\\\/02\\\/cilindro01-removebg-preview-3.png\",\"width\":433,\"height\":577},{\"@type\":\"BreadcrumbList\",\"@id\":\"https:\\\/\\\/maqmex.com.br\\\/produto\\\/cilindro-pistao-pneumatico-s-sc-dupla-acao-o100-x-200mm\\\/#breadcrumb\",\"itemListElement\":[{\"@type\":\"ListItem\",\"position\":1,\"name\":\"In\u00edcio\",\"item\":\"https:\\\/\\\/maqmex.com.br\\\/\"},{\"@type\":\"ListItem\",\"position\":2,\"name\":\"Shop\",\"item\":\"https:\\\/\\\/maqmex.com.br\\\/shop\\\/\"},{\"@type\":\"ListItem\",\"position\":3,\"name\":\"Cilindro Pist\u00e3o Pneum\u00e1tico S-sc Dupla A\u00e7\u00e3o \u00d8100 X 200mm\"}]},{\"@type\":\"WebSite\",\"@id\":\"https:\\\/\\\/maqmex.com.br\\\/#website\",\"url\":\"https:\\\/\\\/maqmex.com.br\\\/\",\"name\":\"Maqmex\",\"description\":\"Maqmex\",\"potentialAction\":[{\"@type\":\"SearchAction\",\"target\":{\"@type\":\"EntryPoint\",\"urlTemplate\":\"https:\\\/\\\/maqmex.com.br\\\/?s={search_term_string}\"},\"query-input\":{\"@type\":\"PropertyValueSpecification\",\"valueRequired\":true,\"valueName\":\"search_term_string\"}}],\"inLanguage\":\"en-US\"}]}<\/script>\n<!-- \/ Yoast SEO plugin. -->","yoast_head_json":{"title":"Cilindro Pist\u00e3o Pneum\u00e1tico S-sc Dupla A\u00e7\u00e3o \u00d8100 X 200mm - Maqmex","robots":{"index":"index","follow":"follow","max-snippet":"max-snippet:-1","max-image-preview":"max-image-preview:large","max-video-preview":"max-video-preview:-1"},"canonical":"https:\/\/maqmex.com.br\/en\/product\/cilindro-pistao-pneumatico-s-sc-dupla-acao-o100-x-200mm\/","og_locale":"en_US","og_type":"article","og_title":"Cilindro Pist\u00e3o Pneum\u00e1tico S-sc Dupla A\u00e7\u00e3o \u00d8100 X 200mm - Maqmex","og_description":"Marca SNS   Modelo CILINDRO PNEUMATICO S-SC 100 X 200mm","og_url":"https:\/\/maqmex.com.br\/en\/product\/cilindro-pistao-pneumatico-s-sc-dupla-acao-o100-x-200mm\/","og_site_name":"Maqmex","article_modified_time":"2025-10-08T18:46:58+00:00","og_image":[{"width":433,"height":577,"url":"https:\/\/maqmex.com.br\/wp-content\/uploads\/2025\/02\/cilindro01-removebg-preview-3.png","type":"image\/png"}],"twitter_card":"summary_large_image","twitter_misc":{"Est. reading time":"1 minute"},"schema":{"@context":"https:\/\/schema.org","@graph":[{"@type":"WebPage","@id":"https:\/\/maqmex.com.br\/produto\/cilindro-pistao-pneumatico-s-sc-dupla-acao-o100-x-200mm\/","url":"https:\/\/maqmex.com.br\/produto\/cilindro-pistao-pneumatico-s-sc-dupla-acao-o100-x-200mm\/","name":"Cilindro Pist\u00e3o Pneum\u00e1tico S-sc Dupla A\u00e7\u00e3o \u00d8100 X 200mm - Maqmex","isPartOf":{"@id":"https:\/\/maqmex.com.br\/#website"},"primaryImageOfPage":{"@id":"https:\/\/maqmex.com.br\/produto\/cilindro-pistao-pneumatico-s-sc-dupla-acao-o100-x-200mm\/#primaryimage"},"image":{"@id":"https:\/\/maqmex.com.br\/produto\/cilindro-pistao-pneumatico-s-sc-dupla-acao-o100-x-200mm\/#primaryimage"},"thumbnailUrl":"https:\/\/maqmex.com.br\/wp-content\/uploads\/2025\/02\/cilindro01-removebg-preview-3.png","datePublished":"2025-02-11T18:08:07+00:00","dateModified":"2025-10-08T18:46:58+00:00","breadcrumb":{"@id":"https:\/\/maqmex.com.br\/produto\/cilindro-pistao-pneumatico-s-sc-dupla-acao-o100-x-200mm\/#breadcrumb"},"inLanguage":"en-US","potentialAction":[{"@type":"ReadAction","target":["https:\/\/maqmex.com.br\/produto\/cilindro-pistao-pneumatico-s-sc-dupla-acao-o100-x-200mm\/"]}]},{"@type":"ImageObject","inLanguage":"en-US","@id":"https:\/\/maqmex.com.br\/produto\/cilindro-pistao-pneumatico-s-sc-dupla-acao-o100-x-200mm\/#primaryimage","url":"https:\/\/maqmex.com.br\/wp-content\/uploads\/2025\/02\/cilindro01-removebg-preview-3.png","contentUrl":"https:\/\/maqmex.com.br\/wp-content\/uploads\/2025\/02\/cilindro01-removebg-preview-3.png","width":433,"height":577},{"@type":"BreadcrumbList","@id":"https:\/\/maqmex.com.br\/produto\/cilindro-pistao-pneumatico-s-sc-dupla-acao-o100-x-200mm\/#breadcrumb","itemListElement":[{"@type":"ListItem","position":1,"name":"In\u00edcio","item":"https:\/\/maqmex.com.br\/"},{"@type":"ListItem","position":2,"name":"Shop","item":"https:\/\/maqmex.com.br\/shop\/"},{"@type":"ListItem","position":3,"name":"Cilindro Pist\u00e3o Pneum\u00e1tico S-sc Dupla A\u00e7\u00e3o \u00d8100 X 200mm"}]},{"@type":"WebSite","@id":"https:\/\/maqmex.com.br\/#website","url":"https:\/\/maqmex.com.br\/","name":"Maqmex","description":"Maqmex","potentialAction":[{"@type":"SearchAction","target":{"@type":"EntryPoint","urlTemplate":"https:\/\/maqmex.com.br\/?s={search_term_string}"},"query-input":{"@type":"PropertyValueSpecification","valueRequired":true,"valueName":"search_term_string"}}],"inLanguage":"en-US"}]}},"_links":{"self":[{"href":"https:\/\/maqmex.com.br\/en\/wp-json\/wp\/v2\/product\/5369","targetHints":{"allow":["GET"]}}],"collection":[{"href":"https:\/\/maqmex.com.br\/en\/wp-json\/wp\/v2\/product"}],"about":[{"href":"https:\/\/maqmex.com.br\/en\/wp-json\/wp\/v2\/types\/product"}],"replies":[{"embeddable":true,"href":"https:\/\/maqmex.com.br\/en\/wp-json\/wp\/v2\/comments?post=5369"}],"version-history":[{"count":0,"href":"https:\/\/maqmex.com.br\/en\/wp-json\/wp\/v2\/product\/5369\/revisions"}],"wp:featuredmedia":[{"embeddable":true,"href":"https:\/\/maqmex.com.br\/en\/wp-json\/wp\/v2\/media\/5494"}],"wp:attachment":[{"href":"https:\/\/maqmex.com.br\/en\/wp-json\/wp\/v2\/media?parent=5369"}],"wp:term":[{"taxonomy":"product_brand","embeddable":true,"href":"https:\/\/maqmex.com.br\/en\/wp-json\/wp\/v2\/product_brand?post=5369"},{"taxonomy":"product_cat","embeddable":true,"href":"https:\/\/maqmex.com.br\/en\/wp-json\/wp\/v2\/product_cat?post=5369"},{"taxonomy":"product_tag","embeddable":true,"href":"https:\/\/maqmex.com.br\/en\/wp-json\/wp\/v2\/product_tag?post=5369"}],"curies":[{"name":"wp","href":"https:\/\/api.w.org\/{rel}","templated":true}]}}