{"id":5405,"date":"2025-02-11T15:08:35","date_gmt":"2025-02-11T18:08:35","guid":{"rendered":"https:\/\/maqmex.nogahost.com\/?post_type=product&#038;p=5405"},"modified":"2025-04-08T08:25:47","modified_gmt":"2025-04-08T11:25:47","slug":"manometro-hidraulico-rosca-1-4-lb-63a-250","status":"publish","type":"product","link":"https:\/\/maqmex.com.br\/en\/product\/manometro-hidraulico-rosca-1-4-lb-63a-250\/","title":{"rendered":"Man\u00f4metro Hidr\u00e1ulico Rosca 1\/4 Lb 63a-250"},"content":{"rendered":"<p>MAN\u00d4METRO HORIZONTAL C\/ GLICERINA 250 BAR<br \/>\nDADOS T\u00c9CNICOS:<br \/>\nAPLICA\u00c7\u00c3O: MEDI\u00c7\u00c3O DE PRESS\u00c3O DE L\u00cdQUIDOS<br \/>\nESCALA PRINCIPAL: 0~250 BAR<br \/>\nESCALA SECUND\u00c1RIA: 0~3500 PSI<br \/>\nDI\u00c2METRO EXTERNO DA CAIXA: 63MM<br \/>\nROSCA: 1\/4 NPT<br \/>\nSA\u00cdDA: VERTICAL<br \/>\nCAIXA: A\u00c7O INOX<br \/>\nBOURDON: LAT\u00c3O<\/p>","protected":false},"excerpt":{"rendered":"<div class=\"ui-pdp-specs__table\">\n<table class=\"andes-table\">\n<tbody class=\"andes-table__body\">\n<tr class=\"andes-table__row\">\n<th class=\"andes-table__header andes-table__header--left ui-pdp-specs__table__column ui-pdp-specs__table__column-title\">Marca<\/th>\n<td class=\"andes-table__column andes-table__column--left ui-pdp-specs__table__column\"><span class=\"andes-table__column--value\">Importado<\/span><\/td>\n<\/tr>\n<tr class=\"andes-table__row\">\n<th class=\"andes-table__header andes-table__header--left ui-pdp-specs__table__column ui-pdp-specs__table__column-title\">Modelo<\/th>\n<td class=\"andes-table__column andes-table__column--left ui-pdp-specs__table__column\"><span class=\"andes-table__column--value\">LB63-250<\/span><\/td>\n<\/tr>\n<\/tbody>\n<\/table>\n<\/div>","protected":false},"featured_media":5538,"comment_status":"open","ping_status":"closed","template":"","meta":[],"product_brand":[],"product_cat":[473,474],"product_tag":[511,504],"class_list":{"0":"post-5405","1":"product","2":"type-product","3":"status-publish","4":"has-post-thumbnail","6":"product_cat-hidraulica","7":"product_cat-pecas-hidraulica","8":"product_tag-manometro","9":"product_tag-maqmex","10":"product_shipping_class-normal","12":"first","13":"outofstock","14":"shipping-taxable","15":"purchasable","16":"product-type-simple"},"yoast_head":"<!-- This site is optimized with the Yoast SEO plugin v27.4 - https:\/\/yoast.com\/product\/yoast-seo-wordpress\/ -->\n<title>Man\u00f4metro Hidr\u00e1ulico Rosca 1\/4 Lb 63a-250 - Maqmex<\/title>\n<meta name=\"robots\" content=\"index, follow, max-snippet:-1, max-image-preview:large, max-video-preview:-1\" \/>\n<link rel=\"canonical\" href=\"https:\/\/maqmex.com.br\/en\/product\/manometro-hidraulico-rosca-1-4-lb-63a-250\/\" \/>\n<meta property=\"og:locale\" content=\"en_US\" \/>\n<meta property=\"og:type\" content=\"article\" \/>\n<meta property=\"og:title\" content=\"Man\u00f4metro Hidr\u00e1ulico Rosca 1\/4 Lb 63a-250 - Maqmex\" \/>\n<meta property=\"og:description\" content=\"Marca Importado   Modelo LB63-250\" \/>\n<meta property=\"og:url\" content=\"https:\/\/maqmex.com.br\/en\/product\/manometro-hidraulico-rosca-1-4-lb-63a-250\/\" \/>\n<meta property=\"og:site_name\" content=\"Maqmex\" \/>\n<meta property=\"article:modified_time\" content=\"2025-04-08T11:25:47+00:00\" \/>\n<meta property=\"og:image\" content=\"https:\/\/maqmex.com.br\/wp-content\/uploads\/2025\/02\/manometro01-removebg-preview-2.png\" \/>\n\t<meta property=\"og:image:width\" content=\"390\" \/>\n\t<meta property=\"og:image:height\" content=\"463\" \/>\n\t<meta property=\"og:image:type\" content=\"image\/png\" \/>\n<meta name=\"twitter:card\" content=\"summary_large_image\" \/>\n<script type=\"application\/ld+json\" class=\"yoast-schema-graph\">{\"@context\":\"https:\\\/\\\/schema.org\",\"@graph\":[{\"@type\":\"WebPage\",\"@id\":\"https:\\\/\\\/maqmex.com.br\\\/produto\\\/manometro-hidraulico-rosca-1-4-lb-63a-250\\\/\",\"url\":\"https:\\\/\\\/maqmex.com.br\\\/produto\\\/manometro-hidraulico-rosca-1-4-lb-63a-250\\\/\",\"name\":\"Man\u00f4metro Hidr\u00e1ulico Rosca 1\\\/4 Lb 63a-250 - Maqmex\",\"isPartOf\":{\"@id\":\"https:\\\/\\\/maqmex.com.br\\\/#website\"},\"primaryImageOfPage\":{\"@id\":\"https:\\\/\\\/maqmex.com.br\\\/produto\\\/manometro-hidraulico-rosca-1-4-lb-63a-250\\\/#primaryimage\"},\"image\":{\"@id\":\"https:\\\/\\\/maqmex.com.br\\\/produto\\\/manometro-hidraulico-rosca-1-4-lb-63a-250\\\/#primaryimage\"},\"thumbnailUrl\":\"https:\\\/\\\/maqmex.com.br\\\/wp-content\\\/uploads\\\/2025\\\/02\\\/manometro01-removebg-preview-2.png\",\"datePublished\":\"2025-02-11T18:08:35+00:00\",\"dateModified\":\"2025-04-08T11:25:47+00:00\",\"breadcrumb\":{\"@id\":\"https:\\\/\\\/maqmex.com.br\\\/produto\\\/manometro-hidraulico-rosca-1-4-lb-63a-250\\\/#breadcrumb\"},\"inLanguage\":\"en-US\",\"potentialAction\":[{\"@type\":\"ReadAction\",\"target\":[\"https:\\\/\\\/maqmex.com.br\\\/produto\\\/manometro-hidraulico-rosca-1-4-lb-63a-250\\\/\"]}]},{\"@type\":\"ImageObject\",\"inLanguage\":\"en-US\",\"@id\":\"https:\\\/\\\/maqmex.com.br\\\/produto\\\/manometro-hidraulico-rosca-1-4-lb-63a-250\\\/#primaryimage\",\"url\":\"https:\\\/\\\/maqmex.com.br\\\/wp-content\\\/uploads\\\/2025\\\/02\\\/manometro01-removebg-preview-2.png\",\"contentUrl\":\"https:\\\/\\\/maqmex.com.br\\\/wp-content\\\/uploads\\\/2025\\\/02\\\/manometro01-removebg-preview-2.png\",\"width\":390,\"height\":463},{\"@type\":\"BreadcrumbList\",\"@id\":\"https:\\\/\\\/maqmex.com.br\\\/produto\\\/manometro-hidraulico-rosca-1-4-lb-63a-250\\\/#breadcrumb\",\"itemListElement\":[{\"@type\":\"ListItem\",\"position\":1,\"name\":\"In\u00edcio\",\"item\":\"https:\\\/\\\/maqmex.com.br\\\/\"},{\"@type\":\"ListItem\",\"position\":2,\"name\":\"Shop\",\"item\":\"https:\\\/\\\/maqmex.com.br\\\/shop\\\/\"},{\"@type\":\"ListItem\",\"position\":3,\"name\":\"Man\u00f4metro Hidr\u00e1ulico Rosca 1\\\/4 Lb 63a-250\"}]},{\"@type\":\"WebSite\",\"@id\":\"https:\\\/\\\/maqmex.com.br\\\/#website\",\"url\":\"https:\\\/\\\/maqmex.com.br\\\/\",\"name\":\"Maqmex\",\"description\":\"Maqmex\",\"potentialAction\":[{\"@type\":\"SearchAction\",\"target\":{\"@type\":\"EntryPoint\",\"urlTemplate\":\"https:\\\/\\\/maqmex.com.br\\\/?s={search_term_string}\"},\"query-input\":{\"@type\":\"PropertyValueSpecification\",\"valueRequired\":true,\"valueName\":\"search_term_string\"}}],\"inLanguage\":\"en-US\"}]}<\/script>\n<!-- \/ Yoast SEO plugin. -->","yoast_head_json":{"title":"Man\u00f4metro Hidr\u00e1ulico Rosca 1\/4 Lb 63a-250 - Maqmex","robots":{"index":"index","follow":"follow","max-snippet":"max-snippet:-1","max-image-preview":"max-image-preview:large","max-video-preview":"max-video-preview:-1"},"canonical":"https:\/\/maqmex.com.br\/en\/product\/manometro-hidraulico-rosca-1-4-lb-63a-250\/","og_locale":"en_US","og_type":"article","og_title":"Man\u00f4metro Hidr\u00e1ulico Rosca 1\/4 Lb 63a-250 - Maqmex","og_description":"Marca Importado   Modelo LB63-250","og_url":"https:\/\/maqmex.com.br\/en\/product\/manometro-hidraulico-rosca-1-4-lb-63a-250\/","og_site_name":"Maqmex","article_modified_time":"2025-04-08T11:25:47+00:00","og_image":[{"width":390,"height":463,"url":"https:\/\/maqmex.com.br\/wp-content\/uploads\/2025\/02\/manometro01-removebg-preview-2.png","type":"image\/png"}],"twitter_card":"summary_large_image","schema":{"@context":"https:\/\/schema.org","@graph":[{"@type":"WebPage","@id":"https:\/\/maqmex.com.br\/produto\/manometro-hidraulico-rosca-1-4-lb-63a-250\/","url":"https:\/\/maqmex.com.br\/produto\/manometro-hidraulico-rosca-1-4-lb-63a-250\/","name":"Man\u00f4metro Hidr\u00e1ulico Rosca 1\/4 Lb 63a-250 - Maqmex","isPartOf":{"@id":"https:\/\/maqmex.com.br\/#website"},"primaryImageOfPage":{"@id":"https:\/\/maqmex.com.br\/produto\/manometro-hidraulico-rosca-1-4-lb-63a-250\/#primaryimage"},"image":{"@id":"https:\/\/maqmex.com.br\/produto\/manometro-hidraulico-rosca-1-4-lb-63a-250\/#primaryimage"},"thumbnailUrl":"https:\/\/maqmex.com.br\/wp-content\/uploads\/2025\/02\/manometro01-removebg-preview-2.png","datePublished":"2025-02-11T18:08:35+00:00","dateModified":"2025-04-08T11:25:47+00:00","breadcrumb":{"@id":"https:\/\/maqmex.com.br\/produto\/manometro-hidraulico-rosca-1-4-lb-63a-250\/#breadcrumb"},"inLanguage":"en-US","potentialAction":[{"@type":"ReadAction","target":["https:\/\/maqmex.com.br\/produto\/manometro-hidraulico-rosca-1-4-lb-63a-250\/"]}]},{"@type":"ImageObject","inLanguage":"en-US","@id":"https:\/\/maqmex.com.br\/produto\/manometro-hidraulico-rosca-1-4-lb-63a-250\/#primaryimage","url":"https:\/\/maqmex.com.br\/wp-content\/uploads\/2025\/02\/manometro01-removebg-preview-2.png","contentUrl":"https:\/\/maqmex.com.br\/wp-content\/uploads\/2025\/02\/manometro01-removebg-preview-2.png","width":390,"height":463},{"@type":"BreadcrumbList","@id":"https:\/\/maqmex.com.br\/produto\/manometro-hidraulico-rosca-1-4-lb-63a-250\/#breadcrumb","itemListElement":[{"@type":"ListItem","position":1,"name":"In\u00edcio","item":"https:\/\/maqmex.com.br\/"},{"@type":"ListItem","position":2,"name":"Shop","item":"https:\/\/maqmex.com.br\/shop\/"},{"@type":"ListItem","position":3,"name":"Man\u00f4metro Hidr\u00e1ulico Rosca 1\/4 Lb 63a-250"}]},{"@type":"WebSite","@id":"https:\/\/maqmex.com.br\/#website","url":"https:\/\/maqmex.com.br\/","name":"Maqmex","description":"Maqmex","potentialAction":[{"@type":"SearchAction","target":{"@type":"EntryPoint","urlTemplate":"https:\/\/maqmex.com.br\/?s={search_term_string}"},"query-input":{"@type":"PropertyValueSpecification","valueRequired":true,"valueName":"search_term_string"}}],"inLanguage":"en-US"}]}},"_links":{"self":[{"href":"https:\/\/maqmex.com.br\/en\/wp-json\/wp\/v2\/product\/5405","targetHints":{"allow":["GET"]}}],"collection":[{"href":"https:\/\/maqmex.com.br\/en\/wp-json\/wp\/v2\/product"}],"about":[{"href":"https:\/\/maqmex.com.br\/en\/wp-json\/wp\/v2\/types\/product"}],"replies":[{"embeddable":true,"href":"https:\/\/maqmex.com.br\/en\/wp-json\/wp\/v2\/comments?post=5405"}],"version-history":[{"count":0,"href":"https:\/\/maqmex.com.br\/en\/wp-json\/wp\/v2\/product\/5405\/revisions"}],"wp:featuredmedia":[{"embeddable":true,"href":"https:\/\/maqmex.com.br\/en\/wp-json\/wp\/v2\/media\/5538"}],"wp:attachment":[{"href":"https:\/\/maqmex.com.br\/en\/wp-json\/wp\/v2\/media?parent=5405"}],"wp:term":[{"taxonomy":"product_brand","embeddable":true,"href":"https:\/\/maqmex.com.br\/en\/wp-json\/wp\/v2\/product_brand?post=5405"},{"taxonomy":"product_cat","embeddable":true,"href":"https:\/\/maqmex.com.br\/en\/wp-json\/wp\/v2\/product_cat?post=5405"},{"taxonomy":"product_tag","embeddable":true,"href":"https:\/\/maqmex.com.br\/en\/wp-json\/wp\/v2\/product_tag?post=5405"}],"curies":[{"name":"wp","href":"https:\/\/api.w.org\/{rel}","templated":true}]}}