{"id":5485,"date":"2025-02-11T15:09:28","date_gmt":"2025-02-11T18:09:28","guid":{"rendered":"https:\/\/maqmex.nogahost.com\/?post_type=product&#038;p=5485"},"modified":"2025-04-08T08:23:13","modified_gmt":"2025-04-08T11:23:13","slug":"contator-tripolar-easypact-tvs-80a-1na1nf-220vca50-60hz-lc1e80m7","status":"publish","type":"product","link":"https:\/\/maqmex.com.br\/en\/product\/contator-tripolar-easypact-tvs-80a-1na1nf-220vca50-60hz-lc1e80m7\/","title":{"rendered":"CONTATOR TRIPOLAR EASYPACT TVS 80A 1NA+1NF 220VCA50\/60HZ LC1E80M7"},"content":{"rendered":"<table class=\"specifications-table\">\n<caption class=\"specifications-table__caption\">Diretor<\/caption>\n<tbody>\n<tr class=\"specifications-table__row\">\n<th class=\"specifications-table__row-heading\">linha<\/th>\n<td class=\"specifications-table__cell\"><span class=\"specifications-table__text specifications-table__text--first-letter-uppercase\">EasyPact<\/span><\/td>\n<\/tr>\n<tr class=\"specifications-table__row\">\n<th class=\"specifications-table__row-heading\">Tipo de produto ou componente<\/th>\n<td class=\"specifications-table__cell\"><span class=\"specifications-table__text specifications-table__text--first-letter-uppercase\">Contator<\/span><\/td>\n<\/tr>\n<tr class=\"specifications-table__row\">\n<th class=\"specifications-table__row-heading\">Nome abreviado do dispositivo<\/th>\n<td class=\"specifications-table__cell\"><span class=\"specifications-table__text specifications-table__text--first-letter-uppercase\">LC1E<\/span><\/td>\n<\/tr>\n<tr class=\"specifications-table__row\">\n<th class=\"specifications-table__row-heading\">aplica\u00e7\u00e3o do contator<\/th>\n<td class=\"specifications-table__cell\"><span class=\"specifications-table__text specifications-table__text--first-letter-uppercase\">Carga resistiva<br \/>\nControle do motor<\/span><\/td>\n<\/tr>\n<tr class=\"specifications-table__row\">\n<th class=\"specifications-table__row-heading\">Categoria de uso<\/th>\n<td class=\"specifications-table__cell\"><span class=\"specifications-table__text specifications-table__text--first-letter-uppercase\">CA-3<br \/>\nCA-1<\/span><\/td>\n<\/tr>\n<tr class=\"specifications-table__row\">\n<th class=\"specifications-table__row-heading\">Descri\u00e7\u00e3o dos polos<\/th>\n<td class=\"specifications-table__cell\"><span class=\"specifications-table__text specifications-table__text--first-letter-uppercase\">3P<\/span><\/td>\n<\/tr>\n<tr class=\"specifications-table__row\">\n<th class=\"specifications-table__row-heading\">[Ue] tens\u00e3o de opera\u00e7\u00e3o nominal<\/th>\n<td class=\"specifications-table__cell\"><span class=\"specifications-table__text specifications-table__text--first-letter-uppercase\">Circuito de pot\u00eancia: &lt;= 690 V CA 50\/60 Hz<\/span><\/td>\n<\/tr>\n<tr class=\"specifications-table__row\">\n<th class=\"specifications-table__row-heading\">[Ie] corrente nominal de opera\u00e7\u00e3o<\/th>\n<td class=\"specifications-table__cell\"><span class=\"specifications-table__text specifications-table__text--first-letter-uppercase\">80 A (a &lt; 55 \u00b0C) a &lt;= 440 V CA CA-3 para circuito de pot\u00eancia<br \/>\n110 A (a &lt; 55 \u00b0C) a &lt;= 440 V CA CA-1 para circuito de pot\u00eancia<\/span><\/td>\n<\/tr>\n<tr class=\"specifications-table__row\">\n<th class=\"specifications-table__row-heading\">[Uc] tens\u00e3o do circuito de controle<\/th>\n<td class=\"specifications-table__cell\"><span class=\"specifications-table__text specifications-table__text--first-letter-uppercase\">220 V CA 50\/60 Hz<\/span><\/td>\n<\/tr>\n<\/tbody>\n<\/table>\n<table class=\"specifications-table\">\n<caption class=\"specifications-table__caption\">Complementar<\/caption>\n<tbody>\n<tr class=\"specifications-table__row\">\n<th class=\"specifications-table__row-heading\">alimenta\u00e7\u00e3o do motor kW<\/th>\n<td class=\"specifications-table__cell\"><span class=\"specifications-table__text specifications-table__text--first-letter-uppercase\">22 kW a 220..0,230 V CA 50\/60 Hz<br \/>\n37 kW a 380..0,400 V<br \/>\n45 kW a 415 V<br \/>\n45 kW a 440 V<br \/>\n45 kW a 500 V<br \/>\n45 kW a 660&#8230;690 V<\/span><\/td>\n<\/tr>\n<tr class=\"specifications-table__row\">\n<th class=\"specifications-table__row-heading\">composi\u00e7\u00e3o de contatos de polos<\/th>\n<td class=\"specifications-table__cell\"><span class=\"specifications-table__text specifications-table__text--first-letter-uppercase\">3 NA<\/span><\/td>\n<\/tr>\n<tr class=\"specifications-table__row\">\n<th class=\"specifications-table__row-heading\">[Ith] corrente t\u00e9rmica ao ar livre convencional<\/th>\n<td class=\"specifications-table__cell\"><span class=\"specifications-table__text specifications-table__text--first-letter-uppercase\">100 A (a 60 \u00b0C) para circuito de pot\u00eancia<\/span><\/td>\n<\/tr>\n<tr class=\"specifications-table__row\">\n<th class=\"specifications-table__row-heading\">capacidade de fechamento nominal Irms<\/th>\n<td class=\"specifications-table__cell\"><span class=\"specifications-table__text specifications-table__text--first-letter-uppercase\">800 A a 440 V CA para circuito de pot\u00eancia conforme IEC 60947-4-1<\/span><\/td>\n<\/tr>\n<tr class=\"specifications-table__row\">\n<th class=\"specifications-table__row-heading\">capacidade de corte nominal<\/th>\n<td class=\"specifications-table__cell\"><span class=\"specifications-table__text specifications-table__text--first-letter-uppercase\">640 A a 440 V de circuito de pot\u00eancia para IEC 60947<\/span><\/td>\n<\/tr>\n<tr class=\"specifications-table__row\">\n<th class=\"specifications-table__row-heading\">[Icw] corrente nominal de curta dura\u00e7\u00e3o admiss\u00edvel<\/th>\n<td class=\"specifications-table__cell\"><span class=\"specifications-table__text specifications-table__text--first-letter-uppercase\">640 A 40 \u00b0C &#8211; 10 s para circuito de pot\u00eancia<br \/>\n320 A 40 \u00b0C &#8211; 60 s para circuito de pot\u00eancia<br \/>\n135 A 40 \u00b0C &#8211; 600 s para circuito de pot\u00eancia<\/span><\/td>\n<\/tr>\n<tr class=\"specifications-table__row\">\n<th class=\"specifications-table__row-heading\">classificado do fus\u00edvel associado<\/th>\n<td class=\"specifications-table__cell\"><span class=\"specifications-table__text specifications-table__text--first-letter-uppercase\">10 A gG a &lt;= 690 V coordena\u00e7\u00e3o tipo 1 para circuito de controle conforme IEC 60947-5-1<br \/>\n160 A gG a &lt;= 690 V coordena\u00e7\u00e3o tipo 1 para circuito de pot\u00eancia<\/span><\/td>\n<\/tr>\n<tr class=\"specifications-table__row\">\n<th class=\"specifications-table__row-heading\">imped\u00e2ncia m\u00e9dia<\/th>\n<td class=\"specifications-table__cell\"><span class=\"specifications-table__text specifications-table__text--first-letter-uppercase\">0,8 MOhm &#8211; Ith 110 A 50 Hz de circuito de pot\u00eancia<\/span><\/td>\n<\/tr>\n<tr class=\"specifications-table__row\">\n<th class=\"specifications-table__row-heading\">dissipa\u00e7\u00e3o de alimenta\u00e7\u00e3o por polo<\/th>\n<td class=\"specifications-table__cell\"><span class=\"specifications-table__text specifications-table__text--first-letter-uppercase\">5,1 W CA-3<br \/>\n9,7 W CA-1<\/span><\/td>\n<\/tr>\n<tr class=\"specifications-table__row\">\n<th class=\"specifications-table__row-heading\">[Ui] tens\u00e3o de isolamento nominal<\/th>\n<td class=\"specifications-table__cell\"><span class=\"specifications-table__text specifications-table__text--first-letter-uppercase\">690 V para IEC 60947-4-1<\/span><\/td>\n<\/tr>\n<tr class=\"specifications-table__row\">\n<th class=\"specifications-table__row-heading\">Categoria de sobretens\u00e3o<\/th>\n<td class=\"specifications-table__cell\"><span class=\"specifications-table__text specifications-table__text--first-letter-uppercase\">III<\/span><\/td>\n<\/tr>\n<tr class=\"specifications-table__row\">\n<th class=\"specifications-table__row-heading\">Grau de fumo<\/th>\n<td class=\"specifications-table__cell\"><span class=\"specifications-table__text specifications-table__text--first-letter-uppercase\">3<\/span><\/td>\n<\/tr>\n<tr class=\"specifications-table__row\">\n<th class=\"specifications-table__row-heading\">[Uimp] tens\u00e3o nominal suport\u00e1vel de impulso<\/th>\n<td class=\"specifications-table__cell\"><span class=\"specifications-table__text specifications-table__text--first-letter-uppercase\">Bobina de 6 kV n\u00e3o conectada ao circuito de pot\u00eancia conforme IEC 60947<\/span><\/td>\n<\/tr>\n<tr class=\"specifications-table__row\">\n<th class=\"specifications-table__row-heading\">durabilidade mec\u00e2nica<\/th>\n<td class=\"specifications-table__cell\"><span class=\"specifications-table__text specifications-table__text--first-letter-uppercase\">300000 ciclos<\/span><\/td>\n<\/tr>\n<tr class=\"specifications-table__row\">\n<th class=\"specifications-table__row-heading\">durabilidade el\u00e9trica<\/th>\n<td class=\"specifications-table__cell\"><span class=\"specifications-table__text specifications-table__text--first-letter-uppercase\">350000 ciclos CA-1<br \/>\n900000 ciclos CA-3<\/span><\/td>\n<\/tr>\n<tr class=\"specifications-table__row\">\n<th class=\"specifications-table__row-heading\">tipo do circuito de controle<\/th>\n<td class=\"specifications-table__cell\"><span class=\"specifications-table__text specifications-table__text--first-letter-uppercase\">CA a 50\/60 Hz<\/span><\/td>\n<\/tr>\n<tr class=\"specifications-table__row\">\n<th class=\"specifications-table__row-heading\">limites de tens\u00e3o de circuito de controle<\/th>\n<td class=\"specifications-table__cell\"><span class=\"specifications-table__text specifications-table__text--first-letter-uppercase\">0,85&#8230;1,1 Uc 55 \u00b0C funcionamento 50\/60 Hz<br \/>\n0,3&#8230;0,6 Uc 55 \u00b0C sa\u00edda 50\/60 Hz<\/span><\/td>\n<\/tr>\n<tr class=\"specifications-table__row\">\n<th class=\"specifications-table__row-heading\">pot\u00eancia de irrup\u00e7\u00e3o em VA<\/th>\n<td class=\"specifications-table__cell\"><span class=\"specifications-table__text specifications-table__text--first-letter-uppercase\">200 VA 50 Hz cos phi 0,75 (a 20 \u00b0C)<br \/>\n220 VA 60 Hz cos phi 0,75 (a 20 \u00b0C)<\/span><\/td>\n<\/tr>\n<tr class=\"specifications-table__row\">\n<th class=\"specifications-table__row-heading\">consumo de pot\u00eancia de manuten\u00e7\u00e3o em VA<\/th>\n<td class=\"specifications-table__cell\"><span class=\"specifications-table__text specifications-table__text--first-letter-uppercase\">22 VA 60 Hz cos phi 0,3 (a 20 \u00b0C)<br \/>\n20 VA 50 Hz cos phi 0,3 (a 20 \u00b0C)<\/span><\/td>\n<\/tr>\n<tr class=\"specifications-table__row\">\n<th class=\"specifications-table__row-heading\">dissipa\u00e7\u00e3o de calor<\/th>\n<td class=\"specifications-table__cell\"><span class=\"specifications-table__text specifications-table__text--first-letter-uppercase\">6\u202610 W de circuito de controle<\/span><\/td>\n<\/tr>\n<tr class=\"specifications-table__row\">\n<th class=\"specifications-table__row-heading\">tempo de funcionamento<\/th>\n<td class=\"specifications-table__cell\"><span class=\"specifications-table__text specifications-table__text--first-letter-uppercase\">20&#8230;35 ms no fecho<br \/>\n6 &#8230; 30 ms na abertura<\/span><\/td>\n<\/tr>\n<tr class=\"specifications-table__row\">\n<th class=\"specifications-table__row-heading\">taxa operacional m\u00e1xima<\/th>\n<td class=\"specifications-table__cell\"><span class=\"specifications-table__text specifications-table__text--first-letter-uppercase\">1200 cc\/h 60 \u00b0C<\/span><\/td>\n<\/tr>\n<tr class=\"specifications-table__row\">\n<th class=\"specifications-table__row-heading\">conex\u00f5es &#8211; terminais<\/th>\n<td class=\"specifications-table__cell\"><span class=\"specifications-table__text specifications-table__text--first-letter-uppercase\">Circuito de controle: Terminais de parafuso 1 1\u20264 mm\u00b2 &#8211; rigidez do cabo: Flex\u00edvel Sem a extremidade do cabo Circuito<br \/>\nde controle: Terminais de parafuso 2 1\u20264 mm\u00b2 &#8211; rigidez do cabo: Flex\u00edvel Sem a extremidade do cabo<br \/>\nCircuito de controle: Terminais de parafuso 1 1\u20264 mm\u00b2 &#8211; rigidez do cabo: Flex\u00edvel Com a extremidade do cabo<br \/>\nCircuito de controle: Terminais de parafuso 2 1\u20262,5 mm\u00b2 &#8211; rigidez do cabo: Flex\u00edvel Com a extremidade do cabo<br \/>\nCircuito de controle: Terminais de parafuso 1 1\u20264 mm\u00b2 &#8211; rigidez do cabo: S\u00f3lido Sem a extremidade do cabo<br \/>\nCircuito de controle: Terminais de parafuso 2 1\u20264 mm\u00b2 &#8211; rigidez do cabo: S\u00f3lido Sem a extremidade do cabo<br \/>\nCircuito de pot\u00eancia: Terminais de parafuso 1 4\u2026 50 mm\u00b2 &#8211; rigidez do cabo: Flex\u00edvel Com a extremidade do cabo<br \/>\nCircuito de pot\u00eancia: Terminais de parafuso 2 4\u202616 mm\u00b2 &#8211; rigidez do cabo: Flex\u00edvel Com a extremidade do cabo Circuito<br \/>\nde pot\u00eancia: Terminais de parafuso 1 4\u202650 mm\u00b2 &#8211; for\u00e7a do cabo: S\u00f3lido Sem a extremidade do cabo<br \/>\nCircuito de pot\u00eancia: Terminais de parafuso 2 4\u202650 mm\u00b2 &#8211; rigidez do cabo: S\u00f3lido Sem a extremidade do cabo<\/span><\/td>\n<\/tr>\n<tr class=\"specifications-table__row\">\n<th class=\"specifications-table__row-heading\">torque de aperto<\/th>\n<td class=\"specifications-table__cell\"><span class=\"specifications-table__text specifications-table__text--first-letter-uppercase\">Circuito de controle: 1,2 Nm<br \/>\nCircuito de pot\u00eancia: 12 Nm<\/span><\/td>\n<\/tr>\n<tr class=\"specifications-table__row\">\n<th class=\"specifications-table__row-heading\">Contato Auxiliar<\/th>\n<td class=\"specifications-table__cell\"><span class=\"specifications-table__text specifications-table__text--first-letter-uppercase\">1 NA + 1 NF<\/span><\/td>\n<\/tr>\n<tr class=\"specifications-table__row\">\n<th class=\"specifications-table__row-heading\">tens\u00e3o de comuta\u00e7\u00e3o m\u00ednima<\/th>\n<td class=\"specifications-table__cell\"><span class=\"specifications-table__text specifications-table__text--first-letter-uppercase\">17 V para circuito de controle<\/span><\/td>\n<\/tr>\n<tr class=\"specifications-table__row\">\n<th class=\"specifications-table__row-heading\">corrente de comuta\u00e7\u00e3o m\u00ednima<\/th>\n<td class=\"specifications-table__cell\"><span class=\"specifications-table__text specifications-table__text--first-letter-uppercase\">5 mA para circuito de controle<\/span><\/td>\n<\/tr>\n<tr class=\"specifications-table__row\">\n<th class=\"specifications-table__row-heading\">resist\u00eancia de isolamento<\/th>\n<td class=\"specifications-table__cell\"><span class=\"specifications-table__text specifications-table__text--first-letter-uppercase\">&gt; 10 MOhm para circuito de controle<\/span><\/td>\n<\/tr>\n<tr class=\"specifications-table__row\">\n<th class=\"specifications-table__row-heading\">tempo n\u00e3o sobreposto<\/th>\n<td class=\"specifications-table__cell\"><span class=\"specifications-table__text specifications-table__text--first-letter-uppercase\">1,5 ms na energiza\u00e7\u00e3o on-delay contato<br \/>\n1,5 ms na desenergiza\u00e7\u00e3o on-delay contato<\/span><\/td>\n<\/tr>\n<tr class=\"specifications-table__row\">\n<th class=\"specifications-table__row-heading\">Suporte de montagem<\/th>\n<td class=\"specifications-table__cell\"><span class=\"specifications-table__text specifications-table__text--first-letter-uppercase\"><br \/>\nPlaca\u00a0Trilho DIN<\/span><\/td>\n<\/tr>\n<\/tbody>\n<\/table>\n","protected":false},"excerpt":{"rendered":"<h2 class=\"main-product-info__bottom-item main-product-info__bottom-item--product-id\">SCHNEIDER LC1E80M7<\/h2>","protected":false},"featured_media":5624,"comment_status":"open","ping_status":"closed","template":"","meta":[],"product_brand":[],"product_cat":[517,468],"product_tag":[518,502,504,519],"class_list":{"0":"post-5485","1":"product","2":"type-product","3":"status-publish","4":"has-post-thumbnail","6":"product_cat-contatores","7":"product_cat-eletrica","8":"product_tag-contatores","9":"product_tag-eletrico","10":"product_tag-maqmex","11":"product_tag-schneider","12":"product_shipping_class-normal","14":"first","15":"outofstock","16":"shipping-taxable","17":"purchasable","18":"product-type-simple"},"yoast_head":"<!-- This site is optimized with the Yoast SEO plugin v27.4 - https:\/\/yoast.com\/product\/yoast-seo-wordpress\/ -->\n<title>CONTATOR TRIPOLAR EASYPACT TVS 80A 1NA+1NF 220VCA50\/60HZ LC1E80M7 - Maqmex<\/title>\n<meta name=\"robots\" content=\"index, follow, max-snippet:-1, max-image-preview:large, max-video-preview:-1\" \/>\n<link rel=\"canonical\" href=\"https:\/\/maqmex.com.br\/en\/product\/contator-tripolar-easypact-tvs-80a-1na1nf-220vca50-60hz-lc1e80m7\/\" \/>\n<meta property=\"og:locale\" content=\"en_US\" \/>\n<meta property=\"og:type\" content=\"article\" \/>\n<meta property=\"og:title\" content=\"CONTATOR TRIPOLAR EASYPACT TVS 80A 1NA+1NF 220VCA50\/60HZ LC1E80M7 - Maqmex\" \/>\n<meta property=\"og:description\" content=\"SCHNEIDER LC1E80M7\" \/>\n<meta property=\"og:url\" content=\"https:\/\/maqmex.com.br\/en\/product\/contator-tripolar-easypact-tvs-80a-1na1nf-220vca50-60hz-lc1e80m7\/\" \/>\n<meta property=\"og:site_name\" content=\"Maqmex\" \/>\n<meta property=\"article:modified_time\" content=\"2025-04-08T11:23:13+00:00\" \/>\n<meta property=\"og:image\" content=\"https:\/\/maqmex.com.br\/wp-content\/uploads\/2025\/02\/CONTATOR01-removebg-preview-6.png\" \/>\n\t<meta property=\"og:image:width\" content=\"340\" \/>\n\t<meta property=\"og:image:height\" content=\"404\" \/>\n\t<meta property=\"og:image:type\" content=\"image\/png\" \/>\n<meta name=\"twitter:card\" content=\"summary_large_image\" \/>\n<meta name=\"twitter:label1\" content=\"Est. reading time\" \/>\n\t<meta name=\"twitter:data1\" content=\"3 minutes\" \/>\n<script type=\"application\/ld+json\" class=\"yoast-schema-graph\">{\"@context\":\"https:\\\/\\\/schema.org\",\"@graph\":[{\"@type\":\"WebPage\",\"@id\":\"https:\\\/\\\/maqmex.com.br\\\/produto\\\/contator-tripolar-easypact-tvs-80a-1na1nf-220vca50-60hz-lc1e80m7\\\/\",\"url\":\"https:\\\/\\\/maqmex.com.br\\\/produto\\\/contator-tripolar-easypact-tvs-80a-1na1nf-220vca50-60hz-lc1e80m7\\\/\",\"name\":\"CONTATOR TRIPOLAR EASYPACT TVS 80A 1NA+1NF 220VCA50\\\/60HZ LC1E80M7 - Maqmex\",\"isPartOf\":{\"@id\":\"https:\\\/\\\/maqmex.com.br\\\/#website\"},\"primaryImageOfPage\":{\"@id\":\"https:\\\/\\\/maqmex.com.br\\\/produto\\\/contator-tripolar-easypact-tvs-80a-1na1nf-220vca50-60hz-lc1e80m7\\\/#primaryimage\"},\"image\":{\"@id\":\"https:\\\/\\\/maqmex.com.br\\\/produto\\\/contator-tripolar-easypact-tvs-80a-1na1nf-220vca50-60hz-lc1e80m7\\\/#primaryimage\"},\"thumbnailUrl\":\"https:\\\/\\\/maqmex.com.br\\\/wp-content\\\/uploads\\\/2025\\\/02\\\/CONTATOR01-removebg-preview-6.png\",\"datePublished\":\"2025-02-11T18:09:28+00:00\",\"dateModified\":\"2025-04-08T11:23:13+00:00\",\"breadcrumb\":{\"@id\":\"https:\\\/\\\/maqmex.com.br\\\/produto\\\/contator-tripolar-easypact-tvs-80a-1na1nf-220vca50-60hz-lc1e80m7\\\/#breadcrumb\"},\"inLanguage\":\"en-US\",\"potentialAction\":[{\"@type\":\"ReadAction\",\"target\":[\"https:\\\/\\\/maqmex.com.br\\\/produto\\\/contator-tripolar-easypact-tvs-80a-1na1nf-220vca50-60hz-lc1e80m7\\\/\"]}]},{\"@type\":\"ImageObject\",\"inLanguage\":\"en-US\",\"@id\":\"https:\\\/\\\/maqmex.com.br\\\/produto\\\/contator-tripolar-easypact-tvs-80a-1na1nf-220vca50-60hz-lc1e80m7\\\/#primaryimage\",\"url\":\"https:\\\/\\\/maqmex.com.br\\\/wp-content\\\/uploads\\\/2025\\\/02\\\/CONTATOR01-removebg-preview-6.png\",\"contentUrl\":\"https:\\\/\\\/maqmex.com.br\\\/wp-content\\\/uploads\\\/2025\\\/02\\\/CONTATOR01-removebg-preview-6.png\",\"width\":340,\"height\":404},{\"@type\":\"BreadcrumbList\",\"@id\":\"https:\\\/\\\/maqmex.com.br\\\/produto\\\/contator-tripolar-easypact-tvs-80a-1na1nf-220vca50-60hz-lc1e80m7\\\/#breadcrumb\",\"itemListElement\":[{\"@type\":\"ListItem\",\"position\":1,\"name\":\"In\u00edcio\",\"item\":\"https:\\\/\\\/maqmex.com.br\\\/\"},{\"@type\":\"ListItem\",\"position\":2,\"name\":\"Shop\",\"item\":\"https:\\\/\\\/maqmex.com.br\\\/shop\\\/\"},{\"@type\":\"ListItem\",\"position\":3,\"name\":\"CONTATOR TRIPOLAR EASYPACT TVS 80A 1NA+1NF 220VCA50\\\/60HZ LC1E80M7\"}]},{\"@type\":\"WebSite\",\"@id\":\"https:\\\/\\\/maqmex.com.br\\\/#website\",\"url\":\"https:\\\/\\\/maqmex.com.br\\\/\",\"name\":\"Maqmex\",\"description\":\"Maqmex\",\"potentialAction\":[{\"@type\":\"SearchAction\",\"target\":{\"@type\":\"EntryPoint\",\"urlTemplate\":\"https:\\\/\\\/maqmex.com.br\\\/?s={search_term_string}\"},\"query-input\":{\"@type\":\"PropertyValueSpecification\",\"valueRequired\":true,\"valueName\":\"search_term_string\"}}],\"inLanguage\":\"en-US\"}]}<\/script>\n<!-- \/ Yoast SEO plugin. -->","yoast_head_json":{"title":"CONTATOR TRIPOLAR EASYPACT TVS 80A 1NA+1NF 220VCA50\/60HZ LC1E80M7 - Maqmex","robots":{"index":"index","follow":"follow","max-snippet":"max-snippet:-1","max-image-preview":"max-image-preview:large","max-video-preview":"max-video-preview:-1"},"canonical":"https:\/\/maqmex.com.br\/en\/product\/contator-tripolar-easypact-tvs-80a-1na1nf-220vca50-60hz-lc1e80m7\/","og_locale":"en_US","og_type":"article","og_title":"CONTATOR TRIPOLAR EASYPACT TVS 80A 1NA+1NF 220VCA50\/60HZ LC1E80M7 - Maqmex","og_description":"SCHNEIDER LC1E80M7","og_url":"https:\/\/maqmex.com.br\/en\/product\/contator-tripolar-easypact-tvs-80a-1na1nf-220vca50-60hz-lc1e80m7\/","og_site_name":"Maqmex","article_modified_time":"2025-04-08T11:23:13+00:00","og_image":[{"width":340,"height":404,"url":"https:\/\/maqmex.com.br\/wp-content\/uploads\/2025\/02\/CONTATOR01-removebg-preview-6.png","type":"image\/png"}],"twitter_card":"summary_large_image","twitter_misc":{"Est. reading time":"3 minutes"},"schema":{"@context":"https:\/\/schema.org","@graph":[{"@type":"WebPage","@id":"https:\/\/maqmex.com.br\/produto\/contator-tripolar-easypact-tvs-80a-1na1nf-220vca50-60hz-lc1e80m7\/","url":"https:\/\/maqmex.com.br\/produto\/contator-tripolar-easypact-tvs-80a-1na1nf-220vca50-60hz-lc1e80m7\/","name":"CONTATOR TRIPOLAR EASYPACT TVS 80A 1NA+1NF 220VCA50\/60HZ LC1E80M7 - Maqmex","isPartOf":{"@id":"https:\/\/maqmex.com.br\/#website"},"primaryImageOfPage":{"@id":"https:\/\/maqmex.com.br\/produto\/contator-tripolar-easypact-tvs-80a-1na1nf-220vca50-60hz-lc1e80m7\/#primaryimage"},"image":{"@id":"https:\/\/maqmex.com.br\/produto\/contator-tripolar-easypact-tvs-80a-1na1nf-220vca50-60hz-lc1e80m7\/#primaryimage"},"thumbnailUrl":"https:\/\/maqmex.com.br\/wp-content\/uploads\/2025\/02\/CONTATOR01-removebg-preview-6.png","datePublished":"2025-02-11T18:09:28+00:00","dateModified":"2025-04-08T11:23:13+00:00","breadcrumb":{"@id":"https:\/\/maqmex.com.br\/produto\/contator-tripolar-easypact-tvs-80a-1na1nf-220vca50-60hz-lc1e80m7\/#breadcrumb"},"inLanguage":"en-US","potentialAction":[{"@type":"ReadAction","target":["https:\/\/maqmex.com.br\/produto\/contator-tripolar-easypact-tvs-80a-1na1nf-220vca50-60hz-lc1e80m7\/"]}]},{"@type":"ImageObject","inLanguage":"en-US","@id":"https:\/\/maqmex.com.br\/produto\/contator-tripolar-easypact-tvs-80a-1na1nf-220vca50-60hz-lc1e80m7\/#primaryimage","url":"https:\/\/maqmex.com.br\/wp-content\/uploads\/2025\/02\/CONTATOR01-removebg-preview-6.png","contentUrl":"https:\/\/maqmex.com.br\/wp-content\/uploads\/2025\/02\/CONTATOR01-removebg-preview-6.png","width":340,"height":404},{"@type":"BreadcrumbList","@id":"https:\/\/maqmex.com.br\/produto\/contator-tripolar-easypact-tvs-80a-1na1nf-220vca50-60hz-lc1e80m7\/#breadcrumb","itemListElement":[{"@type":"ListItem","position":1,"name":"In\u00edcio","item":"https:\/\/maqmex.com.br\/"},{"@type":"ListItem","position":2,"name":"Shop","item":"https:\/\/maqmex.com.br\/shop\/"},{"@type":"ListItem","position":3,"name":"CONTATOR TRIPOLAR EASYPACT TVS 80A 1NA+1NF 220VCA50\/60HZ LC1E80M7"}]},{"@type":"WebSite","@id":"https:\/\/maqmex.com.br\/#website","url":"https:\/\/maqmex.com.br\/","name":"Maqmex","description":"Maqmex","potentialAction":[{"@type":"SearchAction","target":{"@type":"EntryPoint","urlTemplate":"https:\/\/maqmex.com.br\/?s={search_term_string}"},"query-input":{"@type":"PropertyValueSpecification","valueRequired":true,"valueName":"search_term_string"}}],"inLanguage":"en-US"}]}},"_links":{"self":[{"href":"https:\/\/maqmex.com.br\/en\/wp-json\/wp\/v2\/product\/5485","targetHints":{"allow":["GET"]}}],"collection":[{"href":"https:\/\/maqmex.com.br\/en\/wp-json\/wp\/v2\/product"}],"about":[{"href":"https:\/\/maqmex.com.br\/en\/wp-json\/wp\/v2\/types\/product"}],"replies":[{"embeddable":true,"href":"https:\/\/maqmex.com.br\/en\/wp-json\/wp\/v2\/comments?post=5485"}],"version-history":[{"count":0,"href":"https:\/\/maqmex.com.br\/en\/wp-json\/wp\/v2\/product\/5485\/revisions"}],"wp:featuredmedia":[{"embeddable":true,"href":"https:\/\/maqmex.com.br\/en\/wp-json\/wp\/v2\/media\/5624"}],"wp:attachment":[{"href":"https:\/\/maqmex.com.br\/en\/wp-json\/wp\/v2\/media?parent=5485"}],"wp:term":[{"taxonomy":"product_brand","embeddable":true,"href":"https:\/\/maqmex.com.br\/en\/wp-json\/wp\/v2\/product_brand?post=5485"},{"taxonomy":"product_cat","embeddable":true,"href":"https:\/\/maqmex.com.br\/en\/wp-json\/wp\/v2\/product_cat?post=5485"},{"taxonomy":"product_tag","embeddable":true,"href":"https:\/\/maqmex.com.br\/en\/wp-json\/wp\/v2\/product_tag?post=5485"}],"curies":[{"name":"wp","href":"https:\/\/api.w.org\/{rel}","templated":true}]}}