{"id":5521,"date":"2025-02-11T15:09:53","date_gmt":"2025-02-11T18:09:53","guid":{"rendered":"https:\/\/maqmex.nogahost.com\/?post_type=product&#038;p=5521"},"modified":"2025-04-08T08:22:41","modified_gmt":"2025-04-08T11:22:41","slug":"botao-de-desligamento-de-emergencia-o22mm-plastico-cogumelo-o40mm-vermelho-girar-para-destravar-nf","status":"publish","type":"product","link":"https:\/\/maqmex.com.br\/en\/product\/botao-de-desligamento-de-emergencia-o22mm-plastico-cogumelo-o40mm-vermelho-girar-para-destravar-nf\/","title":{"rendered":"Bot\u00e3o de desligamento de emerg\u00eancia \u00d822mm pl\u00e1stico, cogumelo \u00d840mm, vermelho, girar para destravar, NF"},"content":{"rendered":"<table class=\"specifications-table\">\n<caption class=\"specifications-table__caption\">Diretor<\/caption>\n<tbody>\n<tr class=\"specifications-table__row\">\n<th class=\"specifications-table__row-heading\">Linha de produto<\/th>\n<td class=\"specifications-table__cell\"><span class=\"specifications-table__text specifications-table__text--first-letter-uppercase\">Easy Harmony XA2<\/span><\/td>\n<\/tr>\n<tr class=\"specifications-table__row\">\n<th class=\"specifications-table__row-heading\">Tipo de produto ou componente<\/th>\n<td class=\"specifications-table__cell\"><span class=\"specifications-table__text specifications-table__text--first-letter-uppercase\">Bot\u00e3o de desligamento de emerg\u00eancia completo<\/span><\/td>\n<\/tr>\n<tr class=\"specifications-table__row\">\n<th class=\"specifications-table__row-heading\">Nome abreviado do dispositivo<\/th>\n<td class=\"specifications-table__cell\"><span class=\"specifications-table__text specifications-table__text--first-letter-uppercase\">XA2<\/span><\/td>\n<\/tr>\n<tr class=\"specifications-table__row\">\n<th class=\"specifications-table__row-heading\">Material do aro<\/th>\n<td class=\"specifications-table__cell\"><span class=\"specifications-table__text specifications-table__text--first-letter-uppercase\">Pl\u00e1stico<\/span><\/td>\n<\/tr>\n<tr class=\"specifications-table__row\">\n<th class=\"specifications-table__row-heading\">di\u00e2metro de montagem<\/th>\n<td class=\"specifications-table__cell\"><span class=\"specifications-table__text specifications-table__text--first-letter-uppercase\">22 mm<\/span><\/td>\n<\/tr>\n<\/tbody>\n<\/table>\n<table class=\"specifications-table\">\n<caption class=\"specifications-table__caption\">Complementar<\/caption>\n<tbody>\n<tr class=\"specifications-table__row\">\n<th class=\"specifications-table__row-heading\">posi\u00e7\u00e3o de opera\u00e7\u00e3o<\/th>\n<td class=\"specifications-table__cell\"><span class=\"specifications-table__text specifications-table__text--first-letter-uppercase\">Qualquer posi\u00e7\u00e3o<\/span><\/td>\n<\/tr>\n<tr class=\"specifications-table__row\">\n<th class=\"specifications-table__row-heading\">Montagem do dispositivo<\/th>\n<td class=\"specifications-table__cell\"><span class=\"specifications-table__text specifications-table__text--first-letter-uppercase\">Furo de fixa\u00e7\u00e3o &#8211; di\u00e2metro: 22 mm<\/span><\/td>\n<\/tr>\n<tr class=\"specifications-table__row\">\n<th class=\"specifications-table__row-heading\">centro de fixa\u00e7\u00e3o<\/th>\n<td class=\"specifications-table__cell\"><span class=\"specifications-table__text specifications-table__text--first-letter-uppercase\">&gt;= 30 x 40 mm (painel) &#8211; espessura: 1\u20265 mm<\/span><\/td>\n<\/tr>\n<tr class=\"specifications-table__row\">\n<th class=\"specifications-table__row-heading\">modo de fixa\u00e7\u00e3o<\/th>\n<td class=\"specifications-table__cell\"><span class=\"specifications-table__text specifications-table__text--first-letter-uppercase\">Porca de fixa\u00e7\u00e3o: 2\u20262,4 Nm<\/span><\/td>\n<\/tr>\n<tr class=\"specifications-table__row\">\n<th class=\"specifications-table__row-heading\">formato do cabe\u00e7ote da unidade de sinal<\/th>\n<td class=\"specifications-table__cell\"><span class=\"specifications-table__text specifications-table__text--first-letter-uppercase\">Redondo<\/span><\/td>\n<\/tr>\n<tr class=\"specifications-table__row\">\n<th class=\"specifications-table__row-heading\">tipo de acionamento<\/th>\n<td class=\"specifications-table__cell\"><span class=\"specifications-table__text specifications-table__text--first-letter-uppercase\">Girar para destravar<\/span><\/td>\n<\/tr>\n<tr class=\"specifications-table__row\">\n<th class=\"specifications-table__row-heading\">rearme<\/th>\n<td class=\"specifications-table__cell\"><span class=\"specifications-table__text specifications-table__text--first-letter-uppercase\">Girar para destravar<\/span><\/td>\n<\/tr>\n<tr class=\"specifications-table__row\">\n<th class=\"specifications-table__row-heading\">caracter\u00edstica do acionamento<\/th>\n<td class=\"specifications-table__cell\"><span class=\"specifications-table__text specifications-table__text--first-letter-uppercase\">Bot\u00e3o vermelho cogumelo \u00d8 40 mm<\/span><\/td>\n<\/tr>\n<tr class=\"specifications-table__row\">\n<th class=\"specifications-table__row-heading\">Tipo e composi\u00e7\u00e3o dos contatos<\/th>\n<td class=\"specifications-table__cell\"><span class=\"specifications-table__text specifications-table__text--first-letter-uppercase\">1 nota fiscal<\/span><\/td>\n<\/tr>\n<tr class=\"specifications-table__row\">\n<th class=\"specifications-table__row-heading\">opera\u00e7\u00e3o dos contatos<\/th>\n<td class=\"specifications-table__cell\"><span class=\"specifications-table__text specifications-table__text--first-letter-uppercase\">Abertura lenta<\/span><\/td>\n<\/tr>\n<tr class=\"specifications-table__row\">\n<th class=\"specifications-table__row-heading\">ruptura positiva<\/th>\n<td class=\"specifications-table__cell\"><span class=\"specifications-table__text specifications-table__text--first-letter-uppercase\">Com contato NF<\/span><\/td>\n<\/tr>\n<tr class=\"specifications-table__row\">\n<th class=\"specifications-table__row-heading\">durabilidade mec\u00e2nica<\/th>\n<td class=\"specifications-table__cell\"><span class=\"specifications-table__text specifications-table__text--first-letter-uppercase\">100000 ciclos<\/span><\/td>\n<\/tr>\n<tr class=\"specifications-table__row\">\n<th class=\"specifications-table__row-heading\">Conex\u00f5es &#8211; terminais<\/th>\n<td class=\"specifications-table__cell\"><span class=\"specifications-table__text specifications-table__text--first-letter-uppercase\">Conex\u00e3o por parafuso, &lt;= 2 x 1,5 mm\u00b2<br \/>\nConex\u00e3o por parafuso, &lt;= 1 x 2,5 mm\u00b2<br \/>\nConex\u00e3o por parafuso, &gt; = 1 x 0,5 mm\u00b2<br \/>\nTerminal faston , tamanho da conex\u00e3o: 6,3 mm<\/span><\/td>\n<\/tr>\n<tr class=\"specifications-table__row\">\n<th class=\"specifications-table__row-heading\">torque de aperto<\/th>\n<td class=\"specifications-table__cell\"><span class=\"specifications-table__text specifications-table__text--first-letter-uppercase\">0,8 Nm<\/span><\/td>\n<\/tr>\n<tr class=\"specifications-table__row\">\n<th class=\"specifications-table__row-heading\">prote\u00e7\u00e3o contra sobrecarga e curtos-circuitos<\/th>\n<td class=\"specifications-table__cell\"><span class=\"specifications-table__text specifications-table__text--first-letter-uppercase\">10 A fus\u00edvel gL conforme IEC 60269-1<\/span><\/td>\n<\/tr>\n<tr class=\"specifications-table__row\">\n<th class=\"specifications-table__row-heading\">[Ith] corrente t\u00e9rmica ao ar livre convencional<\/th>\n<td class=\"specifications-table__cell\"><span class=\"specifications-table__text specifications-table__text--first-letter-uppercase\">10A<\/span><\/td>\n<\/tr>\n<tr class=\"specifications-table__row\">\n<th class=\"specifications-table__row-heading\">[Ui] tens\u00e3o nominal de isolamento<\/th>\n<td class=\"specifications-table__cell\"><span class=\"specifications-table__text specifications-table__text--first-letter-uppercase\">600 V conforme IEC 60947-1<\/span><\/td>\n<\/tr>\n<tr class=\"specifications-table__row\">\n<th class=\"specifications-table__row-heading\">[Uimp] tens\u00e3o nominal suport\u00e1vel de impulso<\/th>\n<td class=\"specifications-table__cell\"><span class=\"specifications-table__text specifications-table__text--first-letter-uppercase\">6 kV IEC 60947-1<\/span><\/td>\n<\/tr>\n<tr class=\"specifications-table__row\">\n<th class=\"specifications-table__row-heading\">[Ie] corrente nominal de opera\u00e7\u00e3o<\/th>\n<td class=\"specifications-table__cell\"><span class=\"specifications-table__text specifications-table__text--first-letter-uppercase\">3 A a 240 V, CA-15, A600<br \/>\n0,27 A a 250 V, CC-13, Q600<\/span><\/td>\n<\/tr>\n<tr class=\"specifications-table__row\">\n<th class=\"specifications-table__row-heading\">durabilidade el\u00e9trica<\/th>\n<td class=\"specifications-table__cell\"><span class=\"specifications-table__text specifications-table__text--first-letter-uppercase\">500000 ciclos, CA-15, 3 A a 230 V , taxa de funcionamento &lt; 60 cic\/mn , fator de carga: 0,5 conforme IEC 60947-5-4<br \/>\n500000 ciclos, CC-13, 0,2 A a 110 V , taxa de funcionamento &lt; 60 cic\/mn , fator de carga: 0,5 conforme IEC 60947-5-4<\/span><\/td>\n<\/tr>\n<tr class=\"specifications-table__row\">\n<th class=\"specifications-table__row-heading\">confiabilidade el\u00e9trica<\/th>\n<td class=\"specifications-table__cell\"><span class=\"specifications-table__text specifications-table__text--first-letter-uppercase\">\u039b &lt; 10exp(-8) a 24 V<\/span><\/td>\n<\/tr>\n<tr class=\"specifications-table__row\">\n<th class=\"specifications-table__row-heading\">Altura<\/th>\n<td class=\"specifications-table__cell\"><span class=\"specifications-table__text specifications-table__text--first-letter-uppercase\">30mm<\/span><\/td>\n<\/tr>\n<tr class=\"specifications-table__row\">\n<th class=\"specifications-table__row-heading\">Largura<\/th>\n<td class=\"specifications-table__cell\"><span class=\"specifications-table__text specifications-table__text--first-letter-uppercase\">42mm<\/span><\/td>\n<\/tr>\n<tr class=\"specifications-table__row\">\n<th class=\"specifications-table__row-heading\">profundidade<\/th>\n<td class=\"specifications-table__cell\"><span class=\"specifications-table__text specifications-table__text--first-letter-uppercase\">74,2 mm<\/span><\/td>\n<\/tr>\n<tr class=\"specifications-table__row\">\n<th class=\"specifications-table__row-heading\">Peso l\u00edquido<\/th>\n<td class=\"specifications-table__cell\"><span class=\"specifications-table__text specifications-table__text--first-letter-uppercase\">0,058kg<\/span><\/td>\n<\/tr>\n<\/tbody>\n<\/table>\n","protected":false},"excerpt":{"rendered":"<h2 class=\"main-product-info__bottom-item main-product-info__bottom-item--product-id\">SCHNEIDER XA2ES542<\/h2>","protected":false},"featured_media":5632,"comment_status":"open","ping_status":"closed","template":"","meta":[],"product_brand":[],"product_cat":[500,468],"product_tag":[520,502,504,519,516],"class_list":{"0":"post-5521","1":"product","2":"type-product","3":"status-publish","4":"has-post-thumbnail","6":"product_cat-componente-eletronico","7":"product_cat-eletrica","8":"product_tag-botao-de-emergencia","9":"product_tag-eletrico","10":"product_tag-maqmex","11":"product_tag-schneider","12":"product_tag-seguranca","13":"product_shipping_class-normal","15":"first","16":"outofstock","17":"shipping-taxable","18":"purchasable","19":"product-type-simple"},"yoast_head":"<!-- This site is optimized with the Yoast SEO plugin v27.4 - https:\/\/yoast.com\/product\/yoast-seo-wordpress\/ -->\n<title>Bot\u00e3o de desligamento de emerg\u00eancia \u00d822mm pl\u00e1stico, cogumelo \u00d840mm, vermelho, girar para destravar, NF - Maqmex<\/title>\n<meta name=\"robots\" content=\"index, follow, max-snippet:-1, max-image-preview:large, max-video-preview:-1\" \/>\n<link rel=\"canonical\" href=\"https:\/\/maqmex.com.br\/en\/product\/botao-de-desligamento-de-emergencia-o22mm-plastico-cogumelo-o40mm-vermelho-girar-para-destravar-nf\/\" \/>\n<meta property=\"og:locale\" content=\"en_US\" \/>\n<meta property=\"og:type\" content=\"article\" \/>\n<meta property=\"og:title\" content=\"Bot\u00e3o de desligamento de emerg\u00eancia \u00d822mm pl\u00e1stico, cogumelo \u00d840mm, vermelho, girar para destravar, NF - Maqmex\" \/>\n<meta property=\"og:description\" content=\"SCHNEIDER XA2ES542\" \/>\n<meta property=\"og:url\" content=\"https:\/\/maqmex.com.br\/en\/product\/botao-de-desligamento-de-emergencia-o22mm-plastico-cogumelo-o40mm-vermelho-girar-para-destravar-nf\/\" \/>\n<meta property=\"og:site_name\" content=\"Maqmex\" \/>\n<meta property=\"article:modified_time\" content=\"2025-04-08T11:22:41+00:00\" \/>\n<meta property=\"og:image\" content=\"https:\/\/maqmex.com.br\/wp-content\/uploads\/2025\/02\/BOTAO01-removebg-preview.png\" \/>\n\t<meta property=\"og:image:width\" content=\"557\" \/>\n\t<meta property=\"og:image:height\" content=\"367\" \/>\n\t<meta property=\"og:image:type\" content=\"image\/png\" \/>\n<meta name=\"twitter:card\" content=\"summary_large_image\" \/>\n<meta name=\"twitter:label1\" content=\"Est. reading time\" \/>\n\t<meta name=\"twitter:data1\" content=\"1 minute\" \/>\n<script type=\"application\/ld+json\" class=\"yoast-schema-graph\">{\"@context\":\"https:\\\/\\\/schema.org\",\"@graph\":[{\"@type\":\"WebPage\",\"@id\":\"https:\\\/\\\/maqmex.com.br\\\/produto\\\/botao-de-desligamento-de-emergencia-o22mm-plastico-cogumelo-o40mm-vermelho-girar-para-destravar-nf\\\/\",\"url\":\"https:\\\/\\\/maqmex.com.br\\\/produto\\\/botao-de-desligamento-de-emergencia-o22mm-plastico-cogumelo-o40mm-vermelho-girar-para-destravar-nf\\\/\",\"name\":\"Bot\u00e3o de desligamento de emerg\u00eancia \u00d822mm pl\u00e1stico, cogumelo \u00d840mm, vermelho, girar para destravar, NF - Maqmex\",\"isPartOf\":{\"@id\":\"https:\\\/\\\/maqmex.com.br\\\/#website\"},\"primaryImageOfPage\":{\"@id\":\"https:\\\/\\\/maqmex.com.br\\\/produto\\\/botao-de-desligamento-de-emergencia-o22mm-plastico-cogumelo-o40mm-vermelho-girar-para-destravar-nf\\\/#primaryimage\"},\"image\":{\"@id\":\"https:\\\/\\\/maqmex.com.br\\\/produto\\\/botao-de-desligamento-de-emergencia-o22mm-plastico-cogumelo-o40mm-vermelho-girar-para-destravar-nf\\\/#primaryimage\"},\"thumbnailUrl\":\"https:\\\/\\\/maqmex.com.br\\\/wp-content\\\/uploads\\\/2025\\\/02\\\/BOTAO01-removebg-preview.png\",\"datePublished\":\"2025-02-11T18:09:53+00:00\",\"dateModified\":\"2025-04-08T11:22:41+00:00\",\"breadcrumb\":{\"@id\":\"https:\\\/\\\/maqmex.com.br\\\/produto\\\/botao-de-desligamento-de-emergencia-o22mm-plastico-cogumelo-o40mm-vermelho-girar-para-destravar-nf\\\/#breadcrumb\"},\"inLanguage\":\"en-US\",\"potentialAction\":[{\"@type\":\"ReadAction\",\"target\":[\"https:\\\/\\\/maqmex.com.br\\\/produto\\\/botao-de-desligamento-de-emergencia-o22mm-plastico-cogumelo-o40mm-vermelho-girar-para-destravar-nf\\\/\"]}]},{\"@type\":\"ImageObject\",\"inLanguage\":\"en-US\",\"@id\":\"https:\\\/\\\/maqmex.com.br\\\/produto\\\/botao-de-desligamento-de-emergencia-o22mm-plastico-cogumelo-o40mm-vermelho-girar-para-destravar-nf\\\/#primaryimage\",\"url\":\"https:\\\/\\\/maqmex.com.br\\\/wp-content\\\/uploads\\\/2025\\\/02\\\/BOTAO01-removebg-preview.png\",\"contentUrl\":\"https:\\\/\\\/maqmex.com.br\\\/wp-content\\\/uploads\\\/2025\\\/02\\\/BOTAO01-removebg-preview.png\",\"width\":557,\"height\":367},{\"@type\":\"BreadcrumbList\",\"@id\":\"https:\\\/\\\/maqmex.com.br\\\/produto\\\/botao-de-desligamento-de-emergencia-o22mm-plastico-cogumelo-o40mm-vermelho-girar-para-destravar-nf\\\/#breadcrumb\",\"itemListElement\":[{\"@type\":\"ListItem\",\"position\":1,\"name\":\"In\u00edcio\",\"item\":\"https:\\\/\\\/maqmex.com.br\\\/\"},{\"@type\":\"ListItem\",\"position\":2,\"name\":\"Shop\",\"item\":\"https:\\\/\\\/maqmex.com.br\\\/shop\\\/\"},{\"@type\":\"ListItem\",\"position\":3,\"name\":\"Bot\u00e3o de desligamento de emerg\u00eancia \u00d822mm pl\u00e1stico, cogumelo \u00d840mm, vermelho, girar para destravar, NF\"}]},{\"@type\":\"WebSite\",\"@id\":\"https:\\\/\\\/maqmex.com.br\\\/#website\",\"url\":\"https:\\\/\\\/maqmex.com.br\\\/\",\"name\":\"Maqmex\",\"description\":\"Maqmex\",\"potentialAction\":[{\"@type\":\"SearchAction\",\"target\":{\"@type\":\"EntryPoint\",\"urlTemplate\":\"https:\\\/\\\/maqmex.com.br\\\/?s={search_term_string}\"},\"query-input\":{\"@type\":\"PropertyValueSpecification\",\"valueRequired\":true,\"valueName\":\"search_term_string\"}}],\"inLanguage\":\"en-US\"}]}<\/script>\n<!-- \/ Yoast SEO plugin. -->","yoast_head_json":{"title":"Bot\u00e3o de desligamento de emerg\u00eancia \u00d822mm pl\u00e1stico, cogumelo \u00d840mm, vermelho, girar para destravar, NF - Maqmex","robots":{"index":"index","follow":"follow","max-snippet":"max-snippet:-1","max-image-preview":"max-image-preview:large","max-video-preview":"max-video-preview:-1"},"canonical":"https:\/\/maqmex.com.br\/en\/product\/botao-de-desligamento-de-emergencia-o22mm-plastico-cogumelo-o40mm-vermelho-girar-para-destravar-nf\/","og_locale":"en_US","og_type":"article","og_title":"Bot\u00e3o de desligamento de emerg\u00eancia \u00d822mm pl\u00e1stico, cogumelo \u00d840mm, vermelho, girar para destravar, NF - Maqmex","og_description":"SCHNEIDER XA2ES542","og_url":"https:\/\/maqmex.com.br\/en\/product\/botao-de-desligamento-de-emergencia-o22mm-plastico-cogumelo-o40mm-vermelho-girar-para-destravar-nf\/","og_site_name":"Maqmex","article_modified_time":"2025-04-08T11:22:41+00:00","og_image":[{"width":557,"height":367,"url":"https:\/\/maqmex.com.br\/wp-content\/uploads\/2025\/02\/BOTAO01-removebg-preview.png","type":"image\/png"}],"twitter_card":"summary_large_image","twitter_misc":{"Est. reading time":"1 minute"},"schema":{"@context":"https:\/\/schema.org","@graph":[{"@type":"WebPage","@id":"https:\/\/maqmex.com.br\/produto\/botao-de-desligamento-de-emergencia-o22mm-plastico-cogumelo-o40mm-vermelho-girar-para-destravar-nf\/","url":"https:\/\/maqmex.com.br\/produto\/botao-de-desligamento-de-emergencia-o22mm-plastico-cogumelo-o40mm-vermelho-girar-para-destravar-nf\/","name":"Bot\u00e3o de desligamento de emerg\u00eancia \u00d822mm pl\u00e1stico, cogumelo \u00d840mm, vermelho, girar para destravar, NF - Maqmex","isPartOf":{"@id":"https:\/\/maqmex.com.br\/#website"},"primaryImageOfPage":{"@id":"https:\/\/maqmex.com.br\/produto\/botao-de-desligamento-de-emergencia-o22mm-plastico-cogumelo-o40mm-vermelho-girar-para-destravar-nf\/#primaryimage"},"image":{"@id":"https:\/\/maqmex.com.br\/produto\/botao-de-desligamento-de-emergencia-o22mm-plastico-cogumelo-o40mm-vermelho-girar-para-destravar-nf\/#primaryimage"},"thumbnailUrl":"https:\/\/maqmex.com.br\/wp-content\/uploads\/2025\/02\/BOTAO01-removebg-preview.png","datePublished":"2025-02-11T18:09:53+00:00","dateModified":"2025-04-08T11:22:41+00:00","breadcrumb":{"@id":"https:\/\/maqmex.com.br\/produto\/botao-de-desligamento-de-emergencia-o22mm-plastico-cogumelo-o40mm-vermelho-girar-para-destravar-nf\/#breadcrumb"},"inLanguage":"en-US","potentialAction":[{"@type":"ReadAction","target":["https:\/\/maqmex.com.br\/produto\/botao-de-desligamento-de-emergencia-o22mm-plastico-cogumelo-o40mm-vermelho-girar-para-destravar-nf\/"]}]},{"@type":"ImageObject","inLanguage":"en-US","@id":"https:\/\/maqmex.com.br\/produto\/botao-de-desligamento-de-emergencia-o22mm-plastico-cogumelo-o40mm-vermelho-girar-para-destravar-nf\/#primaryimage","url":"https:\/\/maqmex.com.br\/wp-content\/uploads\/2025\/02\/BOTAO01-removebg-preview.png","contentUrl":"https:\/\/maqmex.com.br\/wp-content\/uploads\/2025\/02\/BOTAO01-removebg-preview.png","width":557,"height":367},{"@type":"BreadcrumbList","@id":"https:\/\/maqmex.com.br\/produto\/botao-de-desligamento-de-emergencia-o22mm-plastico-cogumelo-o40mm-vermelho-girar-para-destravar-nf\/#breadcrumb","itemListElement":[{"@type":"ListItem","position":1,"name":"In\u00edcio","item":"https:\/\/maqmex.com.br\/"},{"@type":"ListItem","position":2,"name":"Shop","item":"https:\/\/maqmex.com.br\/shop\/"},{"@type":"ListItem","position":3,"name":"Bot\u00e3o de desligamento de emerg\u00eancia \u00d822mm pl\u00e1stico, cogumelo \u00d840mm, vermelho, girar para destravar, NF"}]},{"@type":"WebSite","@id":"https:\/\/maqmex.com.br\/#website","url":"https:\/\/maqmex.com.br\/","name":"Maqmex","description":"Maqmex","potentialAction":[{"@type":"SearchAction","target":{"@type":"EntryPoint","urlTemplate":"https:\/\/maqmex.com.br\/?s={search_term_string}"},"query-input":{"@type":"PropertyValueSpecification","valueRequired":true,"valueName":"search_term_string"}}],"inLanguage":"en-US"}]}},"_links":{"self":[{"href":"https:\/\/maqmex.com.br\/en\/wp-json\/wp\/v2\/product\/5521","targetHints":{"allow":["GET"]}}],"collection":[{"href":"https:\/\/maqmex.com.br\/en\/wp-json\/wp\/v2\/product"}],"about":[{"href":"https:\/\/maqmex.com.br\/en\/wp-json\/wp\/v2\/types\/product"}],"replies":[{"embeddable":true,"href":"https:\/\/maqmex.com.br\/en\/wp-json\/wp\/v2\/comments?post=5521"}],"version-history":[{"count":0,"href":"https:\/\/maqmex.com.br\/en\/wp-json\/wp\/v2\/product\/5521\/revisions"}],"wp:featuredmedia":[{"embeddable":true,"href":"https:\/\/maqmex.com.br\/en\/wp-json\/wp\/v2\/media\/5632"}],"wp:attachment":[{"href":"https:\/\/maqmex.com.br\/en\/wp-json\/wp\/v2\/media?parent=5521"}],"wp:term":[{"taxonomy":"product_brand","embeddable":true,"href":"https:\/\/maqmex.com.br\/en\/wp-json\/wp\/v2\/product_brand?post=5521"},{"taxonomy":"product_cat","embeddable":true,"href":"https:\/\/maqmex.com.br\/en\/wp-json\/wp\/v2\/product_cat?post=5521"},{"taxonomy":"product_tag","embeddable":true,"href":"https:\/\/maqmex.com.br\/en\/wp-json\/wp\/v2\/product_tag?post=5521"}],"curies":[{"name":"wp","href":"https:\/\/api.w.org\/{rel}","templated":true}]}}