{"id":5524,"date":"2025-02-11T15:09:53","date_gmt":"2025-02-11T18:09:53","guid":{"rendered":"https:\/\/maqmex.nogahost.com\/?post_type=product&#038;p=5524"},"modified":"2025-04-08T08:22:16","modified_gmt":"2025-04-08T11:22:16","slug":"base-para-rele-rsl-conexao-parafuso-led-12-e-24vca-cc","status":"publish","type":"product","link":"https:\/\/maqmex.com.br\/en\/product\/base-para-rele-rsl-conexao-parafuso-led-12-e-24vca-cc\/","title":{"rendered":"Base para rel\u00e9 RSL, conex\u00e3o parafuso, LED, 12 e 24VCA\/CC"},"content":{"rendered":"<table class=\"specifications-table\">\n<caption class=\"specifications-table__caption\"><span>Diretor<\/span><\/caption>\n<tbody>\n<tr class=\"specifications-table__row\">\n<th class=\"specifications-table__row-heading\"><span>Linha de produto<\/span><\/th>\n<td class=\"specifications-table__cell\"><span class=\"specifications-table__text specifications-table__text--first-letter-uppercase\"><span>Rel\u00e9s Eletromec\u00e2nicos<\/span><\/span><\/td>\n<\/tr>\n<tr class=\"specifications-table__row\">\n<th class=\"specifications-table__row-heading\"><span>Tipo de produto ou componente<\/span><\/th>\n<td class=\"specifications-table__cell\"><span class=\"specifications-table__text specifications-table__text--first-letter-uppercase\"><span>Base<\/span><\/span><\/td>\n<\/tr>\n<tr class=\"specifications-table__row\">\n<th class=\"specifications-table__row-heading\"><span>disposi\u00e7\u00e3o do terminal de contato<\/span><\/th>\n<td class=\"specifications-table__cell\"><span class=\"specifications-table__text specifications-table__text--first-letter-uppercase\"><span>Separado<\/span><\/span><\/td>\n<\/tr>\n<tr class=\"specifications-table__row\">\n<th class=\"specifications-table__row-heading\"><span>compatibilidade do produto<\/span><\/th>\n<td class=\"specifications-table__cell\"><span class=\"specifications-table__text specifications-table__text--first-letter-uppercase\"><span>Rel\u00e9 tipo plug-in RSL com 1 F\/A contato a 12 V CC<\/span><br \/>\n<span>Rel\u00e9 tipo plug-in RSL com 1 F\/A contato a 24 V CC<\/span><\/span><\/td>\n<\/tr>\n<tr class=\"specifications-table__row\">\n<th class=\"specifications-table__row-heading\"><span>forma do pino<\/span><\/th>\n<td class=\"specifications-table__cell\"><span class=\"specifications-table__text specifications-table__text--first-letter-uppercase\"><span>Tipo apartamento<\/span><\/span><\/td>\n<\/tr>\n<tr class=\"specifications-table__row\">\n<th class=\"specifications-table__row-heading\"><span>Nome abreviado do dispositivo<\/span><\/th>\n<td class=\"specifications-table__cell\"><span class=\"specifications-table__text specifications-table__text--first-letter-uppercase\"><span>RSLZ<\/span><\/span><\/td>\n<\/tr>\n<tr class=\"specifications-table__row\">\n<th class=\"specifications-table__row-heading\"><span>Apresenta\u00e7\u00e3o do dispositivo<\/span><\/th>\n<td class=\"specifications-table__cell\"><span class=\"specifications-table__text specifications-table__text--first-letter-uppercase\"><span>Componentes separados<\/span><\/span><\/td>\n<\/tr>\n<tr class=\"specifications-table__row\">\n<th class=\"specifications-table__row-heading\"><span>quantidade indivis\u00edvel de venda<\/span><\/th>\n<td class=\"specifications-table__cell\"><span class=\"specifications-table__text specifications-table__text--first-letter-uppercase\"><span>10<\/span><\/span><\/td>\n<\/tr>\n<tr class=\"specifications-table__row\">\n<th class=\"specifications-table__row-heading\"><span>tens\u00e3o de comuta\u00e7\u00e3o<\/span><\/th>\n<td class=\"specifications-table__cell\"><span class=\"specifications-table__text specifications-table__text--first-letter-uppercase\"><span>12 V CA\/CC<\/span><br \/>\n<span>24 V CA\/CC<\/span><\/span><\/td>\n<\/tr>\n<\/tbody>\n<\/table>\n<table class=\"specifications-table\">\n<caption class=\"specifications-table__caption\"><span>Complementar<\/span><\/caption>\n<tbody>\n<tr class=\"specifications-table__row\">\n<th class=\"specifications-table__row-heading\"><span>[Ith] corrente t\u00e9rmica convencional ao ar livre<\/span><\/th>\n<td class=\"specifications-table__cell\"><span class=\"specifications-table__text specifications-table__text--first-letter-uppercase\"><span>6A<\/span><\/span><\/td>\n<\/tr>\n<tr class=\"specifications-table__row\">\n<th class=\"specifications-table__row-heading\"><span>[Ue] tens\u00e3o de opera\u00e7\u00e3o nominal<\/span><\/th>\n<td class=\"specifications-table__cell\"><span class=\"specifications-table__text specifications-table__text--first-letter-uppercase\"><span>&lt; 300 VCA<\/span><\/span><\/td>\n<\/tr>\n<tr class=\"specifications-table__row\">\n<th class=\"specifications-table__row-heading\"><span>torque de aperto<\/span><\/th>\n<td class=\"specifications-table__cell\"><span class=\"specifications-table__text specifications-table__text--first-letter-uppercase\"><span>&lt; 0,5 Nm para M2,5 parafuso(s)<\/span><\/span><\/td>\n<\/tr>\n<tr class=\"specifications-table__row\">\n<th class=\"specifications-table__row-heading\"><span>modo de fixa\u00e7\u00e3o<\/span><\/th>\n<td class=\"specifications-table__cell\"><span class=\"specifications-table__text specifications-table__text--first-letter-uppercase\"><span>Mola de pl\u00e1stico flex\u00edvel (Trilho DIN de 35mm)<\/span><\/span><\/td>\n<\/tr>\n<tr class=\"specifications-table__row\">\n<th class=\"specifications-table__row-heading\"><span>grava\u00e7\u00e3o<\/span><\/th>\n<td class=\"specifications-table__cell\"><span class=\"specifications-table__text specifications-table__text--first-letter-uppercase\"><span>CE<\/span><\/span><\/td>\n<\/tr>\n<tr class=\"specifications-table__row\">\n<th class=\"specifications-table__row-heading\"><span>largura CAD total<\/span><\/th>\n<td class=\"specifications-table__cell\"><span class=\"specifications-table__text specifications-table__text--first-letter-uppercase\"><span>6,2mm<\/span><\/span><\/td>\n<\/tr>\n<tr class=\"specifications-table__row\">\n<th class=\"specifications-table__row-heading\"><span>altura total CAD<\/span><\/th>\n<td class=\"specifications-table__cell\"><span class=\"specifications-table__text specifications-table__text--first-letter-uppercase\"><span>78,6 mm<\/span><\/span><\/td>\n<\/tr>\n<tr class=\"specifications-table__row\">\n<th class=\"specifications-table__row-heading\"><span>profundidade CAD total<\/span><\/th>\n<td class=\"specifications-table__cell\"><span class=\"specifications-table__text specifications-table__text--first-letter-uppercase\"><span>95mm<\/span><\/span><\/td>\n<\/tr>\n<tr class=\"specifications-table__row\">\n<th class=\"specifications-table__row-heading\"><span>Peso l\u00edquido<\/span><\/th>\n<td class=\"specifications-table__cell\"><span class=\"specifications-table__text specifications-table__text--first-letter-uppercase\"><span>0,023kg<\/span><\/span><\/td>\n<\/tr>\n<tr class=\"specifications-table__row\">\n<th class=\"specifications-table__row-heading\"><span>limites de tens\u00e3o de funcionamento nominal<\/span><\/th>\n<td class=\"specifications-table__cell\"><span class=\"specifications-table__text specifications-table__text--first-letter-uppercase\"><span>11,4 &#8230; 14,4 V<\/span><br \/>\n<span>21,6 &#8230; 28,8 V<\/span><\/span><\/td>\n<\/tr>\n<tr class=\"specifications-table__row\">\n<th class=\"specifications-table__row-heading\"><span>grupo de produto<\/span><\/th>\n<td class=\"specifications-table__cell\"><span class=\"specifications-table__text specifications-table__text--first-letter-uppercase\"><span>RSL_CON_12-24<\/span><\/span><\/td>\n<\/tr>\n<tr class=\"specifications-table__row\">\n<th class=\"specifications-table__row-heading\"><span>c\u00f3digo de compatibilidade<\/span><\/th>\n<td class=\"specifications-table__cell\"><span class=\"specifications-table__text specifications-table__text--first-letter-uppercase\"><span>RSLZ<\/span><\/span><\/td>\n<\/tr>\n<tr class=\"specifications-table__row\">\n<th class=\"specifications-table__row-heading\"><span>[Uimp] Tens\u00e3o suport\u00e1vel de impulso nominal<\/span><\/th>\n<td class=\"specifications-table__cell\"><span class=\"specifications-table__text specifications-table__text--first-letter-uppercase\"><span>3,6 kV<\/span><\/span><\/td>\n<\/tr>\n<tr class=\"specifications-table__row\">\n<th class=\"specifications-table__row-heading\"><span>Categoria de sobretens\u00e3o<\/span><\/th>\n<td class=\"specifications-table__cell\"><span class=\"specifications-table__text specifications-table__text--first-letter-uppercase\"><span>III<\/span><\/span><\/td>\n<\/tr>\n<tr class=\"specifications-table__row\">\n<th class=\"specifications-table__row-heading\"><span>Grau de fumo<\/span><\/th>\n<td class=\"specifications-table__cell\"><span class=\"specifications-table__text specifications-table__text--first-letter-uppercase\"><span>3<\/span><\/span><\/td>\n<\/tr>\n<\/tbody>\n<\/table>\n","protected":false},"excerpt":{"rendered":"<h2 class=\"main-product-info__bottom-item main-product-info__bottom-item--product-id\"><span>SCHNEIDER RSLZVA1<\/span><\/h2>","protected":false},"featured_media":5644,"comment_status":"open","ping_status":"closed","template":"","meta":[],"product_brand":[],"product_cat":[500,468,15],"product_tag":[502,504,522,519],"class_list":{"0":"post-5524","1":"product","2":"type-product","3":"status-publish","4":"has-post-thumbnail","6":"product_cat-componente-eletronico","7":"product_cat-eletrica","8":"product_cat-mais-vendidos","9":"product_tag-eletrico","10":"product_tag-maqmex","11":"product_tag-rele","12":"product_tag-schneider","13":"product_shipping_class-normal","15":"first","16":"outofstock","17":"shipping-taxable","18":"purchasable","19":"product-type-simple"},"yoast_head":"<!-- This site is optimized with the Yoast SEO plugin v27.4 - https:\/\/yoast.com\/product\/yoast-seo-wordpress\/ -->\n<title>Base para rel\u00e9 RSL, conex\u00e3o parafuso, LED, 12 e 24VCA\/CC - Maqmex<\/title>\n<meta name=\"robots\" content=\"index, follow, max-snippet:-1, max-image-preview:large, max-video-preview:-1\" \/>\n<link rel=\"canonical\" href=\"https:\/\/maqmex.com.br\/en\/product\/base-para-rele-rsl-conexao-parafuso-led-12-e-24vca-cc\/\" \/>\n<meta property=\"og:locale\" content=\"en_US\" \/>\n<meta property=\"og:type\" content=\"article\" \/>\n<meta property=\"og:title\" content=\"Base para rel\u00e9 RSL, conex\u00e3o parafuso, LED, 12 e 24VCA\/CC - Maqmex\" \/>\n<meta property=\"og:description\" content=\"SCHNEIDER RSLZVA1\" \/>\n<meta property=\"og:url\" content=\"https:\/\/maqmex.com.br\/en\/product\/base-para-rele-rsl-conexao-parafuso-led-12-e-24vca-cc\/\" \/>\n<meta property=\"og:site_name\" content=\"Maqmex\" \/>\n<meta property=\"article:modified_time\" content=\"2025-04-08T11:22:16+00:00\" \/>\n<meta property=\"og:image\" content=\"https:\/\/maqmex.com.br\/wp-content\/uploads\/2025\/02\/BASE01-removebg-preview.png\" \/>\n\t<meta property=\"og:image:width\" content=\"452\" \/>\n\t<meta property=\"og:image:height\" content=\"450\" \/>\n\t<meta property=\"og:image:type\" content=\"image\/png\" \/>\n<meta name=\"twitter:card\" content=\"summary_large_image\" \/>\n<meta name=\"twitter:label1\" content=\"Est. reading time\" \/>\n\t<meta name=\"twitter:data1\" content=\"1 minute\" \/>\n<script type=\"application\/ld+json\" class=\"yoast-schema-graph\">{\"@context\":\"https:\\\/\\\/schema.org\",\"@graph\":[{\"@type\":\"WebPage\",\"@id\":\"https:\\\/\\\/maqmex.com.br\\\/produto\\\/base-para-rele-rsl-conexao-parafuso-led-12-e-24vca-cc\\\/\",\"url\":\"https:\\\/\\\/maqmex.com.br\\\/produto\\\/base-para-rele-rsl-conexao-parafuso-led-12-e-24vca-cc\\\/\",\"name\":\"Base para rel\u00e9 RSL, conex\u00e3o parafuso, LED, 12 e 24VCA\\\/CC - Maqmex\",\"isPartOf\":{\"@id\":\"https:\\\/\\\/maqmex.com.br\\\/#website\"},\"primaryImageOfPage\":{\"@id\":\"https:\\\/\\\/maqmex.com.br\\\/produto\\\/base-para-rele-rsl-conexao-parafuso-led-12-e-24vca-cc\\\/#primaryimage\"},\"image\":{\"@id\":\"https:\\\/\\\/maqmex.com.br\\\/produto\\\/base-para-rele-rsl-conexao-parafuso-led-12-e-24vca-cc\\\/#primaryimage\"},\"thumbnailUrl\":\"https:\\\/\\\/maqmex.com.br\\\/wp-content\\\/uploads\\\/2025\\\/02\\\/BASE01-removebg-preview.png\",\"datePublished\":\"2025-02-11T18:09:53+00:00\",\"dateModified\":\"2025-04-08T11:22:16+00:00\",\"breadcrumb\":{\"@id\":\"https:\\\/\\\/maqmex.com.br\\\/produto\\\/base-para-rele-rsl-conexao-parafuso-led-12-e-24vca-cc\\\/#breadcrumb\"},\"inLanguage\":\"en-US\",\"potentialAction\":[{\"@type\":\"ReadAction\",\"target\":[\"https:\\\/\\\/maqmex.com.br\\\/produto\\\/base-para-rele-rsl-conexao-parafuso-led-12-e-24vca-cc\\\/\"]}]},{\"@type\":\"ImageObject\",\"inLanguage\":\"en-US\",\"@id\":\"https:\\\/\\\/maqmex.com.br\\\/produto\\\/base-para-rele-rsl-conexao-parafuso-led-12-e-24vca-cc\\\/#primaryimage\",\"url\":\"https:\\\/\\\/maqmex.com.br\\\/wp-content\\\/uploads\\\/2025\\\/02\\\/BASE01-removebg-preview.png\",\"contentUrl\":\"https:\\\/\\\/maqmex.com.br\\\/wp-content\\\/uploads\\\/2025\\\/02\\\/BASE01-removebg-preview.png\",\"width\":452,\"height\":450},{\"@type\":\"BreadcrumbList\",\"@id\":\"https:\\\/\\\/maqmex.com.br\\\/produto\\\/base-para-rele-rsl-conexao-parafuso-led-12-e-24vca-cc\\\/#breadcrumb\",\"itemListElement\":[{\"@type\":\"ListItem\",\"position\":1,\"name\":\"In\u00edcio\",\"item\":\"https:\\\/\\\/maqmex.com.br\\\/\"},{\"@type\":\"ListItem\",\"position\":2,\"name\":\"Shop\",\"item\":\"https:\\\/\\\/maqmex.com.br\\\/shop\\\/\"},{\"@type\":\"ListItem\",\"position\":3,\"name\":\"Base para rel\u00e9 RSL, conex\u00e3o parafuso, LED, 12 e 24VCA\\\/CC\"}]},{\"@type\":\"WebSite\",\"@id\":\"https:\\\/\\\/maqmex.com.br\\\/#website\",\"url\":\"https:\\\/\\\/maqmex.com.br\\\/\",\"name\":\"Maqmex\",\"description\":\"Maqmex\",\"potentialAction\":[{\"@type\":\"SearchAction\",\"target\":{\"@type\":\"EntryPoint\",\"urlTemplate\":\"https:\\\/\\\/maqmex.com.br\\\/?s={search_term_string}\"},\"query-input\":{\"@type\":\"PropertyValueSpecification\",\"valueRequired\":true,\"valueName\":\"search_term_string\"}}],\"inLanguage\":\"en-US\"}]}<\/script>\n<!-- \/ Yoast SEO plugin. -->","yoast_head_json":{"title":"Base para rel\u00e9 RSL, conex\u00e3o parafuso, LED, 12 e 24VCA\/CC - Maqmex","robots":{"index":"index","follow":"follow","max-snippet":"max-snippet:-1","max-image-preview":"max-image-preview:large","max-video-preview":"max-video-preview:-1"},"canonical":"https:\/\/maqmex.com.br\/en\/product\/base-para-rele-rsl-conexao-parafuso-led-12-e-24vca-cc\/","og_locale":"en_US","og_type":"article","og_title":"Base para rel\u00e9 RSL, conex\u00e3o parafuso, LED, 12 e 24VCA\/CC - Maqmex","og_description":"SCHNEIDER RSLZVA1","og_url":"https:\/\/maqmex.com.br\/en\/product\/base-para-rele-rsl-conexao-parafuso-led-12-e-24vca-cc\/","og_site_name":"Maqmex","article_modified_time":"2025-04-08T11:22:16+00:00","og_image":[{"width":452,"height":450,"url":"https:\/\/maqmex.com.br\/wp-content\/uploads\/2025\/02\/BASE01-removebg-preview.png","type":"image\/png"}],"twitter_card":"summary_large_image","twitter_misc":{"Est. reading time":"1 minute"},"schema":{"@context":"https:\/\/schema.org","@graph":[{"@type":"WebPage","@id":"https:\/\/maqmex.com.br\/produto\/base-para-rele-rsl-conexao-parafuso-led-12-e-24vca-cc\/","url":"https:\/\/maqmex.com.br\/produto\/base-para-rele-rsl-conexao-parafuso-led-12-e-24vca-cc\/","name":"Base para rel\u00e9 RSL, conex\u00e3o parafuso, LED, 12 e 24VCA\/CC - Maqmex","isPartOf":{"@id":"https:\/\/maqmex.com.br\/#website"},"primaryImageOfPage":{"@id":"https:\/\/maqmex.com.br\/produto\/base-para-rele-rsl-conexao-parafuso-led-12-e-24vca-cc\/#primaryimage"},"image":{"@id":"https:\/\/maqmex.com.br\/produto\/base-para-rele-rsl-conexao-parafuso-led-12-e-24vca-cc\/#primaryimage"},"thumbnailUrl":"https:\/\/maqmex.com.br\/wp-content\/uploads\/2025\/02\/BASE01-removebg-preview.png","datePublished":"2025-02-11T18:09:53+00:00","dateModified":"2025-04-08T11:22:16+00:00","breadcrumb":{"@id":"https:\/\/maqmex.com.br\/produto\/base-para-rele-rsl-conexao-parafuso-led-12-e-24vca-cc\/#breadcrumb"},"inLanguage":"en-US","potentialAction":[{"@type":"ReadAction","target":["https:\/\/maqmex.com.br\/produto\/base-para-rele-rsl-conexao-parafuso-led-12-e-24vca-cc\/"]}]},{"@type":"ImageObject","inLanguage":"en-US","@id":"https:\/\/maqmex.com.br\/produto\/base-para-rele-rsl-conexao-parafuso-led-12-e-24vca-cc\/#primaryimage","url":"https:\/\/maqmex.com.br\/wp-content\/uploads\/2025\/02\/BASE01-removebg-preview.png","contentUrl":"https:\/\/maqmex.com.br\/wp-content\/uploads\/2025\/02\/BASE01-removebg-preview.png","width":452,"height":450},{"@type":"BreadcrumbList","@id":"https:\/\/maqmex.com.br\/produto\/base-para-rele-rsl-conexao-parafuso-led-12-e-24vca-cc\/#breadcrumb","itemListElement":[{"@type":"ListItem","position":1,"name":"In\u00edcio","item":"https:\/\/maqmex.com.br\/"},{"@type":"ListItem","position":2,"name":"Shop","item":"https:\/\/maqmex.com.br\/shop\/"},{"@type":"ListItem","position":3,"name":"Base para rel\u00e9 RSL, conex\u00e3o parafuso, LED, 12 e 24VCA\/CC"}]},{"@type":"WebSite","@id":"https:\/\/maqmex.com.br\/#website","url":"https:\/\/maqmex.com.br\/","name":"Maqmex","description":"Maqmex","potentialAction":[{"@type":"SearchAction","target":{"@type":"EntryPoint","urlTemplate":"https:\/\/maqmex.com.br\/?s={search_term_string}"},"query-input":{"@type":"PropertyValueSpecification","valueRequired":true,"valueName":"search_term_string"}}],"inLanguage":"en-US"}]}},"_links":{"self":[{"href":"https:\/\/maqmex.com.br\/en\/wp-json\/wp\/v2\/product\/5524","targetHints":{"allow":["GET"]}}],"collection":[{"href":"https:\/\/maqmex.com.br\/en\/wp-json\/wp\/v2\/product"}],"about":[{"href":"https:\/\/maqmex.com.br\/en\/wp-json\/wp\/v2\/types\/product"}],"replies":[{"embeddable":true,"href":"https:\/\/maqmex.com.br\/en\/wp-json\/wp\/v2\/comments?post=5524"}],"version-history":[{"count":0,"href":"https:\/\/maqmex.com.br\/en\/wp-json\/wp\/v2\/product\/5524\/revisions"}],"wp:featuredmedia":[{"embeddable":true,"href":"https:\/\/maqmex.com.br\/en\/wp-json\/wp\/v2\/media\/5644"}],"wp:attachment":[{"href":"https:\/\/maqmex.com.br\/en\/wp-json\/wp\/v2\/media?parent=5524"}],"wp:term":[{"taxonomy":"product_brand","embeddable":true,"href":"https:\/\/maqmex.com.br\/en\/wp-json\/wp\/v2\/product_brand?post=5524"},{"taxonomy":"product_cat","embeddable":true,"href":"https:\/\/maqmex.com.br\/en\/wp-json\/wp\/v2\/product_cat?post=5524"},{"taxonomy":"product_tag","embeddable":true,"href":"https:\/\/maqmex.com.br\/en\/wp-json\/wp\/v2\/product_tag?post=5524"}],"curies":[{"name":"wp","href":"https:\/\/api.w.org\/{rel}","templated":true}]}}