{"id":5547,"date":"2025-02-11T15:10:26","date_gmt":"2025-02-11T18:10:26","guid":{"rendered":"https:\/\/maqmex.nogahost.com\/?post_type=product&#038;p=5547"},"modified":"2025-04-08T08:21:21","modified_gmt":"2025-04-08T11:21:21","slug":"rele-de-interface-12a-1naf-24vcc","status":"publish","type":"product","link":"https:\/\/maqmex.com.br\/en\/product\/rele-de-interface-12a-1naf-24vcc\/","title":{"rendered":"Rel\u00e9 de interface, 12A, 1NAF, 24VCC"},"content":{"rendered":"<table class=\"specifications-table\">\n<caption class=\"specifications-table__caption\"><span>Diretor<\/span><\/caption>\n<tbody>\n<tr class=\"specifications-table__row\">\n<th class=\"specifications-table__row-heading\"><span>Linha de produto<\/span><\/th>\n<td class=\"specifications-table__cell\"><span class=\"specifications-table__text specifications-table__text--first-letter-uppercase\"><span>Rel\u00e9s Eletromec\u00e2nicos<\/span><\/span><\/td>\n<\/tr>\n<tr class=\"specifications-table__row\">\n<th class=\"specifications-table__row-heading\"><span>nome da s\u00e9rie<\/span><\/th>\n<td class=\"specifications-table__cell\"><span class=\"specifications-table__text specifications-table__text--first-letter-uppercase\"><span>Rel\u00e9 de interface<\/span><\/span><\/td>\n<\/tr>\n<tr class=\"specifications-table__row\">\n<th class=\"specifications-table__row-heading\"><span>Tipo de produto ou componente<\/span><\/th>\n<td class=\"specifications-table__cell\"><span class=\"specifications-table__text specifications-table__text--first-letter-uppercase\"><span>Rel\u00e9 tipo plug-in<\/span><\/span><\/td>\n<\/tr>\n<tr class=\"specifications-table__row\">\n<th class=\"specifications-table__row-heading\"><span>Nome abreviado do dispositivo<\/span><\/th>\n<td class=\"specifications-table__cell\"><span class=\"specifications-table__text specifications-table__text--first-letter-uppercase\"><span>RSB<\/span><\/span><\/td>\n<\/tr>\n<tr class=\"specifications-table__row\">\n<th class=\"specifications-table__row-heading\"><span>Tipo e composi\u00e7\u00e3o dos contatos<\/span><\/th>\n<td class=\"specifications-table__cell\"><span class=\"specifications-table__text specifications-table__text--first-letter-uppercase\"><span>1 F\/A<\/span><\/span><\/td>\n<\/tr>\n<tr class=\"specifications-table__row\">\n<th class=\"specifications-table__row-heading\"><span>opera\u00e7\u00e3o dos contatos<\/span><\/th>\n<td class=\"specifications-table__cell\"><span class=\"specifications-table__text specifications-table__text--first-letter-uppercase\"><span>Padr\u00e3o<\/span><\/span><\/td>\n<\/tr>\n<tr class=\"specifications-table__row\">\n<th class=\"specifications-table__row-heading\"><span>[Uc] Tens\u00e3o do circuito de controle<\/span><\/th>\n<td class=\"specifications-table__cell\"><span class=\"specifications-table__text specifications-table__text--first-letter-uppercase\"><span>24 VCC<\/span><\/span><\/td>\n<\/tr>\n<tr class=\"specifications-table__row\">\n<th class=\"specifications-table__row-heading\"><span>[Ithe] corrente t\u00e9rmica convencional em isolamento<\/span><\/th>\n<td class=\"specifications-table__cell\"><span class=\"specifications-table__text specifications-table__text--first-letter-uppercase\"><span>12 A a -40\u202640 \u00b0C<\/span><\/span><\/td>\n<\/tr>\n<tr class=\"specifications-table__row\">\n<th class=\"specifications-table__row-heading\"><span>LED de status de indica\u00e7\u00e3o<\/span><\/th>\n<td class=\"specifications-table__cell\"><span class=\"specifications-table__text specifications-table__text--first-letter-uppercase\"><span>Sem<\/span><\/span><\/td>\n<\/tr>\n<tr class=\"specifications-table__row\">\n<th class=\"specifications-table__row-heading\"><span>Tipo de controle<\/span><\/th>\n<td class=\"specifications-table__cell\"><span class=\"specifications-table__text specifications-table__text--first-letter-uppercase\"><span>Sem bot\u00e3o<\/span><\/span><\/td>\n<\/tr>\n<\/tbody>\n<\/table>\n<table class=\"specifications-table\">\n<caption class=\"specifications-table__caption\"><span>Complementar<\/span><\/caption>\n<tbody>\n<tr class=\"specifications-table__row\">\n<th class=\"specifications-table__row-heading\"><span>forma do pino<\/span><\/th>\n<td class=\"specifications-table__cell\"><span class=\"specifications-table__text specifications-table__text--first-letter-uppercase\"><span>Tipo plano (pino PCB)<\/span><\/span><\/td>\n<\/tr>\n<tr class=\"specifications-table__row\">\n<th class=\"specifications-table__row-heading\"><span>resist\u00eancia m\u00e9dia da bobina<\/span><\/th>\n<td class=\"specifications-table__cell\"><span class=\"specifications-table__text specifications-table__text--first-letter-uppercase\"><span>1440 Ohm rede: CA a 20 \u00b0C +\/- 10 %<\/span><\/span><\/td>\n<\/tr>\n<tr class=\"specifications-table__row\">\n<th class=\"specifications-table__row-heading\"><span>[Ue] tens\u00e3o de opera\u00e7\u00e3o nominal<\/span><\/th>\n<td class=\"specifications-table__cell\"><span class=\"specifications-table__text specifications-table__text--first-letter-uppercase\"><span>16,8 &#8230; 36 V CC<\/span><\/span><\/td>\n<\/tr>\n<tr class=\"specifications-table__row\">\n<th class=\"specifications-table__row-heading\"><span>[Ui] tens\u00e3o nominal de isolamento<\/span><\/th>\n<td class=\"specifications-table__cell\"><span class=\"specifications-table__text specifications-table__text--first-letter-uppercase\"><span>400 V conforme EN\/IEC 60947<\/span><\/span><\/td>\n<\/tr>\n<tr class=\"specifications-table__row\">\n<th class=\"specifications-table__row-heading\"><span>[Uimp] tens\u00e3o nominal suport\u00e1vel de impulso<\/span><\/th>\n<td class=\"specifications-table__cell\"><span class=\"specifications-table__text specifications-table__text--first-letter-uppercase\"><span>3,6 kV IEC 61000-4-5<\/span><\/span><\/td>\n<\/tr>\n<tr class=\"specifications-table__row\">\n<th class=\"specifications-table__row-heading\"><span>Material de contatos<\/span><\/th>\n<td class=\"specifications-table__cell\"><span class=\"specifications-table__text specifications-table__text--first-letter-uppercase\"><span>Liga de prata (AgNi)<\/span><\/span><\/td>\n<\/tr>\n<tr class=\"specifications-table__row\">\n<th class=\"specifications-table__row-heading\"><span>[Ie] corrente nominal de opera\u00e7\u00e3o<\/span><\/th>\n<td class=\"specifications-table__cell\"><span class=\"specifications-table__text specifications-table__text--first-letter-uppercase\"><span>12 A (CA-1\/CC-1) NA conforme IEC<\/span><br \/>\n<span>6 A (CA-1\/CC-1) NF conforme IEC<\/span><\/span><\/td>\n<\/tr>\n<tr class=\"specifications-table__row\">\n<th class=\"specifications-table__row-heading\"><span>corrente de comuta\u00e7\u00e3o m\u00ednima<\/span><\/th>\n<td class=\"specifications-table__cell\"><span class=\"specifications-table__text specifications-table__text--first-letter-uppercase\"><span>10 mA<\/span><\/span><\/td>\n<\/tr>\n<tr class=\"specifications-table__row\">\n<th class=\"specifications-table__row-heading\"><span>tens\u00e3o de comuta\u00e7\u00e3o m\u00e1xima<\/span><\/th>\n<td class=\"specifications-table__cell\"><span class=\"specifications-table__text specifications-table__text--first-letter-uppercase\"><span>300 V CC conforme IEC<\/span><\/span><\/td>\n<\/tr>\n<tr class=\"specifications-table__row\">\n<th class=\"specifications-table__row-heading\"><span>tens\u00e3o m\u00ednima de comuta\u00e7\u00e3o<\/span><\/th>\n<td class=\"specifications-table__cell\"><span class=\"specifications-table__text specifications-table__text--first-letter-uppercase\"><span>12 V<\/span><\/span><\/td>\n<\/tr>\n<tr class=\"specifications-table__row\">\n<th class=\"specifications-table__row-heading\"><span>capacidade de comuta\u00e7\u00e3o m\u00e1xima<\/span><\/th>\n<td class=\"specifications-table__cell\"><span class=\"specifications-table__text specifications-table__text--first-letter-uppercase\"><span>3000 VA\/336 W<\/span><\/span><\/td>\n<\/tr>\n<tr class=\"specifications-table__row\">\n<th class=\"specifications-table__row-heading\"><span>carga nominal resistiva<\/span><\/th>\n<td class=\"specifications-table__cell\"><span class=\"specifications-table__text specifications-table__text--first-letter-uppercase\"><span>12 A a 250 V CA<\/span><br \/>\n<span>12 A a 28 V CC<\/span><\/span><\/td>\n<\/tr>\n<tr class=\"specifications-table__row\">\n<th class=\"specifications-table__row-heading\"><span>capacidade de comuta\u00e7\u00e3o m\u00ednima<\/span><\/th>\n<td class=\"specifications-table__cell\"><span class=\"specifications-table__text specifications-table__text--first-letter-uppercase\"><span>120 mW a 10 mA, 12 V<\/span><\/span><\/td>\n<\/tr>\n<tr class=\"specifications-table__row\">\n<th class=\"specifications-table__row-heading\"><span>taxa de funcionamento<\/span><\/th>\n<td class=\"specifications-table__cell\"><span class=\"specifications-table__text specifications-table__text--first-letter-uppercase\"><span>&lt;= 600 ciclos \/ hora subcarga<\/span><br \/>\n<span>&lt;= 18000 ciclos \/ hora sem carga<\/span><\/span><\/td>\n<\/tr>\n<tr class=\"specifications-table__row\">\n<th class=\"specifications-table__row-heading\"><span>durabilidade mec\u00e2nica<\/span><\/th>\n<td class=\"specifications-table__cell\"><span class=\"specifications-table__text specifications-table__text--first-letter-uppercase\"><span>30000000 ciclos<\/span><\/span><\/td>\n<\/tr>\n<tr class=\"specifications-table__row\">\n<th class=\"specifications-table__row-heading\"><span>durabilidade el\u00e9trica<\/span><\/th>\n<td class=\"specifications-table__cell\"><span class=\"specifications-table__text specifications-table__text--first-letter-uppercase\"><span>100000 ciclos, 12 A a 250 V, CA-1 NA<\/span><br \/>\n<span>100000 ciclos, 6 A a 250 V, CA-1 NF<\/span><\/span><\/td>\n<\/tr>\n<tr class=\"specifications-table__row\">\n<th class=\"specifications-table__row-heading\"><span>tempo de opera\u00e7\u00e3o<\/span><\/th>\n<td class=\"specifications-table__cell\"><span class=\"specifications-table__text specifications-table__text--first-letter-uppercase\"><span>20 ms opera\u00e7\u00e3o<\/span><br \/>\n<span>20 ms atribui\u00e7\u00e3o<\/span><\/span><\/td>\n<\/tr>\n<tr class=\"specifications-table__row\">\n<th class=\"specifications-table__row-heading\"><span>consumo m\u00e9dio da bobina<\/span><\/th>\n<td class=\"specifications-table__cell\"><span class=\"specifications-table__text specifications-table__text--first-letter-uppercase\"><span>0,45 W CC<\/span><\/span><\/td>\n<\/tr>\n<tr class=\"specifications-table__row\">\n<th class=\"specifications-table__row-heading\"><span>limiar da tens\u00e3o m\u00ednima de regula\u00e7\u00e3o<\/span><\/th>\n<td class=\"specifications-table__cell\"><span class=\"specifications-table__text specifications-table__text--first-letter-uppercase\"><span>&gt;= 0,1 Uc CC<\/span><\/span><\/td>\n<\/tr>\n<tr class=\"specifications-table__row\">\n<th class=\"specifications-table__row-heading\"><span>dados de fiabilidade de seguran\u00e7a<\/span><\/th>\n<td class=\"specifications-table__cell\"><span class=\"specifications-table__text specifications-table__text--first-letter-uppercase\"><span>B10d = 100000<\/span><\/span><\/td>\n<\/tr>\n<tr class=\"specifications-table__row\">\n<th class=\"specifications-table__row-heading\"><span>categoria de prote\u00e7\u00e3o<\/span><\/th>\n<td class=\"specifications-table__cell\"><span class=\"specifications-table__text specifications-table__text--first-letter-uppercase\"><span>RT eu<\/span><\/span><\/td>\n<\/tr>\n<tr class=\"specifications-table__row\">\n<th class=\"specifications-table__row-heading\"><span>n\u00edveis de teste<\/span><\/th>\n<td class=\"specifications-table__cell\"><span class=\"specifications-table__text specifications-table__text--first-letter-uppercase\"><span>N\u00edvel A<\/span><\/span><\/td>\n<\/tr>\n<tr class=\"specifications-table__row\">\n<th class=\"specifications-table__row-heading\"><span>posi\u00e7\u00e3o de opera\u00e7\u00e3o<\/span><\/th>\n<td class=\"specifications-table__cell\"><span class=\"specifications-table__text specifications-table__text--first-letter-uppercase\"><span>Qualquer posi\u00e7\u00e3o<\/span><\/span><\/td>\n<\/tr>\n<tr class=\"specifications-table__row\">\n<th class=\"specifications-table__row-heading\"><span>Peso l\u00edquido<\/span><\/th>\n<td class=\"specifications-table__cell\"><span class=\"specifications-table__text specifications-table__text--first-letter-uppercase\"><span>0,014kg<\/span><\/span><\/td>\n<\/tr>\n<tr class=\"specifications-table__row\">\n<th class=\"specifications-table__row-heading\"><span>quantidade indivis\u00edvel de venda<\/span><\/th>\n<td class=\"specifications-table__cell\"><span class=\"specifications-table__text specifications-table__text--first-letter-uppercase\"><span>10<\/span><\/span><\/td>\n<\/tr>\n<tr class=\"specifications-table__row\">\n<th class=\"specifications-table__row-heading\"><span>Apresenta\u00e7\u00e3o do dispositivo<\/span><\/th>\n<td class=\"specifications-table__cell\"><span class=\"specifications-table__text specifications-table__text--first-letter-uppercase\"><span>Produto completo<\/span><\/span><\/td>\n<\/tr>\n<\/tbody>\n<\/table>\n","protected":false},"excerpt":{"rendered":"<h2 class=\"main-product-info__bottom-item main-product-info__bottom-item--product-id\"><span>SCHNEIDER RSB1A120BD<\/span><\/h2>","protected":false},"featured_media":5656,"comment_status":"open","ping_status":"closed","template":"","meta":[],"product_brand":[],"product_cat":[500,468],"product_tag":[502,504,522,519],"class_list":{"0":"post-5547","1":"product","2":"type-product","3":"status-publish","4":"has-post-thumbnail","6":"product_cat-componente-eletronico","7":"product_cat-eletrica","8":"product_tag-eletrico","9":"product_tag-maqmex","10":"product_tag-rele","11":"product_tag-schneider","12":"product_shipping_class-normal","14":"first","15":"outofstock","16":"shipping-taxable","17":"purchasable","18":"product-type-simple"},"yoast_head":"<!-- This site is optimized with the Yoast SEO plugin v27.4 - https:\/\/yoast.com\/product\/yoast-seo-wordpress\/ -->\n<title>Rel\u00e9 de interface, 12A, 1NAF, 24VCC - Maqmex<\/title>\n<meta name=\"robots\" content=\"index, follow, max-snippet:-1, max-image-preview:large, max-video-preview:-1\" \/>\n<link rel=\"canonical\" href=\"https:\/\/maqmex.com.br\/en\/product\/rele-de-interface-12a-1naf-24vcc\/\" \/>\n<meta property=\"og:locale\" content=\"en_US\" \/>\n<meta property=\"og:type\" content=\"article\" \/>\n<meta property=\"og:title\" content=\"Rel\u00e9 de interface, 12A, 1NAF, 24VCC - Maqmex\" \/>\n<meta property=\"og:description\" content=\"SCHNEIDER RSB1A120BD\" \/>\n<meta property=\"og:url\" content=\"https:\/\/maqmex.com.br\/en\/product\/rele-de-interface-12a-1naf-24vcc\/\" \/>\n<meta property=\"og:site_name\" content=\"Maqmex\" \/>\n<meta property=\"article:modified_time\" content=\"2025-04-08T11:21:21+00:00\" \/>\n<meta property=\"og:image\" content=\"https:\/\/maqmex.com.br\/wp-content\/uploads\/2025\/02\/RELE01-removebg-preview-1.png\" \/>\n\t<meta property=\"og:image:width\" content=\"449\" \/>\n\t<meta property=\"og:image:height\" content=\"498\" \/>\n\t<meta property=\"og:image:type\" content=\"image\/png\" \/>\n<meta name=\"twitter:card\" content=\"summary_large_image\" \/>\n<meta name=\"twitter:label1\" content=\"Est. reading time\" \/>\n\t<meta name=\"twitter:data1\" content=\"2 minutes\" \/>\n<script type=\"application\/ld+json\" class=\"yoast-schema-graph\">{\"@context\":\"https:\\\/\\\/schema.org\",\"@graph\":[{\"@type\":\"WebPage\",\"@id\":\"https:\\\/\\\/maqmex.com.br\\\/produto\\\/rele-de-interface-12a-1naf-24vcc\\\/\",\"url\":\"https:\\\/\\\/maqmex.com.br\\\/produto\\\/rele-de-interface-12a-1naf-24vcc\\\/\",\"name\":\"Rel\u00e9 de interface, 12A, 1NAF, 24VCC - Maqmex\",\"isPartOf\":{\"@id\":\"https:\\\/\\\/maqmex.com.br\\\/#website\"},\"primaryImageOfPage\":{\"@id\":\"https:\\\/\\\/maqmex.com.br\\\/produto\\\/rele-de-interface-12a-1naf-24vcc\\\/#primaryimage\"},\"image\":{\"@id\":\"https:\\\/\\\/maqmex.com.br\\\/produto\\\/rele-de-interface-12a-1naf-24vcc\\\/#primaryimage\"},\"thumbnailUrl\":\"https:\\\/\\\/maqmex.com.br\\\/wp-content\\\/uploads\\\/2025\\\/02\\\/RELE01-removebg-preview-1.png\",\"datePublished\":\"2025-02-11T18:10:26+00:00\",\"dateModified\":\"2025-04-08T11:21:21+00:00\",\"breadcrumb\":{\"@id\":\"https:\\\/\\\/maqmex.com.br\\\/produto\\\/rele-de-interface-12a-1naf-24vcc\\\/#breadcrumb\"},\"inLanguage\":\"en-US\",\"potentialAction\":[{\"@type\":\"ReadAction\",\"target\":[\"https:\\\/\\\/maqmex.com.br\\\/produto\\\/rele-de-interface-12a-1naf-24vcc\\\/\"]}]},{\"@type\":\"ImageObject\",\"inLanguage\":\"en-US\",\"@id\":\"https:\\\/\\\/maqmex.com.br\\\/produto\\\/rele-de-interface-12a-1naf-24vcc\\\/#primaryimage\",\"url\":\"https:\\\/\\\/maqmex.com.br\\\/wp-content\\\/uploads\\\/2025\\\/02\\\/RELE01-removebg-preview-1.png\",\"contentUrl\":\"https:\\\/\\\/maqmex.com.br\\\/wp-content\\\/uploads\\\/2025\\\/02\\\/RELE01-removebg-preview-1.png\",\"width\":449,\"height\":498},{\"@type\":\"BreadcrumbList\",\"@id\":\"https:\\\/\\\/maqmex.com.br\\\/produto\\\/rele-de-interface-12a-1naf-24vcc\\\/#breadcrumb\",\"itemListElement\":[{\"@type\":\"ListItem\",\"position\":1,\"name\":\"In\u00edcio\",\"item\":\"https:\\\/\\\/maqmex.com.br\\\/\"},{\"@type\":\"ListItem\",\"position\":2,\"name\":\"Shop\",\"item\":\"https:\\\/\\\/maqmex.com.br\\\/shop\\\/\"},{\"@type\":\"ListItem\",\"position\":3,\"name\":\"Rel\u00e9 de interface, 12A, 1NAF, 24VCC\"}]},{\"@type\":\"WebSite\",\"@id\":\"https:\\\/\\\/maqmex.com.br\\\/#website\",\"url\":\"https:\\\/\\\/maqmex.com.br\\\/\",\"name\":\"Maqmex\",\"description\":\"Maqmex\",\"potentialAction\":[{\"@type\":\"SearchAction\",\"target\":{\"@type\":\"EntryPoint\",\"urlTemplate\":\"https:\\\/\\\/maqmex.com.br\\\/?s={search_term_string}\"},\"query-input\":{\"@type\":\"PropertyValueSpecification\",\"valueRequired\":true,\"valueName\":\"search_term_string\"}}],\"inLanguage\":\"en-US\"}]}<\/script>\n<!-- \/ Yoast SEO plugin. -->","yoast_head_json":{"title":"Rel\u00e9 de interface, 12A, 1NAF, 24VCC - Maqmex","robots":{"index":"index","follow":"follow","max-snippet":"max-snippet:-1","max-image-preview":"max-image-preview:large","max-video-preview":"max-video-preview:-1"},"canonical":"https:\/\/maqmex.com.br\/en\/product\/rele-de-interface-12a-1naf-24vcc\/","og_locale":"en_US","og_type":"article","og_title":"Rel\u00e9 de interface, 12A, 1NAF, 24VCC - Maqmex","og_description":"SCHNEIDER RSB1A120BD","og_url":"https:\/\/maqmex.com.br\/en\/product\/rele-de-interface-12a-1naf-24vcc\/","og_site_name":"Maqmex","article_modified_time":"2025-04-08T11:21:21+00:00","og_image":[{"width":449,"height":498,"url":"https:\/\/maqmex.com.br\/wp-content\/uploads\/2025\/02\/RELE01-removebg-preview-1.png","type":"image\/png"}],"twitter_card":"summary_large_image","twitter_misc":{"Est. reading time":"2 minutes"},"schema":{"@context":"https:\/\/schema.org","@graph":[{"@type":"WebPage","@id":"https:\/\/maqmex.com.br\/produto\/rele-de-interface-12a-1naf-24vcc\/","url":"https:\/\/maqmex.com.br\/produto\/rele-de-interface-12a-1naf-24vcc\/","name":"Rel\u00e9 de interface, 12A, 1NAF, 24VCC - Maqmex","isPartOf":{"@id":"https:\/\/maqmex.com.br\/#website"},"primaryImageOfPage":{"@id":"https:\/\/maqmex.com.br\/produto\/rele-de-interface-12a-1naf-24vcc\/#primaryimage"},"image":{"@id":"https:\/\/maqmex.com.br\/produto\/rele-de-interface-12a-1naf-24vcc\/#primaryimage"},"thumbnailUrl":"https:\/\/maqmex.com.br\/wp-content\/uploads\/2025\/02\/RELE01-removebg-preview-1.png","datePublished":"2025-02-11T18:10:26+00:00","dateModified":"2025-04-08T11:21:21+00:00","breadcrumb":{"@id":"https:\/\/maqmex.com.br\/produto\/rele-de-interface-12a-1naf-24vcc\/#breadcrumb"},"inLanguage":"en-US","potentialAction":[{"@type":"ReadAction","target":["https:\/\/maqmex.com.br\/produto\/rele-de-interface-12a-1naf-24vcc\/"]}]},{"@type":"ImageObject","inLanguage":"en-US","@id":"https:\/\/maqmex.com.br\/produto\/rele-de-interface-12a-1naf-24vcc\/#primaryimage","url":"https:\/\/maqmex.com.br\/wp-content\/uploads\/2025\/02\/RELE01-removebg-preview-1.png","contentUrl":"https:\/\/maqmex.com.br\/wp-content\/uploads\/2025\/02\/RELE01-removebg-preview-1.png","width":449,"height":498},{"@type":"BreadcrumbList","@id":"https:\/\/maqmex.com.br\/produto\/rele-de-interface-12a-1naf-24vcc\/#breadcrumb","itemListElement":[{"@type":"ListItem","position":1,"name":"In\u00edcio","item":"https:\/\/maqmex.com.br\/"},{"@type":"ListItem","position":2,"name":"Shop","item":"https:\/\/maqmex.com.br\/shop\/"},{"@type":"ListItem","position":3,"name":"Rel\u00e9 de interface, 12A, 1NAF, 24VCC"}]},{"@type":"WebSite","@id":"https:\/\/maqmex.com.br\/#website","url":"https:\/\/maqmex.com.br\/","name":"Maqmex","description":"Maqmex","potentialAction":[{"@type":"SearchAction","target":{"@type":"EntryPoint","urlTemplate":"https:\/\/maqmex.com.br\/?s={search_term_string}"},"query-input":{"@type":"PropertyValueSpecification","valueRequired":true,"valueName":"search_term_string"}}],"inLanguage":"en-US"}]}},"_links":{"self":[{"href":"https:\/\/maqmex.com.br\/en\/wp-json\/wp\/v2\/product\/5547","targetHints":{"allow":["GET"]}}],"collection":[{"href":"https:\/\/maqmex.com.br\/en\/wp-json\/wp\/v2\/product"}],"about":[{"href":"https:\/\/maqmex.com.br\/en\/wp-json\/wp\/v2\/types\/product"}],"replies":[{"embeddable":true,"href":"https:\/\/maqmex.com.br\/en\/wp-json\/wp\/v2\/comments?post=5547"}],"version-history":[{"count":0,"href":"https:\/\/maqmex.com.br\/en\/wp-json\/wp\/v2\/product\/5547\/revisions"}],"wp:featuredmedia":[{"embeddable":true,"href":"https:\/\/maqmex.com.br\/en\/wp-json\/wp\/v2\/media\/5656"}],"wp:attachment":[{"href":"https:\/\/maqmex.com.br\/en\/wp-json\/wp\/v2\/media?parent=5547"}],"wp:term":[{"taxonomy":"product_brand","embeddable":true,"href":"https:\/\/maqmex.com.br\/en\/wp-json\/wp\/v2\/product_brand?post=5547"},{"taxonomy":"product_cat","embeddable":true,"href":"https:\/\/maqmex.com.br\/en\/wp-json\/wp\/v2\/product_cat?post=5547"},{"taxonomy":"product_tag","embeddable":true,"href":"https:\/\/maqmex.com.br\/en\/wp-json\/wp\/v2\/product_tag?post=5547"}],"curies":[{"name":"wp","href":"https:\/\/api.w.org\/{rel}","templated":true}]}}