{"id":5549,"date":"2025-02-11T15:10:32","date_gmt":"2025-02-11T18:10:32","guid":{"rendered":"https:\/\/maqmex.nogahost.com\/?post_type=product&#038;p=5549"},"modified":"2025-04-08T08:21:03","modified_gmt":"2025-04-08T11:21:03","slug":"base-para-rele-rxm2-e-rmx4-contatos-mistos-conexao-por-parafuso","status":"publish","type":"product","link":"https:\/\/maqmex.com.br\/en\/product\/base-para-rele-rxm2-e-rmx4-contatos-mistos-conexao-por-parafuso\/","title":{"rendered":"Base para rel\u00e9 RXM2* e RMX4*, contatos mistos, conex\u00e3o por parafuso"},"content":{"rendered":"<table class=\"specifications-table\">\n<caption class=\"specifications-table__caption\">Diretor<\/caption>\n<tbody>\n<tr class=\"specifications-table__row\">\n<th class=\"specifications-table__row-heading\">Linha de produto<\/th>\n<td class=\"specifications-table__cell\"><span class=\"specifications-table__text specifications-table__text--first-letter-uppercase\">Rel\u00e9s Eletromec\u00e2nicos<br \/>\nRel\u00e9s Temporizadores Zelio<\/span><\/td>\n<\/tr>\n<tr class=\"specifications-table__row\">\n<th class=\"specifications-table__row-heading\">Tipo de produto ou componente<\/th>\n<td class=\"specifications-table__cell\"><span class=\"specifications-table__text specifications-table__text--first-letter-uppercase\">Base<\/span><\/td>\n<\/tr>\n<tr class=\"specifications-table__row\">\n<th class=\"specifications-table__row-heading\">disposi\u00e7\u00e3o do terminal de contato<\/th>\n<td class=\"specifications-table__cell\"><span class=\"specifications-table__text specifications-table__text--first-letter-uppercase\">Misto<\/span><\/td>\n<\/tr>\n<tr class=\"specifications-table__row\">\n<th class=\"specifications-table__row-heading\">compatibilidade do produto<\/th>\n<td class=\"specifications-table__cell\"><span class=\"specifications-table__text specifications-table__text--first-letter-uppercase\">Rel\u00e9 tipo plug-in RXM com 2 F\/A contato<br \/>\nRel\u00e9 tipo plug-in RXM com 4 F\/A contato<\/span><\/td>\n<\/tr>\n<tr class=\"specifications-table__row\">\n<th class=\"specifications-table__row-heading\">forma do pino<\/th>\n<td class=\"specifications-table__cell\"><span class=\"specifications-table__text specifications-table__text--first-letter-uppercase\">Tipo apartamento<\/span><\/td>\n<\/tr>\n<tr class=\"specifications-table__row\">\n<th class=\"specifications-table__row-heading\">Nome abreviado do dispositivo<\/th>\n<td class=\"specifications-table__cell\"><span class=\"specifications-table__text specifications-table__text--first-letter-uppercase\">RXZ<\/span><\/td>\n<\/tr>\n<tr class=\"specifications-table__row\">\n<th class=\"specifications-table__row-heading\">quantidade indivis\u00edvel de venda<\/th>\n<td class=\"specifications-table__cell\"><span class=\"specifications-table__text specifications-table__text--first-letter-uppercase\">10<\/span><\/td>\n<\/tr>\n<\/tbody>\n<\/table>\n<table class=\"specifications-table\">\n<caption class=\"specifications-table__caption\">Complementar<\/caption>\n<tbody>\n<tr class=\"specifications-table__row\">\n<th class=\"specifications-table__row-heading\">[Ith] corrente t\u00e9rmica convencional ao ar livre<\/th>\n<td class=\"specifications-table__cell\"><span class=\"specifications-table__text specifications-table__text--first-letter-uppercase\">10A<\/span><\/td>\n<\/tr>\n<tr class=\"specifications-table__row\">\n<th class=\"specifications-table__row-heading\">[Ue] tens\u00e3o de opera\u00e7\u00e3o nominal<\/th>\n<td class=\"specifications-table__cell\"><span class=\"specifications-table__text specifications-table__text--first-letter-uppercase\">&lt; 250 V<\/span><\/td>\n<\/tr>\n<tr class=\"specifications-table__row\">\n<th class=\"specifications-table__row-heading\">Conex\u00f5es &#8211; terminais<\/th>\n<td class=\"specifications-table__cell\"><span class=\"specifications-table__text specifications-table__text--first-letter-uppercase\">Conector, 1 x 0,25&#8230;1 x 2,5 mm\u00b2 (AWG 22&#8230;AWG 14) Flex\u00edvel Com a extremidade do cabo<br \/>\nConector, 2 x 0,25&#8230;2 x 1 mm\u00b2 (AWG 22.. .AWG 17) Flex\u00edvel Com a extremidade do cabo<br \/>\nConector, 1 x 0,5&#8230;1 x 2,5 mm\u00b2 (AWG 20&#8230;AWG 14) S\u00f3lido Sem a extremidade do cabo<br \/>\nConector, 2 x 0,5.. .2 x 1,5 mm\u00b2 (AWG 20&#8230;AWG 16) S\u00f3lido Sem a extremidade do cabo<\/span><\/td>\n<\/tr>\n<tr class=\"specifications-table__row\">\n<th class=\"specifications-table__row-heading\">torque de aperto<\/th>\n<td class=\"specifications-table__cell\"><span class=\"specifications-table__text specifications-table__text--first-letter-uppercase\">&lt; 1 Nm para parafuso(s) M3<\/span><\/td>\n<\/tr>\n<tr class=\"specifications-table__row\">\n<th class=\"specifications-table__row-heading\">modo de fixa\u00e7\u00e3o<\/th>\n<td class=\"specifications-table__cell\"><span class=\"specifications-table__text specifications-table__text--first-letter-uppercase\">Por parafuso (painel)<br \/>\nDe encaixe (Trilho DIN de 35mm)<\/span><\/td>\n<\/tr>\n<tr class=\"specifications-table__row\">\n<th class=\"specifications-table__row-heading\">grava\u00e7\u00e3o<\/th>\n<td class=\"specifications-table__cell\"><span class=\"specifications-table__text specifications-table__text--first-letter-uppercase\">CE<\/span><\/td>\n<\/tr>\n<tr class=\"specifications-table__row\">\n<th class=\"specifications-table__row-heading\">Largura<\/th>\n<td class=\"specifications-table__cell\"><span class=\"specifications-table__text specifications-table__text--first-letter-uppercase\">27 mm<\/span><\/td>\n<\/tr>\n<tr class=\"specifications-table__row\">\n<th class=\"specifications-table__row-heading\">Peso l\u00edquido<\/th>\n<td class=\"specifications-table__cell\"><span class=\"specifications-table__text specifications-table__text--first-letter-uppercase\">0,056kg<\/span><\/td>\n<\/tr>\n<\/tbody>\n<\/table>\n","protected":false},"excerpt":{"rendered":"<h2 class=\"main-product-info__bottom-item main-product-info__bottom-item--product-id\">SCHNEIDER RXZE2M114M<\/h2>","protected":false},"featured_media":5664,"comment_status":"open","ping_status":"closed","template":"","meta":[],"product_brand":[],"product_cat":[500,468],"product_tag":[502,504,522,519],"class_list":{"0":"post-5549","1":"product","2":"type-product","3":"status-publish","4":"has-post-thumbnail","6":"product_cat-componente-eletronico","7":"product_cat-eletrica","8":"product_tag-eletrico","9":"product_tag-maqmex","10":"product_tag-rele","11":"product_tag-schneider","12":"product_shipping_class-normal","14":"first","15":"outofstock","16":"sale","17":"shipping-taxable","18":"purchasable","19":"product-type-simple"},"yoast_head":"<!-- This site is optimized with the Yoast SEO plugin v27.4 - https:\/\/yoast.com\/product\/yoast-seo-wordpress\/ -->\n<title>Base para rel\u00e9 RXM2* e RMX4*, contatos mistos, conex\u00e3o por parafuso - Maqmex<\/title>\n<meta name=\"robots\" content=\"index, follow, max-snippet:-1, max-image-preview:large, max-video-preview:-1\" \/>\n<link rel=\"canonical\" href=\"https:\/\/maqmex.com.br\/en\/product\/base-para-rele-rxm2-e-rmx4-contatos-mistos-conexao-por-parafuso\/\" \/>\n<meta property=\"og:locale\" content=\"en_US\" \/>\n<meta property=\"og:type\" content=\"article\" \/>\n<meta property=\"og:title\" content=\"Base para rel\u00e9 RXM2* e RMX4*, contatos mistos, conex\u00e3o por parafuso - Maqmex\" \/>\n<meta property=\"og:description\" content=\"SCHNEIDER RXZE2M114M\" \/>\n<meta property=\"og:url\" content=\"https:\/\/maqmex.com.br\/en\/product\/base-para-rele-rxm2-e-rmx4-contatos-mistos-conexao-por-parafuso\/\" \/>\n<meta property=\"og:site_name\" content=\"Maqmex\" \/>\n<meta property=\"article:modified_time\" content=\"2025-04-08T11:21:03+00:00\" \/>\n<meta property=\"og:image\" content=\"https:\/\/maqmex.com.br\/wp-content\/uploads\/2025\/02\/BASE01-removebg-preview-1.png\" \/>\n\t<meta property=\"og:image:width\" content=\"288\" \/>\n\t<meta property=\"og:image:height\" content=\"415\" \/>\n\t<meta property=\"og:image:type\" content=\"image\/png\" \/>\n<meta name=\"twitter:card\" content=\"summary_large_image\" \/>\n<meta name=\"twitter:label1\" content=\"Est. reading time\" \/>\n\t<meta name=\"twitter:data1\" content=\"1 minute\" \/>\n<script type=\"application\/ld+json\" class=\"yoast-schema-graph\">{\"@context\":\"https:\\\/\\\/schema.org\",\"@graph\":[{\"@type\":\"WebPage\",\"@id\":\"https:\\\/\\\/maqmex.com.br\\\/produto\\\/base-para-rele-rxm2-e-rmx4-contatos-mistos-conexao-por-parafuso\\\/\",\"url\":\"https:\\\/\\\/maqmex.com.br\\\/produto\\\/base-para-rele-rxm2-e-rmx4-contatos-mistos-conexao-por-parafuso\\\/\",\"name\":\"Base para rel\u00e9 RXM2* e RMX4*, contatos mistos, conex\u00e3o por parafuso - Maqmex\",\"isPartOf\":{\"@id\":\"https:\\\/\\\/maqmex.com.br\\\/#website\"},\"primaryImageOfPage\":{\"@id\":\"https:\\\/\\\/maqmex.com.br\\\/produto\\\/base-para-rele-rxm2-e-rmx4-contatos-mistos-conexao-por-parafuso\\\/#primaryimage\"},\"image\":{\"@id\":\"https:\\\/\\\/maqmex.com.br\\\/produto\\\/base-para-rele-rxm2-e-rmx4-contatos-mistos-conexao-por-parafuso\\\/#primaryimage\"},\"thumbnailUrl\":\"https:\\\/\\\/maqmex.com.br\\\/wp-content\\\/uploads\\\/2025\\\/02\\\/BASE01-removebg-preview-1.png\",\"datePublished\":\"2025-02-11T18:10:32+00:00\",\"dateModified\":\"2025-04-08T11:21:03+00:00\",\"breadcrumb\":{\"@id\":\"https:\\\/\\\/maqmex.com.br\\\/produto\\\/base-para-rele-rxm2-e-rmx4-contatos-mistos-conexao-por-parafuso\\\/#breadcrumb\"},\"inLanguage\":\"en-US\",\"potentialAction\":[{\"@type\":\"ReadAction\",\"target\":[\"https:\\\/\\\/maqmex.com.br\\\/produto\\\/base-para-rele-rxm2-e-rmx4-contatos-mistos-conexao-por-parafuso\\\/\"]}]},{\"@type\":\"ImageObject\",\"inLanguage\":\"en-US\",\"@id\":\"https:\\\/\\\/maqmex.com.br\\\/produto\\\/base-para-rele-rxm2-e-rmx4-contatos-mistos-conexao-por-parafuso\\\/#primaryimage\",\"url\":\"https:\\\/\\\/maqmex.com.br\\\/wp-content\\\/uploads\\\/2025\\\/02\\\/BASE01-removebg-preview-1.png\",\"contentUrl\":\"https:\\\/\\\/maqmex.com.br\\\/wp-content\\\/uploads\\\/2025\\\/02\\\/BASE01-removebg-preview-1.png\",\"width\":288,\"height\":415},{\"@type\":\"BreadcrumbList\",\"@id\":\"https:\\\/\\\/maqmex.com.br\\\/produto\\\/base-para-rele-rxm2-e-rmx4-contatos-mistos-conexao-por-parafuso\\\/#breadcrumb\",\"itemListElement\":[{\"@type\":\"ListItem\",\"position\":1,\"name\":\"In\u00edcio\",\"item\":\"https:\\\/\\\/maqmex.com.br\\\/\"},{\"@type\":\"ListItem\",\"position\":2,\"name\":\"Shop\",\"item\":\"https:\\\/\\\/maqmex.com.br\\\/shop\\\/\"},{\"@type\":\"ListItem\",\"position\":3,\"name\":\"Base para rel\u00e9 RXM2* e RMX4*, contatos mistos, conex\u00e3o por parafuso\"}]},{\"@type\":\"WebSite\",\"@id\":\"https:\\\/\\\/maqmex.com.br\\\/#website\",\"url\":\"https:\\\/\\\/maqmex.com.br\\\/\",\"name\":\"Maqmex\",\"description\":\"Maqmex\",\"potentialAction\":[{\"@type\":\"SearchAction\",\"target\":{\"@type\":\"EntryPoint\",\"urlTemplate\":\"https:\\\/\\\/maqmex.com.br\\\/?s={search_term_string}\"},\"query-input\":{\"@type\":\"PropertyValueSpecification\",\"valueRequired\":true,\"valueName\":\"search_term_string\"}}],\"inLanguage\":\"en-US\"}]}<\/script>\n<!-- \/ Yoast SEO plugin. -->","yoast_head_json":{"title":"Base para rel\u00e9 RXM2* e RMX4*, contatos mistos, conex\u00e3o por parafuso - Maqmex","robots":{"index":"index","follow":"follow","max-snippet":"max-snippet:-1","max-image-preview":"max-image-preview:large","max-video-preview":"max-video-preview:-1"},"canonical":"https:\/\/maqmex.com.br\/en\/product\/base-para-rele-rxm2-e-rmx4-contatos-mistos-conexao-por-parafuso\/","og_locale":"en_US","og_type":"article","og_title":"Base para rel\u00e9 RXM2* e RMX4*, contatos mistos, conex\u00e3o por parafuso - Maqmex","og_description":"SCHNEIDER RXZE2M114M","og_url":"https:\/\/maqmex.com.br\/en\/product\/base-para-rele-rxm2-e-rmx4-contatos-mistos-conexao-por-parafuso\/","og_site_name":"Maqmex","article_modified_time":"2025-04-08T11:21:03+00:00","og_image":[{"width":288,"height":415,"url":"https:\/\/maqmex.com.br\/wp-content\/uploads\/2025\/02\/BASE01-removebg-preview-1.png","type":"image\/png"}],"twitter_card":"summary_large_image","twitter_misc":{"Est. reading time":"1 minute"},"schema":{"@context":"https:\/\/schema.org","@graph":[{"@type":"WebPage","@id":"https:\/\/maqmex.com.br\/produto\/base-para-rele-rxm2-e-rmx4-contatos-mistos-conexao-por-parafuso\/","url":"https:\/\/maqmex.com.br\/produto\/base-para-rele-rxm2-e-rmx4-contatos-mistos-conexao-por-parafuso\/","name":"Base para rel\u00e9 RXM2* e RMX4*, contatos mistos, conex\u00e3o por parafuso - Maqmex","isPartOf":{"@id":"https:\/\/maqmex.com.br\/#website"},"primaryImageOfPage":{"@id":"https:\/\/maqmex.com.br\/produto\/base-para-rele-rxm2-e-rmx4-contatos-mistos-conexao-por-parafuso\/#primaryimage"},"image":{"@id":"https:\/\/maqmex.com.br\/produto\/base-para-rele-rxm2-e-rmx4-contatos-mistos-conexao-por-parafuso\/#primaryimage"},"thumbnailUrl":"https:\/\/maqmex.com.br\/wp-content\/uploads\/2025\/02\/BASE01-removebg-preview-1.png","datePublished":"2025-02-11T18:10:32+00:00","dateModified":"2025-04-08T11:21:03+00:00","breadcrumb":{"@id":"https:\/\/maqmex.com.br\/produto\/base-para-rele-rxm2-e-rmx4-contatos-mistos-conexao-por-parafuso\/#breadcrumb"},"inLanguage":"en-US","potentialAction":[{"@type":"ReadAction","target":["https:\/\/maqmex.com.br\/produto\/base-para-rele-rxm2-e-rmx4-contatos-mistos-conexao-por-parafuso\/"]}]},{"@type":"ImageObject","inLanguage":"en-US","@id":"https:\/\/maqmex.com.br\/produto\/base-para-rele-rxm2-e-rmx4-contatos-mistos-conexao-por-parafuso\/#primaryimage","url":"https:\/\/maqmex.com.br\/wp-content\/uploads\/2025\/02\/BASE01-removebg-preview-1.png","contentUrl":"https:\/\/maqmex.com.br\/wp-content\/uploads\/2025\/02\/BASE01-removebg-preview-1.png","width":288,"height":415},{"@type":"BreadcrumbList","@id":"https:\/\/maqmex.com.br\/produto\/base-para-rele-rxm2-e-rmx4-contatos-mistos-conexao-por-parafuso\/#breadcrumb","itemListElement":[{"@type":"ListItem","position":1,"name":"In\u00edcio","item":"https:\/\/maqmex.com.br\/"},{"@type":"ListItem","position":2,"name":"Shop","item":"https:\/\/maqmex.com.br\/shop\/"},{"@type":"ListItem","position":3,"name":"Base para rel\u00e9 RXM2* e RMX4*, contatos mistos, conex\u00e3o por parafuso"}]},{"@type":"WebSite","@id":"https:\/\/maqmex.com.br\/#website","url":"https:\/\/maqmex.com.br\/","name":"Maqmex","description":"Maqmex","potentialAction":[{"@type":"SearchAction","target":{"@type":"EntryPoint","urlTemplate":"https:\/\/maqmex.com.br\/?s={search_term_string}"},"query-input":{"@type":"PropertyValueSpecification","valueRequired":true,"valueName":"search_term_string"}}],"inLanguage":"en-US"}]}},"_links":{"self":[{"href":"https:\/\/maqmex.com.br\/en\/wp-json\/wp\/v2\/product\/5549","targetHints":{"allow":["GET"]}}],"collection":[{"href":"https:\/\/maqmex.com.br\/en\/wp-json\/wp\/v2\/product"}],"about":[{"href":"https:\/\/maqmex.com.br\/en\/wp-json\/wp\/v2\/types\/product"}],"replies":[{"embeddable":true,"href":"https:\/\/maqmex.com.br\/en\/wp-json\/wp\/v2\/comments?post=5549"}],"version-history":[{"count":0,"href":"https:\/\/maqmex.com.br\/en\/wp-json\/wp\/v2\/product\/5549\/revisions"}],"wp:featuredmedia":[{"embeddable":true,"href":"https:\/\/maqmex.com.br\/en\/wp-json\/wp\/v2\/media\/5664"}],"wp:attachment":[{"href":"https:\/\/maqmex.com.br\/en\/wp-json\/wp\/v2\/media?parent=5549"}],"wp:term":[{"taxonomy":"product_brand","embeddable":true,"href":"https:\/\/maqmex.com.br\/en\/wp-json\/wp\/v2\/product_brand?post=5549"},{"taxonomy":"product_cat","embeddable":true,"href":"https:\/\/maqmex.com.br\/en\/wp-json\/wp\/v2\/product_cat?post=5549"},{"taxonomy":"product_tag","embeddable":true,"href":"https:\/\/maqmex.com.br\/en\/wp-json\/wp\/v2\/product_tag?post=5549"}],"curies":[{"name":"wp","href":"https:\/\/api.w.org\/{rel}","templated":true}]}}