{"id":5573,"date":"2025-02-11T15:11:08","date_gmt":"2025-02-11T18:11:08","guid":{"rendered":"https:\/\/maqmex.nogahost.com\/?post_type=product&#038;p=5573"},"modified":"2025-04-08T08:20:26","modified_gmt":"2025-04-08T11:20:26","slug":"sensor-indutivo-cc-d18-pnp-na-8mm-cabo-xs218blpal2","status":"publish","type":"product","link":"https:\/\/maqmex.com.br\/en\/product\/sensor-indutivo-cc-d18-pnp-na-8mm-cabo-xs218blpal2\/","title":{"rendered":"SENSOR INDUTIVO CC D18 PNP NA 8MM CABO XS218BLPAL2"},"content":{"rendered":"<table class=\"specifications-table\">\n<caption class=\"specifications-table__caption\"><span>Diretor<\/span><\/caption>\n<tbody>\n<tr class=\"specifications-table__row\">\n<th class=\"specifications-table__row-heading\"><span>Linha de produto<\/span><\/th>\n<td class=\"specifications-table__cell\"><span class=\"specifications-table__text specifications-table__text--first-letter-uppercase\"><span>Telemecanique Sensores de proximidade indutivos XS<\/span><\/span><\/td>\n<\/tr>\n<tr class=\"specifications-table__row\">\n<th class=\"specifications-table__row-heading\"><span>nome da s\u00e9rie<\/span><\/th>\n<td class=\"specifications-table__cell\"><span class=\"specifications-table__text specifications-table__text--first-letter-uppercase\"><span>Fun\u00e7\u00e3o gen\u00e9rica<\/span><\/span><\/td>\n<\/tr>\n<tr class=\"specifications-table__row\">\n<th class=\"specifications-table__row-heading\"><span>Tipo do sensor<\/span><\/th>\n<td class=\"specifications-table__cell\"><span class=\"specifications-table__text specifications-table__text--first-letter-uppercase\"><span>Sensor de proximidade indutivo<\/span><\/span><\/td>\n<\/tr>\n<tr class=\"specifications-table__row\">\n<th class=\"specifications-table__row-heading\"><span>nome do sensor<\/span><\/th>\n<td class=\"specifications-table__cell\"><span class=\"specifications-table__text specifications-table__text--first-letter-uppercase\"><span>XS2<\/span><\/span><\/td>\n<\/tr>\n<tr class=\"specifications-table__row\">\n<th class=\"specifications-table__row-heading\"><span>design do sensor<\/span><\/th>\n<td class=\"specifications-table__cell\"><span class=\"specifications-table__text specifications-table__text--first-letter-uppercase\"><span>M18 cil\u00edndrico<\/span><\/span><\/td>\n<\/tr>\n<tr class=\"specifications-table__row\">\n<th class=\"specifications-table__row-heading\"><span>tamanho<\/span><\/th>\n<td class=\"specifications-table__cell\"><span class=\"specifications-table__text specifications-table__text--first-letter-uppercase\"><span>53mm<\/span><\/span><\/td>\n<\/tr>\n<tr class=\"specifications-table__row\">\n<th class=\"specifications-table__row-heading\"><span>tipo de corpo<\/span><\/th>\n<td class=\"specifications-table__cell\"><span class=\"specifications-table__text specifications-table__text--first-letter-uppercase\"><span>Fixo<\/span><\/span><\/td>\n<\/tr>\n<tr class=\"specifications-table__row\">\n<th class=\"specifications-table__row-heading\"><span>material do inv\u00f3lucro<\/span><\/th>\n<td class=\"specifications-table__cell\"><span class=\"specifications-table__text specifications-table__text--first-letter-uppercase\"><span>Lat\u00e3o niquelado<\/span><\/span><\/td>\n<\/tr>\n<tr class=\"specifications-table__row\">\n<th class=\"specifications-table__row-heading\"><span>tipo de sinal de sa\u00edda<\/span><\/th>\n<td class=\"specifications-table__cell\"><span class=\"specifications-table__text specifications-table__text--first-letter-uppercase\"><span>Digital<\/span><\/span><\/td>\n<\/tr>\n<tr class=\"specifications-table__row\">\n<th class=\"specifications-table__row-heading\"><span>t\u00e9cnica de fia\u00e7\u00e3o<\/span><\/th>\n<td class=\"specifications-table__cell\"><span class=\"specifications-table__text specifications-table__text--first-letter-uppercase\"><span>3 fios<\/span><\/span><\/td>\n<\/tr>\n<tr class=\"specifications-table__row\">\n<th class=\"specifications-table__row-heading\"><span>[Sn] dist\u00e2ncia de detec\u00e7\u00e3o nominal<\/span><\/th>\n<td class=\"specifications-table__cell\"><span class=\"specifications-table__text specifications-table__text--first-letter-uppercase\"><span>8mm<\/span><\/span><\/td>\n<\/tr>\n<tr class=\"specifications-table__row\">\n<th class=\"specifications-table__row-heading\"><span>fun\u00e7\u00e3o de sa\u00edda digital<\/span><\/th>\n<td class=\"specifications-table__cell\"><span class=\"specifications-table__text specifications-table__text--first-letter-uppercase\"><span>1 NA<\/span><\/span><\/td>\n<\/tr>\n<tr class=\"specifications-table__row\">\n<th class=\"specifications-table__row-heading\"><span>tipo de sa\u00edda digital<\/span><\/th>\n<td class=\"specifications-table__cell\"><span class=\"specifications-table__text specifications-table__text--first-letter-uppercase\"><span>PNP<\/span><\/span><\/td>\n<\/tr>\n<tr class=\"specifications-table__row\">\n<th class=\"specifications-table__row-heading\"><span>conex\u00e3o el\u00e9trica<\/span><\/th>\n<td class=\"specifications-table__cell\"><span class=\"specifications-table__text specifications-table__text--first-letter-uppercase\"><span>Cabo<\/span><\/span><\/td>\n<\/tr>\n<tr class=\"specifications-table__row\">\n<th class=\"specifications-table__row-heading\"><span>comprimento do cabo<\/span><\/th>\n<td class=\"specifications-table__cell\"><span class=\"specifications-table__text specifications-table__text--first-letter-uppercase\"><span>2m<\/span><\/span><\/td>\n<\/tr>\n<tr class=\"specifications-table__row\">\n<th class=\"specifications-table__row-heading\"><span>tens\u00e3o nominal de fornecimento [Us]<\/span><\/th>\n<td class=\"specifications-table__cell\"><span class=\"specifications-table__text specifications-table__text--first-letter-uppercase\"><span>12 &#8230; 24 V CC com Prote\u00e7\u00e3o contra polaridade reversa<\/span><\/span><\/td>\n<\/tr>\n<tr class=\"specifications-table__row\">\n<th class=\"specifications-table__row-heading\"><span>capacidade de comuta\u00e7\u00e3o em mA<\/span><\/th>\n<td class=\"specifications-table__cell\"><span class=\"specifications-table__text specifications-table__text--first-letter-uppercase\"><span>&lt;= 200 mA com prote\u00e7\u00e3o contra sobrecargas e curtos-circuitos<\/span><\/span><\/td>\n<\/tr>\n<tr class=\"specifications-table__row\">\n<th class=\"specifications-table__row-heading\"><span>Grau de prote\u00e7\u00e3o IP<\/span><\/th>\n<td class=\"specifications-table__cell\"><span class=\"specifications-table__text specifications-table__text--first-letter-uppercase\"><span>IP67 conforme IEC 60529<\/span><\/span><\/td>\n<\/tr>\n<\/tbody>\n<\/table>\n<table class=\"specifications-table\">\n<caption class=\"specifications-table__caption\"><span>Complementar<\/span><\/caption>\n<tbody>\n<tr class=\"specifications-table__row\">\n<th class=\"specifications-table__row-heading\"><span>rosca ISO<\/span><\/th>\n<td class=\"specifications-table__cell\"><span class=\"specifications-table__text specifications-table__text--first-letter-uppercase\"><span>M18 x 1<\/span><\/span><\/td>\n<\/tr>\n<tr class=\"specifications-table__row\">\n<th class=\"specifications-table__row-heading\"><span>face de detec\u00e7\u00e3o<\/span><\/th>\n<td class=\"specifications-table__cell\"><span class=\"specifications-table__text specifications-table__text--first-letter-uppercase\"><span>Frontal<\/span><\/span><\/td>\n<\/tr>\n<tr class=\"specifications-table__row\">\n<th class=\"specifications-table__row-heading\"><span>aceita\u00e7\u00e3o de montagem embutida do detector<\/span><\/th>\n<td class=\"specifications-table__cell\"><span class=\"specifications-table__text specifications-table__text--first-letter-uppercase\"><span>Sem possibilidade de montagem embutida<\/span><\/span><\/td>\n<\/tr>\n<tr class=\"specifications-table__row\">\n<th class=\"specifications-table__row-heading\"><span>Material<\/span><\/th>\n<td class=\"specifications-table__cell\"><span class=\"specifications-table__text specifications-table__text--first-letter-uppercase\"><span>Metal<\/span><\/span><\/td>\n<\/tr>\n<tr class=\"specifications-table__row\">\n<th class=\"specifications-table__row-heading\"><span>material frontal<\/span><\/th>\n<td class=\"specifications-table__cell\"><span class=\"specifications-table__text specifications-table__text--first-letter-uppercase\"><span>PBT<\/span><\/span><\/td>\n<\/tr>\n<tr class=\"specifications-table__row\">\n<th class=\"specifications-table__row-heading\"><span>zona de funcionamento<\/span><\/th>\n<td class=\"specifications-table__cell\"><span class=\"specifications-table__text specifications-table__text--first-letter-uppercase\"><span>0\u20266,4 mm<\/span><\/span><\/td>\n<\/tr>\n<tr class=\"specifications-table__row\">\n<th class=\"specifications-table__row-heading\"><span>curso do diferencial<\/span><\/th>\n<td class=\"specifications-table__cell\"><span class=\"specifications-table__text specifications-table__text--first-letter-uppercase\"><span>1&#8230;15% de Sr<\/span><\/span><\/td>\n<\/tr>\n<tr class=\"specifications-table__row\">\n<th class=\"specifications-table__row-heading\"><span>tipo de circuito de sa\u00edda<\/span><\/th>\n<td class=\"specifications-table__cell\"><span class=\"specifications-table__text specifications-table__text--first-letter-uppercase\"><span>CC<\/span><\/span><\/td>\n<\/tr>\n<tr class=\"specifications-table__row\">\n<th class=\"specifications-table__row-heading\"><span>composi\u00e7\u00e3o de cabos<\/span><\/th>\n<td class=\"specifications-table__cell\"><span class=\"specifications-table__text specifications-table__text--first-letter-uppercase\"><span>3 x 0,14 mm\u00b2<\/span><\/span><\/td>\n<\/tr>\n<tr class=\"specifications-table__row\">\n<th class=\"specifications-table__row-heading\"><span>material de isolamento do fio<\/span><\/th>\n<td class=\"specifications-table__cell\"><span class=\"specifications-table__text specifications-table__text--first-letter-uppercase\"><span>PVC<\/span><\/span><\/td>\n<\/tr>\n<tr class=\"specifications-table__row\">\n<th class=\"specifications-table__row-heading\"><span>LED de status<\/span><\/th>\n<td class=\"specifications-table__cell\"><span class=\"specifications-table__text specifications-table__text--first-letter-uppercase\"><span>Estado de sa\u00edda: 1 LED (Amarelo)<\/span><\/span><\/td>\n<\/tr>\n<tr class=\"specifications-table__row\">\n<th class=\"specifications-table__row-heading\"><span>limites de tens\u00e3o de alimenta\u00e7\u00e3o<\/span><\/th>\n<td class=\"specifications-table__cell\"><span class=\"specifications-table__text specifications-table__text--first-letter-uppercase\"><span>10\u202636 V CC<\/span><\/span><\/td>\n<\/tr>\n<tr class=\"specifications-table__row\">\n<th class=\"specifications-table__row-heading\"><span>frequ\u00eancia de comuta\u00e7\u00e3o<\/span><\/th>\n<td class=\"specifications-table__cell\"><span class=\"specifications-table__text specifications-table__text--first-letter-uppercase\"><span>&lt;= 500 Hz<\/span><\/span><\/td>\n<\/tr>\n<tr class=\"specifications-table__row\">\n<th class=\"specifications-table__row-heading\"><span>queda de tens\u00e3o m\u00e1xima<\/span><\/th>\n<td class=\"specifications-table__cell\"><span class=\"specifications-table__text specifications-table__text--first-letter-uppercase\"><span>&lt;2 V (fechado)<\/span><\/span><\/td>\n<\/tr>\n<tr class=\"specifications-table__row\">\n<th class=\"specifications-table__row-heading\"><span>consumo de corrente<\/span><\/th>\n<td class=\"specifications-table__cell\"><span class=\"specifications-table__text specifications-table__text--first-letter-uppercase\"><span>&lt;= 10 mA sem carga<\/span><\/span><\/td>\n<\/tr>\n<tr class=\"specifications-table__row\">\n<th class=\"specifications-table__row-heading\"><span>atraso m\u00e1ximo primeiro<\/span><\/th>\n<td class=\"specifications-table__cell\"><span class=\"specifications-table__text specifications-table__text--first-letter-uppercase\"><span>15ms<\/span><\/span><\/td>\n<\/tr>\n<tr class=\"specifications-table__row\">\n<th class=\"specifications-table__row-heading\"><span>resposta de atraso m\u00e1ximo<\/span><\/th>\n<td class=\"specifications-table__cell\"><span class=\"specifications-table__text specifications-table__text--first-letter-uppercase\"><span>0,1ms<\/span><\/span><\/td>\n<\/tr>\n<tr class=\"specifications-table__row\">\n<th class=\"specifications-table__row-heading\"><span>recupera\u00e7\u00e3o de atraso m\u00e1ximo<\/span><\/th>\n<td class=\"specifications-table__cell\"><span class=\"specifications-table__text specifications-table__text--first-letter-uppercase\"><span>1ms<\/span><\/span><\/td>\n<\/tr>\n<tr class=\"specifications-table__row\">\n<th class=\"specifications-table__row-heading\"><span>grava\u00e7\u00e3o<\/span><\/th>\n<td class=\"specifications-table__cell\"><span class=\"specifications-table__text specifications-table__text--first-letter-uppercase\"><span>CE<\/span><\/span><\/td>\n<\/tr>\n<tr class=\"specifications-table__row\">\n<th class=\"specifications-table__row-heading\"><span>comprimento roscado<\/span><\/th>\n<td class=\"specifications-table__cell\"><span class=\"specifications-table__text specifications-table__text--first-letter-uppercase\"><span>33 mm<\/span><\/span><\/td>\n<\/tr>\n<tr class=\"specifications-table__row\">\n<th class=\"specifications-table__row-heading\"><span>comprimento<\/span><\/th>\n<td class=\"specifications-table__cell\"><span class=\"specifications-table__text specifications-table__text--first-letter-uppercase\"><span>53mm<\/span><\/span><\/td>\n<\/tr>\n<tr class=\"specifications-table__row\">\n<th class=\"specifications-table__row-heading\"><span>Peso l\u00edquido<\/span><\/th>\n<td class=\"specifications-table__cell\"><span class=\"specifications-table__text specifications-table__text--first-letter-uppercase\"><span>0,105kg<\/span><\/span><\/td>\n<\/tr>\n<\/tbody>\n<\/table>\n","protected":false},"excerpt":{"rendered":"<h2 class=\"main-product-info__bottom-item main-product-info__bottom-item--product-id\"><span>SCHNEIDER XS218BLPAL2<\/span><\/h2>","protected":false},"featured_media":5685,"comment_status":"open","ping_status":"closed","template":"","meta":[],"product_brand":[],"product_cat":[500,468],"product_tag":[502,504,519,524],"class_list":{"0":"post-5573","1":"product","2":"type-product","3":"status-publish","4":"has-post-thumbnail","6":"product_cat-componente-eletronico","7":"product_cat-eletrica","8":"product_tag-eletrico","9":"product_tag-maqmex","10":"product_tag-schneider","11":"product_tag-sensor","12":"product_shipping_class-normal","14":"first","15":"outofstock","16":"shipping-taxable","17":"purchasable","18":"product-type-simple"},"yoast_head":"<!-- This site is optimized with the Yoast SEO plugin v27.4 - https:\/\/yoast.com\/product\/yoast-seo-wordpress\/ -->\n<title>SENSOR INDUTIVO CC D18 PNP NA 8MM CABO XS218BLPAL2 - Maqmex<\/title>\n<meta name=\"robots\" content=\"index, follow, max-snippet:-1, max-image-preview:large, max-video-preview:-1\" \/>\n<link rel=\"canonical\" href=\"https:\/\/maqmex.com.br\/en\/product\/sensor-indutivo-cc-d18-pnp-na-8mm-cabo-xs218blpal2\/\" \/>\n<meta property=\"og:locale\" content=\"en_US\" \/>\n<meta property=\"og:type\" content=\"article\" \/>\n<meta property=\"og:title\" content=\"SENSOR INDUTIVO CC D18 PNP NA 8MM CABO XS218BLPAL2 - Maqmex\" \/>\n<meta property=\"og:description\" content=\"SCHNEIDER XS218BLPAL2\" \/>\n<meta property=\"og:url\" content=\"https:\/\/maqmex.com.br\/en\/product\/sensor-indutivo-cc-d18-pnp-na-8mm-cabo-xs218blpal2\/\" \/>\n<meta property=\"og:site_name\" content=\"Maqmex\" \/>\n<meta property=\"article:modified_time\" content=\"2025-04-08T11:20:26+00:00\" \/>\n<meta property=\"og:image\" content=\"https:\/\/maqmex.com.br\/wp-content\/uploads\/2025\/02\/sensor01-removebg-preview-1.png\" \/>\n\t<meta property=\"og:image:width\" content=\"472\" \/>\n\t<meta property=\"og:image:height\" content=\"493\" \/>\n\t<meta property=\"og:image:type\" content=\"image\/png\" \/>\n<meta name=\"twitter:card\" content=\"summary_large_image\" \/>\n<meta name=\"twitter:label1\" content=\"Est. reading time\" \/>\n\t<meta name=\"twitter:data1\" content=\"1 minute\" \/>\n<script type=\"application\/ld+json\" class=\"yoast-schema-graph\">{\"@context\":\"https:\\\/\\\/schema.org\",\"@graph\":[{\"@type\":\"WebPage\",\"@id\":\"https:\\\/\\\/maqmex.com.br\\\/produto\\\/sensor-indutivo-cc-d18-pnp-na-8mm-cabo-xs218blpal2\\\/\",\"url\":\"https:\\\/\\\/maqmex.com.br\\\/produto\\\/sensor-indutivo-cc-d18-pnp-na-8mm-cabo-xs218blpal2\\\/\",\"name\":\"SENSOR INDUTIVO CC D18 PNP NA 8MM CABO XS218BLPAL2 - Maqmex\",\"isPartOf\":{\"@id\":\"https:\\\/\\\/maqmex.com.br\\\/#website\"},\"primaryImageOfPage\":{\"@id\":\"https:\\\/\\\/maqmex.com.br\\\/produto\\\/sensor-indutivo-cc-d18-pnp-na-8mm-cabo-xs218blpal2\\\/#primaryimage\"},\"image\":{\"@id\":\"https:\\\/\\\/maqmex.com.br\\\/produto\\\/sensor-indutivo-cc-d18-pnp-na-8mm-cabo-xs218blpal2\\\/#primaryimage\"},\"thumbnailUrl\":\"https:\\\/\\\/maqmex.com.br\\\/wp-content\\\/uploads\\\/2025\\\/02\\\/sensor01-removebg-preview-1.png\",\"datePublished\":\"2025-02-11T18:11:08+00:00\",\"dateModified\":\"2025-04-08T11:20:26+00:00\",\"breadcrumb\":{\"@id\":\"https:\\\/\\\/maqmex.com.br\\\/produto\\\/sensor-indutivo-cc-d18-pnp-na-8mm-cabo-xs218blpal2\\\/#breadcrumb\"},\"inLanguage\":\"en-US\",\"potentialAction\":[{\"@type\":\"ReadAction\",\"target\":[\"https:\\\/\\\/maqmex.com.br\\\/produto\\\/sensor-indutivo-cc-d18-pnp-na-8mm-cabo-xs218blpal2\\\/\"]}]},{\"@type\":\"ImageObject\",\"inLanguage\":\"en-US\",\"@id\":\"https:\\\/\\\/maqmex.com.br\\\/produto\\\/sensor-indutivo-cc-d18-pnp-na-8mm-cabo-xs218blpal2\\\/#primaryimage\",\"url\":\"https:\\\/\\\/maqmex.com.br\\\/wp-content\\\/uploads\\\/2025\\\/02\\\/sensor01-removebg-preview-1.png\",\"contentUrl\":\"https:\\\/\\\/maqmex.com.br\\\/wp-content\\\/uploads\\\/2025\\\/02\\\/sensor01-removebg-preview-1.png\",\"width\":472,\"height\":493},{\"@type\":\"BreadcrumbList\",\"@id\":\"https:\\\/\\\/maqmex.com.br\\\/produto\\\/sensor-indutivo-cc-d18-pnp-na-8mm-cabo-xs218blpal2\\\/#breadcrumb\",\"itemListElement\":[{\"@type\":\"ListItem\",\"position\":1,\"name\":\"In\u00edcio\",\"item\":\"https:\\\/\\\/maqmex.com.br\\\/\"},{\"@type\":\"ListItem\",\"position\":2,\"name\":\"Shop\",\"item\":\"https:\\\/\\\/maqmex.com.br\\\/shop\\\/\"},{\"@type\":\"ListItem\",\"position\":3,\"name\":\"SENSOR INDUTIVO CC D18 PNP NA 8MM CABO XS218BLPAL2\"}]},{\"@type\":\"WebSite\",\"@id\":\"https:\\\/\\\/maqmex.com.br\\\/#website\",\"url\":\"https:\\\/\\\/maqmex.com.br\\\/\",\"name\":\"Maqmex\",\"description\":\"Maqmex\",\"potentialAction\":[{\"@type\":\"SearchAction\",\"target\":{\"@type\":\"EntryPoint\",\"urlTemplate\":\"https:\\\/\\\/maqmex.com.br\\\/?s={search_term_string}\"},\"query-input\":{\"@type\":\"PropertyValueSpecification\",\"valueRequired\":true,\"valueName\":\"search_term_string\"}}],\"inLanguage\":\"en-US\"}]}<\/script>\n<!-- \/ Yoast SEO plugin. -->","yoast_head_json":{"title":"SENSOR INDUTIVO CC D18 PNP NA 8MM CABO XS218BLPAL2 - Maqmex","robots":{"index":"index","follow":"follow","max-snippet":"max-snippet:-1","max-image-preview":"max-image-preview:large","max-video-preview":"max-video-preview:-1"},"canonical":"https:\/\/maqmex.com.br\/en\/product\/sensor-indutivo-cc-d18-pnp-na-8mm-cabo-xs218blpal2\/","og_locale":"en_US","og_type":"article","og_title":"SENSOR INDUTIVO CC D18 PNP NA 8MM CABO XS218BLPAL2 - Maqmex","og_description":"SCHNEIDER XS218BLPAL2","og_url":"https:\/\/maqmex.com.br\/en\/product\/sensor-indutivo-cc-d18-pnp-na-8mm-cabo-xs218blpal2\/","og_site_name":"Maqmex","article_modified_time":"2025-04-08T11:20:26+00:00","og_image":[{"width":472,"height":493,"url":"https:\/\/maqmex.com.br\/wp-content\/uploads\/2025\/02\/sensor01-removebg-preview-1.png","type":"image\/png"}],"twitter_card":"summary_large_image","twitter_misc":{"Est. reading time":"1 minute"},"schema":{"@context":"https:\/\/schema.org","@graph":[{"@type":"WebPage","@id":"https:\/\/maqmex.com.br\/produto\/sensor-indutivo-cc-d18-pnp-na-8mm-cabo-xs218blpal2\/","url":"https:\/\/maqmex.com.br\/produto\/sensor-indutivo-cc-d18-pnp-na-8mm-cabo-xs218blpal2\/","name":"SENSOR INDUTIVO CC D18 PNP NA 8MM CABO XS218BLPAL2 - Maqmex","isPartOf":{"@id":"https:\/\/maqmex.com.br\/#website"},"primaryImageOfPage":{"@id":"https:\/\/maqmex.com.br\/produto\/sensor-indutivo-cc-d18-pnp-na-8mm-cabo-xs218blpal2\/#primaryimage"},"image":{"@id":"https:\/\/maqmex.com.br\/produto\/sensor-indutivo-cc-d18-pnp-na-8mm-cabo-xs218blpal2\/#primaryimage"},"thumbnailUrl":"https:\/\/maqmex.com.br\/wp-content\/uploads\/2025\/02\/sensor01-removebg-preview-1.png","datePublished":"2025-02-11T18:11:08+00:00","dateModified":"2025-04-08T11:20:26+00:00","breadcrumb":{"@id":"https:\/\/maqmex.com.br\/produto\/sensor-indutivo-cc-d18-pnp-na-8mm-cabo-xs218blpal2\/#breadcrumb"},"inLanguage":"en-US","potentialAction":[{"@type":"ReadAction","target":["https:\/\/maqmex.com.br\/produto\/sensor-indutivo-cc-d18-pnp-na-8mm-cabo-xs218blpal2\/"]}]},{"@type":"ImageObject","inLanguage":"en-US","@id":"https:\/\/maqmex.com.br\/produto\/sensor-indutivo-cc-d18-pnp-na-8mm-cabo-xs218blpal2\/#primaryimage","url":"https:\/\/maqmex.com.br\/wp-content\/uploads\/2025\/02\/sensor01-removebg-preview-1.png","contentUrl":"https:\/\/maqmex.com.br\/wp-content\/uploads\/2025\/02\/sensor01-removebg-preview-1.png","width":472,"height":493},{"@type":"BreadcrumbList","@id":"https:\/\/maqmex.com.br\/produto\/sensor-indutivo-cc-d18-pnp-na-8mm-cabo-xs218blpal2\/#breadcrumb","itemListElement":[{"@type":"ListItem","position":1,"name":"In\u00edcio","item":"https:\/\/maqmex.com.br\/"},{"@type":"ListItem","position":2,"name":"Shop","item":"https:\/\/maqmex.com.br\/shop\/"},{"@type":"ListItem","position":3,"name":"SENSOR INDUTIVO CC D18 PNP NA 8MM CABO XS218BLPAL2"}]},{"@type":"WebSite","@id":"https:\/\/maqmex.com.br\/#website","url":"https:\/\/maqmex.com.br\/","name":"Maqmex","description":"Maqmex","potentialAction":[{"@type":"SearchAction","target":{"@type":"EntryPoint","urlTemplate":"https:\/\/maqmex.com.br\/?s={search_term_string}"},"query-input":{"@type":"PropertyValueSpecification","valueRequired":true,"valueName":"search_term_string"}}],"inLanguage":"en-US"}]}},"_links":{"self":[{"href":"https:\/\/maqmex.com.br\/en\/wp-json\/wp\/v2\/product\/5573","targetHints":{"allow":["GET"]}}],"collection":[{"href":"https:\/\/maqmex.com.br\/en\/wp-json\/wp\/v2\/product"}],"about":[{"href":"https:\/\/maqmex.com.br\/en\/wp-json\/wp\/v2\/types\/product"}],"replies":[{"embeddable":true,"href":"https:\/\/maqmex.com.br\/en\/wp-json\/wp\/v2\/comments?post=5573"}],"version-history":[{"count":0,"href":"https:\/\/maqmex.com.br\/en\/wp-json\/wp\/v2\/product\/5573\/revisions"}],"wp:featuredmedia":[{"embeddable":true,"href":"https:\/\/maqmex.com.br\/en\/wp-json\/wp\/v2\/media\/5685"}],"wp:attachment":[{"href":"https:\/\/maqmex.com.br\/en\/wp-json\/wp\/v2\/media?parent=5573"}],"wp:term":[{"taxonomy":"product_brand","embeddable":true,"href":"https:\/\/maqmex.com.br\/en\/wp-json\/wp\/v2\/product_brand?post=5573"},{"taxonomy":"product_cat","embeddable":true,"href":"https:\/\/maqmex.com.br\/en\/wp-json\/wp\/v2\/product_cat?post=5573"},{"taxonomy":"product_tag","embeddable":true,"href":"https:\/\/maqmex.com.br\/en\/wp-json\/wp\/v2\/product_tag?post=5573"}],"curies":[{"name":"wp","href":"https:\/\/api.w.org\/{rel}","templated":true}]}}