{"id":5594,"date":"2025-02-11T15:11:33","date_gmt":"2025-02-11T18:11:33","guid":{"rendered":"https:\/\/maqmex.nogahost.com\/?post_type=product&#038;p=5594"},"modified":"2025-04-08T08:19:27","modified_gmt":"2025-04-08T11:19:27","slug":"disjuntor-100a-3p-ezc100n-ezc100n3100","status":"publish","type":"product","link":"https:\/\/maqmex.com.br\/en\/product\/disjuntor-100a-3p-ezc100n-ezc100n3100\/","title":{"rendered":"DISJUNTOR 100A 3P EZC100N EZC100N3100"},"content":{"rendered":"<table class=\"specifications-table\">\n<caption class=\"specifications-table__caption\"><span>Diretor<\/span><\/caption>\n<tbody>\n<tr class=\"specifications-table__row\">\n<th class=\"specifications-table__row-heading\"><span>Linha de produto<\/span><\/th>\n<td class=\"specifications-table__cell\"><span class=\"specifications-table__text specifications-table__text--first-letter-uppercase\"><span>EasyPact<\/span><\/span><\/td>\n<\/tr>\n<tr class=\"specifications-table__row\">\n<th class=\"specifications-table__row-heading\"><span>Tipo de produto ou componente<\/span><\/th>\n<td class=\"specifications-table__cell\"><span class=\"specifications-table__text specifications-table__text--first-letter-uppercase\"><span>Disjuntor<\/span><\/span><\/td>\n<\/tr>\n<tr class=\"specifications-table__row\">\n<th class=\"specifications-table__row-heading\"><span>Nome abreviado do dispositivo<\/span><\/th>\n<td class=\"specifications-table__cell\"><span class=\"specifications-table__text specifications-table__text--first-letter-uppercase\"><span>Easypact EZC100N<\/span><\/span><\/td>\n<\/tr>\n<tr class=\"specifications-table__row\">\n<th class=\"specifications-table__row-heading\"><span>nome do disjuntor<\/span><\/th>\n<td class=\"specifications-table__cell\"><span class=\"specifications-table__text specifications-table__text--first-letter-uppercase\"><span>Easypact EZC100N<\/span><\/span><\/td>\n<\/tr>\n<tr class=\"specifications-table__row\">\n<th class=\"specifications-table__row-heading\"><span>Aplica\u00e7\u00e3o do dispositivo<\/span><\/th>\n<td class=\"specifications-table__cell\"><span class=\"specifications-table__text specifications-table__text--first-letter-uppercase\"><span>Distribui\u00e7\u00e3o<\/span><\/span><\/td>\n<\/tr>\n<tr class=\"specifications-table__row\">\n<th class=\"specifications-table__row-heading\"><span>Descri\u00e7\u00e3o dos polos<\/span><\/th>\n<td class=\"specifications-table__cell\"><span class=\"specifications-table__text specifications-table__text--first-letter-uppercase\"><span>3P<\/span><\/span><\/td>\n<\/tr>\n<tr class=\"specifications-table__row\">\n<th class=\"specifications-table__row-heading\"><span>descri\u00e7\u00e3o dos polos protegidos<\/span><\/th>\n<td class=\"specifications-table__cell\"><span class=\"specifications-table__text specifications-table__text--first-letter-uppercase\"><span>3t<\/span><\/span><\/td>\n<\/tr>\n<tr class=\"specifications-table__row\">\n<th class=\"specifications-table__row-heading\"><span>tipo de rede<\/span><\/th>\n<td class=\"specifications-table__cell\"><span class=\"specifications-table__text specifications-table__text--first-letter-uppercase\"><span>CC<\/span><br \/>\n<span>CA<\/span><\/span><\/td>\n<\/tr>\n<tr class=\"specifications-table__row\">\n<th class=\"specifications-table__row-heading\"><span>Frequ\u00eancia da rede<\/span><\/th>\n<td class=\"specifications-table__cell\"><span class=\"specifications-table__text specifications-table__text--first-letter-uppercase\"><span>50\/60 Hz<\/span><\/span><\/td>\n<\/tr>\n<tr class=\"specifications-table__row\">\n<th class=\"specifications-table__row-heading\"><span>[Em] corrente nominal<\/span><\/th>\n<td class=\"specifications-table__cell\"><span class=\"specifications-table__text specifications-table__text--first-letter-uppercase\"><span>100 A a 40 \u00b0C<\/span><\/span><\/td>\n<\/tr>\n<tr class=\"specifications-table__row\">\n<th class=\"specifications-table__row-heading\"><span>[Ui] tens\u00e3o de isolamento nominal<\/span><\/th>\n<td class=\"specifications-table__cell\"><span class=\"specifications-table__text specifications-table__text--first-letter-uppercase\"><span>690 V CA 50\/60 Hz conforme IEC 60947-2<\/span><\/span><\/td>\n<\/tr>\n<tr class=\"specifications-table__row\">\n<th class=\"specifications-table__row-heading\"><span>[Uimp] tens\u00e3o suport\u00e1vel de impulso nominal<\/span><\/th>\n<td class=\"specifications-table__cell\"><span class=\"specifications-table__text specifications-table__text--first-letter-uppercase\"><span>6 kV conforme IEC 60947-2<\/span><\/span><\/td>\n<\/tr>\n<tr class=\"specifications-table__row\">\n<th class=\"specifications-table__row-heading\"><span>[Ue] tens\u00e3o de opera\u00e7\u00e3o nominal<\/span><\/th>\n<td class=\"specifications-table__cell\"><span class=\"specifications-table__text specifications-table__text--first-letter-uppercase\"><span>550 V CA 50\/60 Hz conforme IEC 60947-2<\/span><br \/>\n<span>250 V CC conforme IEC 60947-2<\/span><\/span><\/td>\n<\/tr>\n<tr class=\"specifications-table__row\">\n<th class=\"specifications-table__row-heading\"><span>c\u00f3digo de capacidade de interrup\u00e7\u00e3o<\/span><\/th>\n<td class=\"specifications-table__cell\"><span class=\"specifications-table__text specifications-table__text--first-letter-uppercase\"><span>N<\/span><\/span><\/td>\n<\/tr>\n<tr class=\"specifications-table__row\">\n<th class=\"specifications-table__row-heading\"><span>capacidade de corte<\/span><\/th>\n<td class=\"specifications-table__cell\"><span class=\"specifications-table__text specifications-table__text--first-letter-uppercase\"><span>10 kA Icu a 440 V CA 50\/60 Hz para IEC 60947-2<\/span><br \/>\n<span>15 kA Icu a 400..0,415 V CA 50\/60 Hz para IEC 60947-2<\/span><br \/>\n<span>18 kA Icu a 380 V CA 50\/60 Hz para IEC 60947- 2<\/span><br \/>\n<span>25 kA Icu a 110..0,130 V CA 50\/60 Hz para IEC 60947-2<\/span><br \/>\n<span>25 kA Icu a 220&#8230;240 V CA 50\/60 Hz para IEC 60947-2<\/span><br \/>\n<span>5 kA Icu a 125 V CC 1P para IEC 60947-2<\/span><br \/>\n<span>5 kA Icu a 250 V CC 2P para IEC 60947-2<\/span><br \/>\n<span>5 kA Icu a 550 V CA 50\/60 Hz para IEC 60947-2<\/span><\/span><\/td>\n<\/tr>\n<tr class=\"specifications-table__row\">\n<th class=\"specifications-table__row-heading\"><span>[Ics] capacidade de corte nominal em servi\u00e7o<\/span><\/th>\n<td class=\"specifications-table__cell\"><span class=\"specifications-table__text specifications-table__text--first-letter-uppercase\"><span>5 kA a 440 V CA 50\/60 Hz para IEC 60947-2<\/span><br \/>\n<span>9 kA a 380 V CA 50\/60 Hz para IEC 60947-2<\/span><br \/>\n<span>12,5 kA a 110\/130 V CA 50\/60 Hz para IEC 60947-2<\/span><br \/>\n<span>12 ,5 kA a 220\/230\/240 V CA 50\/60 Hz para IEC 60947-2<\/span><br \/>\n<span>2,5 kA a 125 V CC para IEC 60947-2<\/span><br \/>\n<span>2,5 kA a 250 V CC para IEC 60947-2<\/span><br \/>\n<span>2,5 kA a 550 V CA 50\/60 Hz para IEC 60947-2<\/span><br \/>\n<span>7,5 kA a 400\/415 V CA 50\/60 Hz para IEC 60947-2<\/span><\/span><\/td>\n<\/tr>\n<tr class=\"specifications-table__row\">\n<th class=\"specifications-table__row-heading\"><span>otimiza\u00e7\u00e3o para isolamento<\/span><\/th>\n<td class=\"specifications-table__cell\"><span class=\"specifications-table__text specifications-table__text--first-letter-uppercase\"><span>Sim conforme IEC 60947-2<\/span><\/span><\/td>\n<\/tr>\n<tr class=\"specifications-table__row\">\n<th class=\"specifications-table__row-heading\"><span>Categoria de uso<\/span><\/th>\n<td class=\"specifications-table__cell\"><span class=\"specifications-table__text specifications-table__text--first-letter-uppercase\"><span>Categoria A<\/span><\/span><\/td>\n<\/tr>\n<tr class=\"specifications-table__row\">\n<th class=\"specifications-table__row-heading\"><span>nome da unidade de tiro<\/span><\/th>\n<td class=\"specifications-table__cell\"><span class=\"specifications-table__text specifications-table__text--first-letter-uppercase\"><span>TM-D<\/span><\/span><\/td>\n<\/tr>\n<tr class=\"specifications-table__row\">\n<th class=\"specifications-table__row-heading\"><span>tecnologia da unidade de tiro<\/span><\/th>\n<td class=\"specifications-table__cell\"><span class=\"specifications-table__text specifications-table__text--first-letter-uppercase\"><span>Termomagn\u00e9tico<\/span><\/span><\/td>\n<\/tr>\n<tr class=\"specifications-table__row\">\n<th class=\"specifications-table__row-heading\"><span>classifica\u00e7\u00e3o da unidade de tiro<\/span><\/th>\n<td class=\"specifications-table__cell\"><span class=\"specifications-table__text specifications-table__text--first-letter-uppercase\"><span>100 A a 50 \u00b0C<\/span><\/span><\/td>\n<\/tr>\n<tr class=\"specifications-table__row\">\n<th class=\"specifications-table__row-heading\"><span>Tipo de prote\u00e7\u00e3o<\/span><\/th>\n<td class=\"specifications-table__cell\"><span class=\"specifications-table__text specifications-table__text--first-letter-uppercase\"><span>Prote\u00e7\u00e3o contra curtos-circuitos<\/span><br \/>\n<span>Prote\u00e7\u00e3o de sobrecarga<\/span><\/span><\/td>\n<\/tr>\n<tr class=\"specifications-table__row\">\n<th class=\"specifications-table__row-heading\"><span>grau de combust\u00edvel<\/span><\/th>\n<td class=\"specifications-table__cell\"><span class=\"specifications-table__text specifications-table__text--first-letter-uppercase\"><span>3 conforme IEC 60664-1<\/span><br \/>\n<span>3 conforme IEC 947-1<\/span><\/span><\/td>\n<\/tr>\n<\/tbody>\n<\/table>\n<table class=\"specifications-table\">\n<caption class=\"specifications-table__caption\"><span>Complementar<\/span><\/caption>\n<tbody>\n<tr class=\"specifications-table__row\">\n<th class=\"specifications-table__row-heading\"><span>Tipo de controle<\/span><\/th>\n<td class=\"specifications-table__cell\"><span class=\"specifications-table__text specifications-table__text--first-letter-uppercase\"><span>Alavanca articulada<\/span><\/span><\/td>\n<\/tr>\n<tr class=\"specifications-table__row\">\n<th class=\"specifications-table__row-heading\"><span>Modo de montagem<\/span><\/th>\n<td class=\"specifications-table__cell\"><span class=\"specifications-table__text specifications-table__text--first-letter-uppercase\"><span>Fixo<\/span><\/span><\/td>\n<\/tr>\n<tr class=\"specifications-table__row\">\n<th class=\"specifications-table__row-heading\"><span>Suporte de montagem<\/span><\/th>\n<td class=\"specifications-table__cell\"><span class=\"specifications-table__text specifications-table__text--first-letter-uppercase\"><span>Placa posterior<\/span><\/span><\/td>\n<\/tr>\n<tr class=\"specifications-table__row\">\n<th class=\"specifications-table__row-heading\"><span>conex\u00f5es da parte de cima<\/span><\/th>\n<td class=\"specifications-table__cell\"><span class=\"specifications-table__text specifications-table__text--first-letter-uppercase\"><span>Frontal<\/span><\/span><\/td>\n<\/tr>\n<tr class=\"specifications-table__row\">\n<th class=\"specifications-table__row-heading\"><span>conex\u00e3o na parte inferior<\/span><\/th>\n<td class=\"specifications-table__cell\"><span class=\"specifications-table__text specifications-table__text--first-letter-uppercase\"><span>Frontal<\/span><\/span><\/td>\n<\/tr>\n<tr class=\"specifications-table__row\">\n<th class=\"specifications-table__row-heading\"><span>durabilidade mec\u00e2nica<\/span><\/th>\n<td class=\"specifications-table__cell\"><span class=\"specifications-table__text specifications-table__text--first-letter-uppercase\"><span>8500 ciclos<\/span><\/span><\/td>\n<\/tr>\n<tr class=\"specifications-table__row\">\n<th class=\"specifications-table__row-heading\"><span>durabilidade el\u00e9trica<\/span><\/th>\n<td class=\"specifications-table__cell\"><span class=\"specifications-table__text specifications-table__text--first-letter-uppercase\"><span>Categoria A: 1500 ciclos 415 V CA 50\/60 Hz conforme IEC 60947-2<\/span><\/span><\/td>\n<\/tr>\n<tr class=\"specifications-table__row\">\n<th class=\"specifications-table__row-heading\"><span>passo de conex\u00e3o<\/span><\/th>\n<td class=\"specifications-table__cell\"><span class=\"specifications-table__text specifications-table__text--first-letter-uppercase\"><span>25 mm<\/span><\/span><\/td>\n<\/tr>\n<tr class=\"specifications-table__row\">\n<th class=\"specifications-table__row-heading\"><span>Sinaliza\u00e7\u00e3o local<\/span><\/th>\n<td class=\"specifications-table__cell\"><span class=\"specifications-table__text specifications-table__text--first-letter-uppercase\"><span>Indica\u00e7\u00e3o de contato positivo<\/span><\/span><\/td>\n<\/tr>\n<tr class=\"specifications-table__row\">\n<th class=\"specifications-table__row-heading\"><span>defini\u00e7\u00e3o de prote\u00e7\u00e3o neutra<\/span><\/th>\n<td class=\"specifications-table__cell\"><span class=\"specifications-table__text specifications-table__text--first-letter-uppercase\"><span>Sem prote\u00e7\u00e3o<\/span><\/span><\/td>\n<\/tr>\n<tr class=\"specifications-table__row\">\n<th class=\"specifications-table__row-heading\"><span>prote\u00e7\u00e3o de fuga \u00e0 terra<\/span><\/th>\n<td class=\"specifications-table__cell\"><span class=\"specifications-table__text specifications-table__text--first-letter-uppercase\"><span>Sem<\/span><\/span><\/td>\n<\/tr>\n<tr class=\"specifications-table__row\">\n<th class=\"specifications-table__row-heading\"><span>Altura<\/span><\/th>\n<td class=\"specifications-table__cell\"><span class=\"specifications-table__text specifications-table__text--first-letter-uppercase\"><span>130mm<\/span><\/span><\/td>\n<\/tr>\n<tr class=\"specifications-table__row\">\n<th class=\"specifications-table__row-heading\"><span>Largura<\/span><\/th>\n<td class=\"specifications-table__cell\"><span class=\"specifications-table__text specifications-table__text--first-letter-uppercase\"><span>75mm<\/span><\/span><\/td>\n<\/tr>\n<tr class=\"specifications-table__row\">\n<th class=\"specifications-table__row-heading\"><span>profundidade<\/span><\/th>\n<td class=\"specifications-table__cell\"><span class=\"specifications-table__text specifications-table__text--first-letter-uppercase\"><span>60mm<\/span><\/span><\/td>\n<\/tr>\n<\/tbody>\n<\/table>\n","protected":false},"excerpt":{"rendered":"<h2 class=\"main-product-info__bottom-item main-product-info__bottom-item--product-id\"><span>SCHNEIDER EZC100N3100<\/span><\/h2>","protected":false},"featured_media":5694,"comment_status":"open","ping_status":"closed","template":"","meta":[],"product_brand":[],"product_cat":[468,15,526],"product_tag":[527,502,504,519],"class_list":{"0":"post-5594","1":"product","2":"type-product","3":"status-publish","4":"has-post-thumbnail","6":"product_cat-eletrica","7":"product_cat-mais-vendidos","8":"product_cat-paineis-eletrica","9":"product_tag-disjuntor","10":"product_tag-eletrico","11":"product_tag-maqmex","12":"product_tag-schneider","13":"product_shipping_class-normal","15":"first","16":"outofstock","17":"shipping-taxable","18":"purchasable","19":"product-type-simple"},"yoast_head":"<!-- This site is optimized with the Yoast SEO plugin v27.4 - https:\/\/yoast.com\/product\/yoast-seo-wordpress\/ -->\n<title>DISJUNTOR 100A 3P EZC100N EZC100N3100 - Maqmex<\/title>\n<meta name=\"robots\" content=\"index, follow, max-snippet:-1, max-image-preview:large, max-video-preview:-1\" \/>\n<link rel=\"canonical\" href=\"https:\/\/maqmex.com.br\/en\/product\/disjuntor-100a-3p-ezc100n-ezc100n3100\/\" \/>\n<meta property=\"og:locale\" content=\"en_US\" \/>\n<meta property=\"og:type\" content=\"article\" \/>\n<meta property=\"og:title\" content=\"DISJUNTOR 100A 3P EZC100N EZC100N3100 - Maqmex\" \/>\n<meta property=\"og:description\" content=\"SCHNEIDER EZC100N3100\" \/>\n<meta property=\"og:url\" content=\"https:\/\/maqmex.com.br\/en\/product\/disjuntor-100a-3p-ezc100n-ezc100n3100\/\" \/>\n<meta property=\"og:site_name\" content=\"Maqmex\" \/>\n<meta property=\"article:modified_time\" content=\"2025-04-08T11:19:27+00:00\" \/>\n<meta property=\"og:image\" content=\"https:\/\/maqmex.com.br\/wp-content\/uploads\/2025\/02\/DISJUNTOR01-removebg-preview-1.png\" \/>\n\t<meta property=\"og:image:width\" content=\"376\" \/>\n\t<meta property=\"og:image:height\" content=\"432\" \/>\n\t<meta property=\"og:image:type\" content=\"image\/png\" \/>\n<meta name=\"twitter:card\" content=\"summary_large_image\" \/>\n<meta name=\"twitter:label1\" content=\"Est. reading time\" \/>\n\t<meta name=\"twitter:data1\" content=\"2 minutes\" \/>\n<script type=\"application\/ld+json\" class=\"yoast-schema-graph\">{\"@context\":\"https:\\\/\\\/schema.org\",\"@graph\":[{\"@type\":\"WebPage\",\"@id\":\"https:\\\/\\\/maqmex.com.br\\\/produto\\\/disjuntor-100a-3p-ezc100n-ezc100n3100\\\/\",\"url\":\"https:\\\/\\\/maqmex.com.br\\\/produto\\\/disjuntor-100a-3p-ezc100n-ezc100n3100\\\/\",\"name\":\"DISJUNTOR 100A 3P EZC100N EZC100N3100 - Maqmex\",\"isPartOf\":{\"@id\":\"https:\\\/\\\/maqmex.com.br\\\/#website\"},\"primaryImageOfPage\":{\"@id\":\"https:\\\/\\\/maqmex.com.br\\\/produto\\\/disjuntor-100a-3p-ezc100n-ezc100n3100\\\/#primaryimage\"},\"image\":{\"@id\":\"https:\\\/\\\/maqmex.com.br\\\/produto\\\/disjuntor-100a-3p-ezc100n-ezc100n3100\\\/#primaryimage\"},\"thumbnailUrl\":\"https:\\\/\\\/maqmex.com.br\\\/wp-content\\\/uploads\\\/2025\\\/02\\\/DISJUNTOR01-removebg-preview-1.png\",\"datePublished\":\"2025-02-11T18:11:33+00:00\",\"dateModified\":\"2025-04-08T11:19:27+00:00\",\"breadcrumb\":{\"@id\":\"https:\\\/\\\/maqmex.com.br\\\/produto\\\/disjuntor-100a-3p-ezc100n-ezc100n3100\\\/#breadcrumb\"},\"inLanguage\":\"en-US\",\"potentialAction\":[{\"@type\":\"ReadAction\",\"target\":[\"https:\\\/\\\/maqmex.com.br\\\/produto\\\/disjuntor-100a-3p-ezc100n-ezc100n3100\\\/\"]}]},{\"@type\":\"ImageObject\",\"inLanguage\":\"en-US\",\"@id\":\"https:\\\/\\\/maqmex.com.br\\\/produto\\\/disjuntor-100a-3p-ezc100n-ezc100n3100\\\/#primaryimage\",\"url\":\"https:\\\/\\\/maqmex.com.br\\\/wp-content\\\/uploads\\\/2025\\\/02\\\/DISJUNTOR01-removebg-preview-1.png\",\"contentUrl\":\"https:\\\/\\\/maqmex.com.br\\\/wp-content\\\/uploads\\\/2025\\\/02\\\/DISJUNTOR01-removebg-preview-1.png\",\"width\":376,\"height\":432},{\"@type\":\"BreadcrumbList\",\"@id\":\"https:\\\/\\\/maqmex.com.br\\\/produto\\\/disjuntor-100a-3p-ezc100n-ezc100n3100\\\/#breadcrumb\",\"itemListElement\":[{\"@type\":\"ListItem\",\"position\":1,\"name\":\"In\u00edcio\",\"item\":\"https:\\\/\\\/maqmex.com.br\\\/\"},{\"@type\":\"ListItem\",\"position\":2,\"name\":\"Shop\",\"item\":\"https:\\\/\\\/maqmex.com.br\\\/shop\\\/\"},{\"@type\":\"ListItem\",\"position\":3,\"name\":\"DISJUNTOR 100A 3P EZC100N EZC100N3100\"}]},{\"@type\":\"WebSite\",\"@id\":\"https:\\\/\\\/maqmex.com.br\\\/#website\",\"url\":\"https:\\\/\\\/maqmex.com.br\\\/\",\"name\":\"Maqmex\",\"description\":\"Maqmex\",\"potentialAction\":[{\"@type\":\"SearchAction\",\"target\":{\"@type\":\"EntryPoint\",\"urlTemplate\":\"https:\\\/\\\/maqmex.com.br\\\/?s={search_term_string}\"},\"query-input\":{\"@type\":\"PropertyValueSpecification\",\"valueRequired\":true,\"valueName\":\"search_term_string\"}}],\"inLanguage\":\"en-US\"}]}<\/script>\n<!-- \/ Yoast SEO plugin. -->","yoast_head_json":{"title":"DISJUNTOR 100A 3P EZC100N EZC100N3100 - Maqmex","robots":{"index":"index","follow":"follow","max-snippet":"max-snippet:-1","max-image-preview":"max-image-preview:large","max-video-preview":"max-video-preview:-1"},"canonical":"https:\/\/maqmex.com.br\/en\/product\/disjuntor-100a-3p-ezc100n-ezc100n3100\/","og_locale":"en_US","og_type":"article","og_title":"DISJUNTOR 100A 3P EZC100N EZC100N3100 - Maqmex","og_description":"SCHNEIDER EZC100N3100","og_url":"https:\/\/maqmex.com.br\/en\/product\/disjuntor-100a-3p-ezc100n-ezc100n3100\/","og_site_name":"Maqmex","article_modified_time":"2025-04-08T11:19:27+00:00","og_image":[{"width":376,"height":432,"url":"https:\/\/maqmex.com.br\/wp-content\/uploads\/2025\/02\/DISJUNTOR01-removebg-preview-1.png","type":"image\/png"}],"twitter_card":"summary_large_image","twitter_misc":{"Est. reading time":"2 minutes"},"schema":{"@context":"https:\/\/schema.org","@graph":[{"@type":"WebPage","@id":"https:\/\/maqmex.com.br\/produto\/disjuntor-100a-3p-ezc100n-ezc100n3100\/","url":"https:\/\/maqmex.com.br\/produto\/disjuntor-100a-3p-ezc100n-ezc100n3100\/","name":"DISJUNTOR 100A 3P EZC100N EZC100N3100 - Maqmex","isPartOf":{"@id":"https:\/\/maqmex.com.br\/#website"},"primaryImageOfPage":{"@id":"https:\/\/maqmex.com.br\/produto\/disjuntor-100a-3p-ezc100n-ezc100n3100\/#primaryimage"},"image":{"@id":"https:\/\/maqmex.com.br\/produto\/disjuntor-100a-3p-ezc100n-ezc100n3100\/#primaryimage"},"thumbnailUrl":"https:\/\/maqmex.com.br\/wp-content\/uploads\/2025\/02\/DISJUNTOR01-removebg-preview-1.png","datePublished":"2025-02-11T18:11:33+00:00","dateModified":"2025-04-08T11:19:27+00:00","breadcrumb":{"@id":"https:\/\/maqmex.com.br\/produto\/disjuntor-100a-3p-ezc100n-ezc100n3100\/#breadcrumb"},"inLanguage":"en-US","potentialAction":[{"@type":"ReadAction","target":["https:\/\/maqmex.com.br\/produto\/disjuntor-100a-3p-ezc100n-ezc100n3100\/"]}]},{"@type":"ImageObject","inLanguage":"en-US","@id":"https:\/\/maqmex.com.br\/produto\/disjuntor-100a-3p-ezc100n-ezc100n3100\/#primaryimage","url":"https:\/\/maqmex.com.br\/wp-content\/uploads\/2025\/02\/DISJUNTOR01-removebg-preview-1.png","contentUrl":"https:\/\/maqmex.com.br\/wp-content\/uploads\/2025\/02\/DISJUNTOR01-removebg-preview-1.png","width":376,"height":432},{"@type":"BreadcrumbList","@id":"https:\/\/maqmex.com.br\/produto\/disjuntor-100a-3p-ezc100n-ezc100n3100\/#breadcrumb","itemListElement":[{"@type":"ListItem","position":1,"name":"In\u00edcio","item":"https:\/\/maqmex.com.br\/"},{"@type":"ListItem","position":2,"name":"Shop","item":"https:\/\/maqmex.com.br\/shop\/"},{"@type":"ListItem","position":3,"name":"DISJUNTOR 100A 3P EZC100N EZC100N3100"}]},{"@type":"WebSite","@id":"https:\/\/maqmex.com.br\/#website","url":"https:\/\/maqmex.com.br\/","name":"Maqmex","description":"Maqmex","potentialAction":[{"@type":"SearchAction","target":{"@type":"EntryPoint","urlTemplate":"https:\/\/maqmex.com.br\/?s={search_term_string}"},"query-input":{"@type":"PropertyValueSpecification","valueRequired":true,"valueName":"search_term_string"}}],"inLanguage":"en-US"}]}},"_links":{"self":[{"href":"https:\/\/maqmex.com.br\/en\/wp-json\/wp\/v2\/product\/5594","targetHints":{"allow":["GET"]}}],"collection":[{"href":"https:\/\/maqmex.com.br\/en\/wp-json\/wp\/v2\/product"}],"about":[{"href":"https:\/\/maqmex.com.br\/en\/wp-json\/wp\/v2\/types\/product"}],"replies":[{"embeddable":true,"href":"https:\/\/maqmex.com.br\/en\/wp-json\/wp\/v2\/comments?post=5594"}],"version-history":[{"count":0,"href":"https:\/\/maqmex.com.br\/en\/wp-json\/wp\/v2\/product\/5594\/revisions"}],"wp:featuredmedia":[{"embeddable":true,"href":"https:\/\/maqmex.com.br\/en\/wp-json\/wp\/v2\/media\/5694"}],"wp:attachment":[{"href":"https:\/\/maqmex.com.br\/en\/wp-json\/wp\/v2\/media?parent=5594"}],"wp:term":[{"taxonomy":"product_brand","embeddable":true,"href":"https:\/\/maqmex.com.br\/en\/wp-json\/wp\/v2\/product_brand?post=5594"},{"taxonomy":"product_cat","embeddable":true,"href":"https:\/\/maqmex.com.br\/en\/wp-json\/wp\/v2\/product_cat?post=5594"},{"taxonomy":"product_tag","embeddable":true,"href":"https:\/\/maqmex.com.br\/en\/wp-json\/wp\/v2\/product_tag?post=5594"}],"curies":[{"name":"wp","href":"https:\/\/api.w.org\/{rel}","templated":true}]}}