{"id":5595,"date":"2025-02-11T15:11:33","date_gmt":"2025-02-11T18:11:33","guid":{"rendered":"https:\/\/maqmex.nogahost.com\/?post_type=product&#038;p=5595"},"modified":"2025-04-08T08:19:36","modified_gmt":"2025-04-08T11:19:36","slug":"disjuntor-125a-3p-ezc250n-ezc250n3125","status":"publish","type":"product","link":"https:\/\/maqmex.com.br\/en\/product\/disjuntor-125a-3p-ezc250n-ezc250n3125\/","title":{"rendered":"DISJUNTOR 125A 3P EZC250N EZC250N3125"},"content":{"rendered":"<table class=\"specifications-table\">\n<caption class=\"specifications-table__caption\">Diretor<\/caption>\n<tbody>\n<tr class=\"specifications-table__row\">\n<th class=\"specifications-table__row-heading\">Linha de produto<\/th>\n<td class=\"specifications-table__cell\"><span class=\"specifications-table__text specifications-table__text--first-letter-uppercase\">EasyPact<\/span><\/td>\n<\/tr>\n<tr class=\"specifications-table__row\">\n<th class=\"specifications-table__row-heading\">Tipo de produto ou componente<\/th>\n<td class=\"specifications-table__cell\"><span class=\"specifications-table__text specifications-table__text--first-letter-uppercase\">Disjuntor<\/span><\/td>\n<\/tr>\n<tr class=\"specifications-table__row\">\n<th class=\"specifications-table__row-heading\">Nome abreviado do dispositivo<\/th>\n<td class=\"specifications-table__cell\"><span class=\"specifications-table__text specifications-table__text--first-letter-uppercase\">Easypact EZC250N<\/span><\/td>\n<\/tr>\n<tr class=\"specifications-table__row\">\n<th class=\"specifications-table__row-heading\">nome do disjuntor<\/th>\n<td class=\"specifications-table__cell\"><span class=\"specifications-table__text specifications-table__text--first-letter-uppercase\">Easypact EZC250N<\/span><\/td>\n<\/tr>\n<tr class=\"specifications-table__row\">\n<th class=\"specifications-table__row-heading\">Aplica\u00e7\u00e3o do dispositivo<\/th>\n<td class=\"specifications-table__cell\"><span class=\"specifications-table__text specifications-table__text--first-letter-uppercase\">Distribui\u00e7\u00e3o<\/span><\/td>\n<\/tr>\n<tr class=\"specifications-table__row\">\n<th class=\"specifications-table__row-heading\">Descri\u00e7\u00e3o dos polos<\/th>\n<td class=\"specifications-table__cell\"><span class=\"specifications-table__text specifications-table__text--first-letter-uppercase\">3P<\/span><\/td>\n<\/tr>\n<tr class=\"specifications-table__row\">\n<th class=\"specifications-table__row-heading\">descri\u00e7\u00e3o dos polos protegidos<\/th>\n<td class=\"specifications-table__cell\"><span class=\"specifications-table__text specifications-table__text--first-letter-uppercase\">3t<\/span><\/td>\n<\/tr>\n<tr class=\"specifications-table__row\">\n<th class=\"specifications-table__row-heading\">tipo de rede<\/th>\n<td class=\"specifications-table__cell\"><span class=\"specifications-table__text specifications-table__text--first-letter-uppercase\">CA<br \/>\nCC<\/span><\/td>\n<\/tr>\n<tr class=\"specifications-table__row\">\n<th class=\"specifications-table__row-heading\">Frequ\u00eancia da rede<\/th>\n<td class=\"specifications-table__cell\"><span class=\"specifications-table__text specifications-table__text--first-letter-uppercase\">50\/60 Hz<\/span><\/td>\n<\/tr>\n<tr class=\"specifications-table__row\">\n<th class=\"specifications-table__row-heading\">[Em] corrente nominal<\/th>\n<td class=\"specifications-table__cell\"><span class=\"specifications-table__text specifications-table__text--first-letter-uppercase\">125 A a 40 \u00b0C<\/span><\/td>\n<\/tr>\n<tr class=\"specifications-table__row\">\n<th class=\"specifications-table__row-heading\">[Ui] tens\u00e3o de isolamento nominal<\/th>\n<td class=\"specifications-table__cell\"><span class=\"specifications-table__text specifications-table__text--first-letter-uppercase\">690 V CA 50\/60 Hz conforme IEC 60947-2<\/span><\/td>\n<\/tr>\n<tr class=\"specifications-table__row\">\n<th class=\"specifications-table__row-heading\">[Uimp] tens\u00e3o suport\u00e1vel de impulso nominal<\/th>\n<td class=\"specifications-table__cell\"><span class=\"specifications-table__text specifications-table__text--first-letter-uppercase\">6 kV conforme IEC 60947-2<\/span><\/td>\n<\/tr>\n<tr class=\"specifications-table__row\">\n<th class=\"specifications-table__row-heading\">[Ue] tens\u00e3o de opera\u00e7\u00e3o nominal<\/th>\n<td class=\"specifications-table__cell\"><span class=\"specifications-table__text specifications-table__text--first-letter-uppercase\">550 V CA 50\/60 Hz conforme IEC 60947-2<br \/>\n250 V CC conforme IEC 60947-2<\/span><\/td>\n<\/tr>\n<tr class=\"specifications-table__row\">\n<th class=\"specifications-table__row-heading\">c\u00f3digo de capacidade de interrup\u00e7\u00e3o<\/th>\n<td class=\"specifications-table__cell\"><span class=\"specifications-table__text specifications-table__text--first-letter-uppercase\">N<\/span><\/td>\n<\/tr>\n<tr class=\"specifications-table__row\">\n<th class=\"specifications-table__row-heading\">capacidade de corte<\/th>\n<td class=\"specifications-table__cell\"><span class=\"specifications-table__text specifications-table__text--first-letter-uppercase\">20 kA Icu a 440 V CA 50\/60 Hz para IEC 60947-2<br \/>\n50 kA Icu a 110..0,130 V CA 50\/60 Hz para IEC 60947-2<br \/>\n50 kA Icu a 220&#8230;240 V CA 50\/60 Hz para IEC 60947-2<br \/>\n20 kA Icu a 125 V CC 1P para IEC 60947-2<br \/>\n20 kA Icu a 250 V CC 2P para IEC 60947-2<br \/>\n25 kA Icu a 380 V CA 50\/60 Hz para IEC 60947-2<br \/>\n25 kA Icu a 400..0,415 V CA 50\/60 Hz para IEC 60947-2<br \/>\n8 kA Icu a 550 V CA 50\/60 Hz para IEC 60947-2<\/span><\/td>\n<\/tr>\n<tr class=\"specifications-table__row\">\n<th class=\"specifications-table__row-heading\">[Ics] capacidade de corte nominal em servi\u00e7o<\/th>\n<td class=\"specifications-table__cell\"><span class=\"specifications-table__text specifications-table__text--first-letter-uppercase\">10 kA a 440 V CA 50\/60 Hz para IEC 60947-2<br \/>\n25 kA a 110\/130 V CA 50\/60 Hz para IEC 60947-2<br \/>\n10 kA a 125 V CC para IEC 60947-2<br \/>\n10 kA a 250 V CC para IEC 60947-2<br \/>\n25 kA a 220\/230\/240 V CA 50\/60 Hz para IEC 60947-2<br \/>\n4 kA a 550 V CA 50\/60 Hz para IEC 60947-2<br \/>\n12,5 kA a 380 V CA 50\/60 Hz para IEC 60947-2<br \/>\n12,5 kA a 400\/415 V CA 50\/60 Hz para IEC 60947-2<\/span><\/td>\n<\/tr>\n<tr class=\"specifications-table__row\">\n<th class=\"specifications-table__row-heading\">otimiza\u00e7\u00e3o para isolamento<\/th>\n<td class=\"specifications-table__cell\"><span class=\"specifications-table__text specifications-table__text--first-letter-uppercase\">Sim conforme IEC 60947-2<\/span><\/td>\n<\/tr>\n<tr class=\"specifications-table__row\">\n<th class=\"specifications-table__row-heading\">Categoria de uso<\/th>\n<td class=\"specifications-table__cell\"><span class=\"specifications-table__text specifications-table__text--first-letter-uppercase\">Categoria A<\/span><\/td>\n<\/tr>\n<tr class=\"specifications-table__row\">\n<th class=\"specifications-table__row-heading\">nome da unidade de tiro<\/th>\n<td class=\"specifications-table__cell\"><span class=\"specifications-table__text specifications-table__text--first-letter-uppercase\">TM-D<\/span><\/td>\n<\/tr>\n<tr class=\"specifications-table__row\">\n<th class=\"specifications-table__row-heading\">tecnologia da unidade de tiro<\/th>\n<td class=\"specifications-table__cell\"><span class=\"specifications-table__text specifications-table__text--first-letter-uppercase\">Termomagn\u00e9tico<\/span><\/td>\n<\/tr>\n<tr class=\"specifications-table__row\">\n<th class=\"specifications-table__row-heading\">classifica\u00e7\u00e3o da unidade de tiro<\/th>\n<td class=\"specifications-table__cell\"><span class=\"specifications-table__text specifications-table__text--first-letter-uppercase\">125 A a 50 \u00b0C<\/span><\/td>\n<\/tr>\n<tr class=\"specifications-table__row\">\n<th class=\"specifications-table__row-heading\">Tipo de prote\u00e7\u00e3o<\/th>\n<td class=\"specifications-table__cell\"><span class=\"specifications-table__text specifications-table__text--first-letter-uppercase\">Prote\u00e7\u00e3o contra curtos-circuitos<br \/>\nProte\u00e7\u00e3o de sobrecarga<\/span><\/td>\n<\/tr>\n<tr class=\"specifications-table__row\">\n<th class=\"specifications-table__row-heading\">grau de combust\u00edvel<\/th>\n<td class=\"specifications-table__cell\"><span class=\"specifications-table__text specifications-table__text--first-letter-uppercase\">3 conforme IEC 60664-1<br \/>\n3 conforme IEC 947-1<\/span><\/td>\n<\/tr>\n<\/tbody>\n<\/table>\n<table class=\"specifications-table\">\n<caption class=\"specifications-table__caption\">Complementar<\/caption>\n<tbody>\n<tr class=\"specifications-table__row\">\n<th class=\"specifications-table__row-heading\">Tipo de controle<\/th>\n<td class=\"specifications-table__cell\"><span class=\"specifications-table__text specifications-table__text--first-letter-uppercase\">Alavanca articulada<\/span><\/td>\n<\/tr>\n<tr class=\"specifications-table__row\">\n<th class=\"specifications-table__row-heading\">Modo de montagem<\/th>\n<td class=\"specifications-table__cell\"><span class=\"specifications-table__text specifications-table__text--first-letter-uppercase\">Fixo<\/span><\/td>\n<\/tr>\n<tr class=\"specifications-table__row\">\n<th class=\"specifications-table__row-heading\">Suporte de montagem<\/th>\n<td class=\"specifications-table__cell\"><span class=\"specifications-table__text specifications-table__text--first-letter-uppercase\">Placa posterior<\/span><\/td>\n<\/tr>\n<tr class=\"specifications-table__row\">\n<th class=\"specifications-table__row-heading\">conex\u00f5es da parte de cima<\/th>\n<td class=\"specifications-table__cell\"><span class=\"specifications-table__text specifications-table__text--first-letter-uppercase\">Frontal<\/span><\/td>\n<\/tr>\n<tr class=\"specifications-table__row\">\n<th class=\"specifications-table__row-heading\">conex\u00e3o na parte inferior<\/th>\n<td class=\"specifications-table__cell\"><span class=\"specifications-table__text specifications-table__text--first-letter-uppercase\">Frontal<\/span><\/td>\n<\/tr>\n<tr class=\"specifications-table__row\">\n<th class=\"specifications-table__row-heading\">durabilidade mec\u00e2nica<\/th>\n<td class=\"specifications-table__cell\"><span class=\"specifications-table__text specifications-table__text--first-letter-uppercase\">10000 ciclos<\/span><\/td>\n<\/tr>\n<tr class=\"specifications-table__row\">\n<th class=\"specifications-table__row-heading\">durabilidade el\u00e9trica<\/th>\n<td class=\"specifications-table__cell\"><span class=\"specifications-table__text specifications-table__text--first-letter-uppercase\">Categoria A: 5000 ciclos 415 V CA 50\/60 Hz conforme IEC 60947-2<\/span><\/td>\n<\/tr>\n<tr class=\"specifications-table__row\">\n<th class=\"specifications-table__row-heading\">passo de conex\u00e3o<\/th>\n<td class=\"specifications-table__cell\"><span class=\"specifications-table__text specifications-table__text--first-letter-uppercase\">35mm<\/span><\/td>\n<\/tr>\n<tr class=\"specifications-table__row\">\n<th class=\"specifications-table__row-heading\">Sinaliza\u00e7\u00e3o local<\/th>\n<td class=\"specifications-table__cell\"><span class=\"specifications-table__text specifications-table__text--first-letter-uppercase\">Indica\u00e7\u00e3o de contato positivo<\/span><\/td>\n<\/tr>\n<tr class=\"specifications-table__row\">\n<th class=\"specifications-table__row-heading\">defini\u00e7\u00e3o de prote\u00e7\u00e3o neutra<\/th>\n<td class=\"specifications-table__cell\"><span class=\"specifications-table__text specifications-table__text--first-letter-uppercase\">Sem prote\u00e7\u00e3o<\/span><\/td>\n<\/tr>\n<tr class=\"specifications-table__row\">\n<th class=\"specifications-table__row-heading\">prote\u00e7\u00e3o de fuga \u00e0 terra<\/th>\n<td class=\"specifications-table__cell\"><span class=\"specifications-table__text specifications-table__text--first-letter-uppercase\">Sem<\/span><\/td>\n<\/tr>\n<tr class=\"specifications-table__row\">\n<th class=\"specifications-table__row-heading\">Altura<\/th>\n<td class=\"specifications-table__cell\"><span class=\"specifications-table__text specifications-table__text--first-letter-uppercase\">165 mm<\/span><\/td>\n<\/tr>\n<tr class=\"specifications-table__row\">\n<th class=\"specifications-table__row-heading\">largura<\/th>\n<td class=\"specifications-table__cell\"><span class=\"specifications-table__text specifications-table__text--first-letter-uppercase\">105 mm<\/span><\/td>\n<\/tr>\n<tr class=\"specifications-table__row\">\n<th class=\"specifications-table__row-heading\">profundidade<\/th>\n<td class=\"specifications-table__cell\"><span class=\"specifications-table__text specifications-table__text--first-letter-uppercase\">60mm<\/span><\/td>\n<\/tr>\n<\/tbody>\n<\/table>\n","protected":false},"excerpt":{"rendered":"<h2 class=\"main-product-info__bottom-item main-product-info__bottom-item--product-id\">SCHNEIDER EZC250N3125<\/h2>","protected":false},"featured_media":5699,"comment_status":"open","ping_status":"closed","template":"","meta":[],"product_brand":[],"product_cat":[468,526],"product_tag":[527,502,504,519],"class_list":{"0":"post-5595","1":"product","2":"type-product","3":"status-publish","4":"has-post-thumbnail","6":"product_cat-eletrica","7":"product_cat-paineis-eletrica","8":"product_tag-disjuntor","9":"product_tag-eletrico","10":"product_tag-maqmex","11":"product_tag-schneider","12":"product_shipping_class-frete-a-combinar","14":"first","15":"outofstock","16":"shipping-taxable","17":"purchasable","18":"product-type-simple"},"yoast_head":"<!-- This site is optimized with the Yoast SEO plugin v27.4 - https:\/\/yoast.com\/product\/yoast-seo-wordpress\/ -->\n<title>DISJUNTOR 125A 3P EZC250N EZC250N3125 - Maqmex<\/title>\n<meta name=\"robots\" content=\"index, follow, max-snippet:-1, max-image-preview:large, max-video-preview:-1\" \/>\n<link rel=\"canonical\" href=\"https:\/\/maqmex.com.br\/en\/product\/disjuntor-125a-3p-ezc250n-ezc250n3125\/\" \/>\n<meta property=\"og:locale\" content=\"en_US\" \/>\n<meta property=\"og:type\" content=\"article\" \/>\n<meta property=\"og:title\" content=\"DISJUNTOR 125A 3P EZC250N EZC250N3125 - Maqmex\" \/>\n<meta property=\"og:description\" content=\"SCHNEIDER EZC250N3125\" \/>\n<meta property=\"og:url\" content=\"https:\/\/maqmex.com.br\/en\/product\/disjuntor-125a-3p-ezc250n-ezc250n3125\/\" \/>\n<meta property=\"og:site_name\" content=\"Maqmex\" \/>\n<meta property=\"article:modified_time\" content=\"2025-04-08T11:19:36+00:00\" \/>\n<meta property=\"og:image\" content=\"https:\/\/maqmex.com.br\/wp-content\/uploads\/2025\/02\/DISJUNTOR01-removebg-preview-2.png\" \/>\n\t<meta property=\"og:image:width\" content=\"379\" \/>\n\t<meta property=\"og:image:height\" content=\"406\" \/>\n\t<meta property=\"og:image:type\" content=\"image\/png\" \/>\n<meta name=\"twitter:card\" content=\"summary_large_image\" \/>\n<meta name=\"twitter:label1\" content=\"Est. reading time\" \/>\n\t<meta name=\"twitter:data1\" content=\"2 minutes\" \/>\n<script type=\"application\/ld+json\" class=\"yoast-schema-graph\">{\"@context\":\"https:\\\/\\\/schema.org\",\"@graph\":[{\"@type\":\"WebPage\",\"@id\":\"https:\\\/\\\/maqmex.com.br\\\/produto\\\/disjuntor-125a-3p-ezc250n-ezc250n3125\\\/\",\"url\":\"https:\\\/\\\/maqmex.com.br\\\/produto\\\/disjuntor-125a-3p-ezc250n-ezc250n3125\\\/\",\"name\":\"DISJUNTOR 125A 3P EZC250N EZC250N3125 - Maqmex\",\"isPartOf\":{\"@id\":\"https:\\\/\\\/maqmex.com.br\\\/#website\"},\"primaryImageOfPage\":{\"@id\":\"https:\\\/\\\/maqmex.com.br\\\/produto\\\/disjuntor-125a-3p-ezc250n-ezc250n3125\\\/#primaryimage\"},\"image\":{\"@id\":\"https:\\\/\\\/maqmex.com.br\\\/produto\\\/disjuntor-125a-3p-ezc250n-ezc250n3125\\\/#primaryimage\"},\"thumbnailUrl\":\"https:\\\/\\\/maqmex.com.br\\\/wp-content\\\/uploads\\\/2025\\\/02\\\/DISJUNTOR01-removebg-preview-2.png\",\"datePublished\":\"2025-02-11T18:11:33+00:00\",\"dateModified\":\"2025-04-08T11:19:36+00:00\",\"breadcrumb\":{\"@id\":\"https:\\\/\\\/maqmex.com.br\\\/produto\\\/disjuntor-125a-3p-ezc250n-ezc250n3125\\\/#breadcrumb\"},\"inLanguage\":\"en-US\",\"potentialAction\":[{\"@type\":\"ReadAction\",\"target\":[\"https:\\\/\\\/maqmex.com.br\\\/produto\\\/disjuntor-125a-3p-ezc250n-ezc250n3125\\\/\"]}]},{\"@type\":\"ImageObject\",\"inLanguage\":\"en-US\",\"@id\":\"https:\\\/\\\/maqmex.com.br\\\/produto\\\/disjuntor-125a-3p-ezc250n-ezc250n3125\\\/#primaryimage\",\"url\":\"https:\\\/\\\/maqmex.com.br\\\/wp-content\\\/uploads\\\/2025\\\/02\\\/DISJUNTOR01-removebg-preview-2.png\",\"contentUrl\":\"https:\\\/\\\/maqmex.com.br\\\/wp-content\\\/uploads\\\/2025\\\/02\\\/DISJUNTOR01-removebg-preview-2.png\",\"width\":379,\"height\":406},{\"@type\":\"BreadcrumbList\",\"@id\":\"https:\\\/\\\/maqmex.com.br\\\/produto\\\/disjuntor-125a-3p-ezc250n-ezc250n3125\\\/#breadcrumb\",\"itemListElement\":[{\"@type\":\"ListItem\",\"position\":1,\"name\":\"In\u00edcio\",\"item\":\"https:\\\/\\\/maqmex.com.br\\\/\"},{\"@type\":\"ListItem\",\"position\":2,\"name\":\"Shop\",\"item\":\"https:\\\/\\\/maqmex.com.br\\\/shop\\\/\"},{\"@type\":\"ListItem\",\"position\":3,\"name\":\"DISJUNTOR 125A 3P EZC250N EZC250N3125\"}]},{\"@type\":\"WebSite\",\"@id\":\"https:\\\/\\\/maqmex.com.br\\\/#website\",\"url\":\"https:\\\/\\\/maqmex.com.br\\\/\",\"name\":\"Maqmex\",\"description\":\"Maqmex\",\"potentialAction\":[{\"@type\":\"SearchAction\",\"target\":{\"@type\":\"EntryPoint\",\"urlTemplate\":\"https:\\\/\\\/maqmex.com.br\\\/?s={search_term_string}\"},\"query-input\":{\"@type\":\"PropertyValueSpecification\",\"valueRequired\":true,\"valueName\":\"search_term_string\"}}],\"inLanguage\":\"en-US\"}]}<\/script>\n<!-- \/ Yoast SEO plugin. -->","yoast_head_json":{"title":"DISJUNTOR 125A 3P EZC250N EZC250N3125 - Maqmex","robots":{"index":"index","follow":"follow","max-snippet":"max-snippet:-1","max-image-preview":"max-image-preview:large","max-video-preview":"max-video-preview:-1"},"canonical":"https:\/\/maqmex.com.br\/en\/product\/disjuntor-125a-3p-ezc250n-ezc250n3125\/","og_locale":"en_US","og_type":"article","og_title":"DISJUNTOR 125A 3P EZC250N EZC250N3125 - Maqmex","og_description":"SCHNEIDER EZC250N3125","og_url":"https:\/\/maqmex.com.br\/en\/product\/disjuntor-125a-3p-ezc250n-ezc250n3125\/","og_site_name":"Maqmex","article_modified_time":"2025-04-08T11:19:36+00:00","og_image":[{"width":379,"height":406,"url":"https:\/\/maqmex.com.br\/wp-content\/uploads\/2025\/02\/DISJUNTOR01-removebg-preview-2.png","type":"image\/png"}],"twitter_card":"summary_large_image","twitter_misc":{"Est. reading time":"2 minutes"},"schema":{"@context":"https:\/\/schema.org","@graph":[{"@type":"WebPage","@id":"https:\/\/maqmex.com.br\/produto\/disjuntor-125a-3p-ezc250n-ezc250n3125\/","url":"https:\/\/maqmex.com.br\/produto\/disjuntor-125a-3p-ezc250n-ezc250n3125\/","name":"DISJUNTOR 125A 3P EZC250N EZC250N3125 - Maqmex","isPartOf":{"@id":"https:\/\/maqmex.com.br\/#website"},"primaryImageOfPage":{"@id":"https:\/\/maqmex.com.br\/produto\/disjuntor-125a-3p-ezc250n-ezc250n3125\/#primaryimage"},"image":{"@id":"https:\/\/maqmex.com.br\/produto\/disjuntor-125a-3p-ezc250n-ezc250n3125\/#primaryimage"},"thumbnailUrl":"https:\/\/maqmex.com.br\/wp-content\/uploads\/2025\/02\/DISJUNTOR01-removebg-preview-2.png","datePublished":"2025-02-11T18:11:33+00:00","dateModified":"2025-04-08T11:19:36+00:00","breadcrumb":{"@id":"https:\/\/maqmex.com.br\/produto\/disjuntor-125a-3p-ezc250n-ezc250n3125\/#breadcrumb"},"inLanguage":"en-US","potentialAction":[{"@type":"ReadAction","target":["https:\/\/maqmex.com.br\/produto\/disjuntor-125a-3p-ezc250n-ezc250n3125\/"]}]},{"@type":"ImageObject","inLanguage":"en-US","@id":"https:\/\/maqmex.com.br\/produto\/disjuntor-125a-3p-ezc250n-ezc250n3125\/#primaryimage","url":"https:\/\/maqmex.com.br\/wp-content\/uploads\/2025\/02\/DISJUNTOR01-removebg-preview-2.png","contentUrl":"https:\/\/maqmex.com.br\/wp-content\/uploads\/2025\/02\/DISJUNTOR01-removebg-preview-2.png","width":379,"height":406},{"@type":"BreadcrumbList","@id":"https:\/\/maqmex.com.br\/produto\/disjuntor-125a-3p-ezc250n-ezc250n3125\/#breadcrumb","itemListElement":[{"@type":"ListItem","position":1,"name":"In\u00edcio","item":"https:\/\/maqmex.com.br\/"},{"@type":"ListItem","position":2,"name":"Shop","item":"https:\/\/maqmex.com.br\/shop\/"},{"@type":"ListItem","position":3,"name":"DISJUNTOR 125A 3P EZC250N EZC250N3125"}]},{"@type":"WebSite","@id":"https:\/\/maqmex.com.br\/#website","url":"https:\/\/maqmex.com.br\/","name":"Maqmex","description":"Maqmex","potentialAction":[{"@type":"SearchAction","target":{"@type":"EntryPoint","urlTemplate":"https:\/\/maqmex.com.br\/?s={search_term_string}"},"query-input":{"@type":"PropertyValueSpecification","valueRequired":true,"valueName":"search_term_string"}}],"inLanguage":"en-US"}]}},"_links":{"self":[{"href":"https:\/\/maqmex.com.br\/en\/wp-json\/wp\/v2\/product\/5595","targetHints":{"allow":["GET"]}}],"collection":[{"href":"https:\/\/maqmex.com.br\/en\/wp-json\/wp\/v2\/product"}],"about":[{"href":"https:\/\/maqmex.com.br\/en\/wp-json\/wp\/v2\/types\/product"}],"replies":[{"embeddable":true,"href":"https:\/\/maqmex.com.br\/en\/wp-json\/wp\/v2\/comments?post=5595"}],"version-history":[{"count":0,"href":"https:\/\/maqmex.com.br\/en\/wp-json\/wp\/v2\/product\/5595\/revisions"}],"wp:featuredmedia":[{"embeddable":true,"href":"https:\/\/maqmex.com.br\/en\/wp-json\/wp\/v2\/media\/5699"}],"wp:attachment":[{"href":"https:\/\/maqmex.com.br\/en\/wp-json\/wp\/v2\/media?parent=5595"}],"wp:term":[{"taxonomy":"product_brand","embeddable":true,"href":"https:\/\/maqmex.com.br\/en\/wp-json\/wp\/v2\/product_brand?post=5595"},{"taxonomy":"product_cat","embeddable":true,"href":"https:\/\/maqmex.com.br\/en\/wp-json\/wp\/v2\/product_cat?post=5595"},{"taxonomy":"product_tag","embeddable":true,"href":"https:\/\/maqmex.com.br\/en\/wp-json\/wp\/v2\/product_tag?post=5595"}],"curies":[{"name":"wp","href":"https:\/\/api.w.org\/{rel}","templated":true}]}}