{"id":6986,"date":"2025-04-30T09:21:55","date_gmt":"2025-04-30T12:21:55","guid":{"rendered":"https:\/\/maqmex.com.br\/?post_type=product&#038;p=6986"},"modified":"2025-10-16T11:26:19","modified_gmt":"2025-10-16T14:26:19","slug":"motor-hidraulico-orbital-omv-630cc","status":"publish","type":"product","link":"https:\/\/maqmex.com.br\/en\/product\/motor-hidraulico-orbital-omv-630cc\/","title":{"rendered":"Motor Hidr\u00e1ulico Orbital Omv 630cc"},"content":{"rendered":"<p>DETALHES DO PRODUTO<\/p>\n<p>O motor de \u00f3rbita hidr\u00e1ulica \u00e9 um tipo de motores hidr\u00e1ulicos de alto torque e baixa velocidade, com alta efici\u00eancia e longa vida, amplamente utilizado em m\u00e1quinas industriais, m\u00e1quinas agr\u00edcolas, ve\u00edculos especiais, m\u00e1quinas pesadas. O motor de \u00f3rbita da s\u00e9rie OM eterno \u00e9 intercambi\u00e1vel com a marca internacional, como Danfoss, Char-Lynn, Eaton Vickers, Parker &#8230;<\/p>\n<p>A S\u00e9rie &#8220;O&#8221; possui uma flexibilidade incompar\u00e1vel. Oferecendo pot\u00eancia de primeira linha em termos gerais, esses motores, de pequenos a grandes, abrangem necessidades de cargas m\u00e9dias a pesadas, com capacidade de press\u00e3o de at\u00e9 275 bar (3.990 psi). Robusto, confi\u00e1vel e projetado para atender \u00e0s mais recentes normas de emiss\u00f5es.<\/p>\n<p>CARACTER\u00cdSTICAS:<\/p>\n<p>\u2022 Funcionamento suave em toda a faixa de velocidade<br \/>\n\u2022 Torque operacional constante em uma ampla faixa de velocidade<br \/>\n\u2022 Alto torque de partida<br \/>\n\u2022 Alta press\u00e3o de retorno sem o uso de linha de drenagem (veda\u00e7\u00e3o do eixo de alta press\u00e3o)<br \/>\n\u2022 Alta efici\u00eancia<br \/>\n\u2022 Vida longa sob condi\u00e7\u00f5es operacionais extremas<br \/>\n\u2022 Robusto e design compacto<br \/>\n\u2022 Alta capacidade de rolamento radial e axial<br \/>\n\u2022 Para aplica\u00e7\u00f5es em sistemas hidr\u00e1ulicos de circuito aberto e fechado<br \/>\n\u2022 Adequado para uma ampla variedade de fluidos hidr\u00e1ulicos<\/p>\n<p>ESPECIFICA\u00c7\u00d5ES T\u00c9CNICAS:<\/p>\n<p>Modelo: OMV 630<br \/>\nDeslocamento Volum\u00e9trico: 666 Cm\u00b3\/rot<br \/>\nPress\u00e3o M\u00e1xima Cont\u00ednua: 18 Mpa<br \/>\nPress\u00e3o M\u00e1xima Intermitente: 21 Mpa<br \/>\nPress\u00e3o M\u00e1xima de Partida: 24 Mpa<br \/>\nTorque M\u00e1ximo Cont\u00ednuo: 1660 N.m<br \/>\nTorque M\u00e1ximo Intermitente: 1940 N.m<br \/>\nTorque M\u00e1ximo de Partida: 2210 N.m<br \/>\nRota\u00e7\u00e3o M\u00e1xima Cont\u00ednua: 320 rpm<br \/>\nVaz\u00e3o M\u00e1xima Cont\u00ednua: 200 L\/min<br \/>\nPot\u00eancia M\u00e1xima Cont\u00ednua: 40 kW<br \/>\nPeso: 36.5 Kg<br \/>\nDi\u00e2metro do Eixo: 50 mm<br \/>\nChaveta: 14 x 9 x 70 mm<\/p>","protected":false},"excerpt":{"rendered":"<p>Motor Hidr\u00e1ulico OMV 630-4P1-D<\/p>","protected":false},"featured_media":6987,"comment_status":"open","ping_status":"closed","template":"","meta":[],"product_brand":[],"product_cat":[473,541],"product_tag":[],"class_list":{"0":"post-6986","1":"product","2":"type-product","3":"status-publish","4":"has-post-thumbnail","6":"product_cat-hidraulica","7":"product_cat-motor","8":"product_shipping_class-frete-a-combinar","10":"first","11":"outofstock","12":"shipping-taxable","13":"purchasable","14":"product-type-simple"},"yoast_head":"<!-- This site is optimized with the Yoast SEO plugin v27.4 - https:\/\/yoast.com\/product\/yoast-seo-wordpress\/ -->\n<title>Motor Hidr\u00e1ulico Orbital Omv 630cc - Maqmex<\/title>\n<meta name=\"robots\" content=\"index, follow, max-snippet:-1, max-image-preview:large, max-video-preview:-1\" \/>\n<link rel=\"canonical\" href=\"https:\/\/maqmex.com.br\/en\/product\/motor-hidraulico-orbital-omv-630cc\/\" \/>\n<meta property=\"og:locale\" content=\"en_US\" \/>\n<meta property=\"og:type\" content=\"article\" \/>\n<meta property=\"og:title\" content=\"Motor Hidr\u00e1ulico Orbital Omv 630cc - Maqmex\" \/>\n<meta property=\"og:description\" content=\"Motor Hidr\u00e1ulico OMV 630-4P1-D\" \/>\n<meta property=\"og:url\" content=\"https:\/\/maqmex.com.br\/en\/product\/motor-hidraulico-orbital-omv-630cc\/\" \/>\n<meta property=\"og:site_name\" content=\"Maqmex\" \/>\n<meta property=\"article:modified_time\" content=\"2025-10-16T14:26:19+00:00\" \/>\n<meta property=\"og:image\" content=\"https:\/\/maqmex.com.br\/wp-content\/uploads\/2025\/04\/WhatsApp_Image_2025-04-29_at_08.55.56-removebg-preview.png\" \/>\n\t<meta property=\"og:image:width\" content=\"433\" \/>\n\t<meta property=\"og:image:height\" content=\"577\" \/>\n\t<meta property=\"og:image:type\" content=\"image\/png\" \/>\n<meta name=\"twitter:card\" content=\"summary_large_image\" \/>\n<meta name=\"twitter:label1\" content=\"Est. reading time\" \/>\n\t<meta name=\"twitter:data1\" content=\"2 minutes\" \/>\n<script type=\"application\/ld+json\" class=\"yoast-schema-graph\">{\"@context\":\"https:\\\/\\\/schema.org\",\"@graph\":[{\"@type\":\"WebPage\",\"@id\":\"https:\\\/\\\/maqmex.com.br\\\/produto\\\/motor-hidraulico-orbital-omv-630cc\\\/\",\"url\":\"https:\\\/\\\/maqmex.com.br\\\/produto\\\/motor-hidraulico-orbital-omv-630cc\\\/\",\"name\":\"Motor Hidr\u00e1ulico Orbital Omv 630cc - Maqmex\",\"isPartOf\":{\"@id\":\"https:\\\/\\\/maqmex.com.br\\\/#website\"},\"primaryImageOfPage\":{\"@id\":\"https:\\\/\\\/maqmex.com.br\\\/produto\\\/motor-hidraulico-orbital-omv-630cc\\\/#primaryimage\"},\"image\":{\"@id\":\"https:\\\/\\\/maqmex.com.br\\\/produto\\\/motor-hidraulico-orbital-omv-630cc\\\/#primaryimage\"},\"thumbnailUrl\":\"https:\\\/\\\/maqmex.com.br\\\/wp-content\\\/uploads\\\/2025\\\/04\\\/WhatsApp_Image_2025-04-29_at_08.55.56-removebg-preview.png\",\"datePublished\":\"2025-04-30T12:21:55+00:00\",\"dateModified\":\"2025-10-16T14:26:19+00:00\",\"breadcrumb\":{\"@id\":\"https:\\\/\\\/maqmex.com.br\\\/produto\\\/motor-hidraulico-orbital-omv-630cc\\\/#breadcrumb\"},\"inLanguage\":\"en-US\",\"potentialAction\":[{\"@type\":\"ReadAction\",\"target\":[\"https:\\\/\\\/maqmex.com.br\\\/produto\\\/motor-hidraulico-orbital-omv-630cc\\\/\"]}]},{\"@type\":\"ImageObject\",\"inLanguage\":\"en-US\",\"@id\":\"https:\\\/\\\/maqmex.com.br\\\/produto\\\/motor-hidraulico-orbital-omv-630cc\\\/#primaryimage\",\"url\":\"https:\\\/\\\/maqmex.com.br\\\/wp-content\\\/uploads\\\/2025\\\/04\\\/WhatsApp_Image_2025-04-29_at_08.55.56-removebg-preview.png\",\"contentUrl\":\"https:\\\/\\\/maqmex.com.br\\\/wp-content\\\/uploads\\\/2025\\\/04\\\/WhatsApp_Image_2025-04-29_at_08.55.56-removebg-preview.png\",\"width\":433,\"height\":577},{\"@type\":\"BreadcrumbList\",\"@id\":\"https:\\\/\\\/maqmex.com.br\\\/produto\\\/motor-hidraulico-orbital-omv-630cc\\\/#breadcrumb\",\"itemListElement\":[{\"@type\":\"ListItem\",\"position\":1,\"name\":\"In\u00edcio\",\"item\":\"https:\\\/\\\/maqmex.com.br\\\/\"},{\"@type\":\"ListItem\",\"position\":2,\"name\":\"Shop\",\"item\":\"https:\\\/\\\/maqmex.com.br\\\/shop\\\/\"},{\"@type\":\"ListItem\",\"position\":3,\"name\":\"Motor Hidr\u00e1ulico Orbital Omv 630cc\"}]},{\"@type\":\"WebSite\",\"@id\":\"https:\\\/\\\/maqmex.com.br\\\/#website\",\"url\":\"https:\\\/\\\/maqmex.com.br\\\/\",\"name\":\"Maqmex\",\"description\":\"Maqmex\",\"potentialAction\":[{\"@type\":\"SearchAction\",\"target\":{\"@type\":\"EntryPoint\",\"urlTemplate\":\"https:\\\/\\\/maqmex.com.br\\\/?s={search_term_string}\"},\"query-input\":{\"@type\":\"PropertyValueSpecification\",\"valueRequired\":true,\"valueName\":\"search_term_string\"}}],\"inLanguage\":\"en-US\"}]}<\/script>\n<!-- \/ Yoast SEO plugin. -->","yoast_head_json":{"title":"Motor Hidr\u00e1ulico Orbital Omv 630cc - Maqmex","robots":{"index":"index","follow":"follow","max-snippet":"max-snippet:-1","max-image-preview":"max-image-preview:large","max-video-preview":"max-video-preview:-1"},"canonical":"https:\/\/maqmex.com.br\/en\/product\/motor-hidraulico-orbital-omv-630cc\/","og_locale":"en_US","og_type":"article","og_title":"Motor Hidr\u00e1ulico Orbital Omv 630cc - Maqmex","og_description":"Motor Hidr\u00e1ulico OMV 630-4P1-D","og_url":"https:\/\/maqmex.com.br\/en\/product\/motor-hidraulico-orbital-omv-630cc\/","og_site_name":"Maqmex","article_modified_time":"2025-10-16T14:26:19+00:00","og_image":[{"width":433,"height":577,"url":"https:\/\/maqmex.com.br\/wp-content\/uploads\/2025\/04\/WhatsApp_Image_2025-04-29_at_08.55.56-removebg-preview.png","type":"image\/png"}],"twitter_card":"summary_large_image","twitter_misc":{"Est. reading time":"2 minutes"},"schema":{"@context":"https:\/\/schema.org","@graph":[{"@type":"WebPage","@id":"https:\/\/maqmex.com.br\/produto\/motor-hidraulico-orbital-omv-630cc\/","url":"https:\/\/maqmex.com.br\/produto\/motor-hidraulico-orbital-omv-630cc\/","name":"Motor Hidr\u00e1ulico Orbital Omv 630cc - Maqmex","isPartOf":{"@id":"https:\/\/maqmex.com.br\/#website"},"primaryImageOfPage":{"@id":"https:\/\/maqmex.com.br\/produto\/motor-hidraulico-orbital-omv-630cc\/#primaryimage"},"image":{"@id":"https:\/\/maqmex.com.br\/produto\/motor-hidraulico-orbital-omv-630cc\/#primaryimage"},"thumbnailUrl":"https:\/\/maqmex.com.br\/wp-content\/uploads\/2025\/04\/WhatsApp_Image_2025-04-29_at_08.55.56-removebg-preview.png","datePublished":"2025-04-30T12:21:55+00:00","dateModified":"2025-10-16T14:26:19+00:00","breadcrumb":{"@id":"https:\/\/maqmex.com.br\/produto\/motor-hidraulico-orbital-omv-630cc\/#breadcrumb"},"inLanguage":"en-US","potentialAction":[{"@type":"ReadAction","target":["https:\/\/maqmex.com.br\/produto\/motor-hidraulico-orbital-omv-630cc\/"]}]},{"@type":"ImageObject","inLanguage":"en-US","@id":"https:\/\/maqmex.com.br\/produto\/motor-hidraulico-orbital-omv-630cc\/#primaryimage","url":"https:\/\/maqmex.com.br\/wp-content\/uploads\/2025\/04\/WhatsApp_Image_2025-04-29_at_08.55.56-removebg-preview.png","contentUrl":"https:\/\/maqmex.com.br\/wp-content\/uploads\/2025\/04\/WhatsApp_Image_2025-04-29_at_08.55.56-removebg-preview.png","width":433,"height":577},{"@type":"BreadcrumbList","@id":"https:\/\/maqmex.com.br\/produto\/motor-hidraulico-orbital-omv-630cc\/#breadcrumb","itemListElement":[{"@type":"ListItem","position":1,"name":"In\u00edcio","item":"https:\/\/maqmex.com.br\/"},{"@type":"ListItem","position":2,"name":"Shop","item":"https:\/\/maqmex.com.br\/shop\/"},{"@type":"ListItem","position":3,"name":"Motor Hidr\u00e1ulico Orbital Omv 630cc"}]},{"@type":"WebSite","@id":"https:\/\/maqmex.com.br\/#website","url":"https:\/\/maqmex.com.br\/","name":"Maqmex","description":"Maqmex","potentialAction":[{"@type":"SearchAction","target":{"@type":"EntryPoint","urlTemplate":"https:\/\/maqmex.com.br\/?s={search_term_string}"},"query-input":{"@type":"PropertyValueSpecification","valueRequired":true,"valueName":"search_term_string"}}],"inLanguage":"en-US"}]}},"_links":{"self":[{"href":"https:\/\/maqmex.com.br\/en\/wp-json\/wp\/v2\/product\/6986","targetHints":{"allow":["GET"]}}],"collection":[{"href":"https:\/\/maqmex.com.br\/en\/wp-json\/wp\/v2\/product"}],"about":[{"href":"https:\/\/maqmex.com.br\/en\/wp-json\/wp\/v2\/types\/product"}],"replies":[{"embeddable":true,"href":"https:\/\/maqmex.com.br\/en\/wp-json\/wp\/v2\/comments?post=6986"}],"version-history":[{"count":1,"href":"https:\/\/maqmex.com.br\/en\/wp-json\/wp\/v2\/product\/6986\/revisions"}],"predecessor-version":[{"id":6992,"href":"https:\/\/maqmex.com.br\/en\/wp-json\/wp\/v2\/product\/6986\/revisions\/6992"}],"wp:featuredmedia":[{"embeddable":true,"href":"https:\/\/maqmex.com.br\/en\/wp-json\/wp\/v2\/media\/6987"}],"wp:attachment":[{"href":"https:\/\/maqmex.com.br\/en\/wp-json\/wp\/v2\/media?parent=6986"}],"wp:term":[{"taxonomy":"product_brand","embeddable":true,"href":"https:\/\/maqmex.com.br\/en\/wp-json\/wp\/v2\/product_brand?post=6986"},{"taxonomy":"product_cat","embeddable":true,"href":"https:\/\/maqmex.com.br\/en\/wp-json\/wp\/v2\/product_cat?post=6986"},{"taxonomy":"product_tag","embeddable":true,"href":"https:\/\/maqmex.com.br\/en\/wp-json\/wp\/v2\/product_tag?post=6986"}],"curies":[{"name":"wp","href":"https:\/\/api.w.org\/{rel}","templated":true}]}}