{"id":6993,"date":"2025-05-02T09:36:41","date_gmt":"2025-05-02T12:36:41","guid":{"rendered":"https:\/\/maqmex.com.br\/?post_type=product&#038;p=6993"},"modified":"2025-05-02T09:57:22","modified_gmt":"2025-05-02T12:57:22","slug":"motor-hidraulico-omt-500","status":"publish","type":"product","link":"https:\/\/maqmex.com.br\/en\/product\/motor-hidraulico-omt-500\/","title":{"rendered":"Motor Hidr\u00e1ulico Orbital Omt 500"},"content":{"rendered":"<p>DETALHES DO PRODUTO:<\/p>\n<p>O motor de \u00f3rbita hidr\u00e1ulica \u00e9 um equipamento de alto torque e baixa velocidade, eficiente e dur\u00e1vel, utilizado em diversas aplica\u00e7\u00f5es industriais, agr\u00edcolas e ve\u00edculos especiais. A s\u00e9rie OM \u00e9 compat\u00edvel com marcas internacionais como Danfoss, Eaton e Parker. A linha &#8220;O&#8221; destaca-se pela versatilidade, atendendo demandas de carga m\u00e9dia a pesada, suportando at\u00e9 275 bar de press\u00e3o. Entre suas principais caracter\u00edsticas est\u00e3o o funcionamento suave, torque constante e elevado, alta press\u00e3o de retorno sem linha de drenagem, grande efici\u00eancia, longa vida \u00fatil, design compacto e robusto, al\u00e9m de ampla compatibilidade com sistemas hidr\u00e1ulicos abertos e fechados.<\/p>\n<p>ESPECIFICA\u00c7\u00d5ES T\u00c9CNICAS:<\/p>\n<p>Modelo: OMT 500<br \/>\nDeslocamento Volum\u00e9trico: 523,6 Cm\u00b3\/rot<br \/>\nPress\u00e3o M\u00e1xima Cont\u00ednua: 16 Mpa<br \/>\nPress\u00e3o M\u00e1xima Intermitente: 18 Mpa<br \/>\nPress\u00e3o M\u00e1xima de Partida: 21 Mpa<br \/>\nTorque M\u00e1ximo Cont\u00ednuo: 1220 N.m<br \/>\nTorque M\u00e1ximo Intermitente: 1370 N.m<br \/>\nTorque M\u00e1ximo de Partida: 1643,8 N.m<br \/>\nRota\u00e7\u00e3o M\u00e1xima Cont\u00ednua: 240 rpm<br \/>\nVaz\u00e3o M\u00e1xima Cont\u00ednua: 125 L\/min<br \/>\nPot\u00eancia M\u00e1xima Cont\u00ednua: 28,8 kW<br \/>\nPeso: 23 Kg<br \/>\nDi\u00e2metro do Eixo: 40 mm<br \/>\nDi\u00e2metro da Chaveta: 12 mm<\/p>","protected":false},"excerpt":{"rendered":"<p>Motor Hidr\u00e1ulico OMT-500-D-A1-P1-D<\/p>","protected":false},"featured_media":6994,"comment_status":"open","ping_status":"closed","template":"","meta":[],"product_brand":[],"product_cat":[473,541],"product_tag":[],"class_list":{"0":"post-6993","1":"product","2":"type-product","3":"status-publish","4":"has-post-thumbnail","6":"product_cat-hidraulica","7":"product_cat-motor","8":"product_shipping_class-normal","10":"first","11":"instock","12":"shipping-taxable","13":"purchasable","14":"product-type-simple"},"yoast_head":"<!-- This site is optimized with the Yoast SEO plugin v27.4 - https:\/\/yoast.com\/product\/yoast-seo-wordpress\/ -->\n<title>Motor Hidr\u00e1ulico Orbital Omt 500 - Maqmex<\/title>\n<meta name=\"robots\" content=\"index, follow, max-snippet:-1, max-image-preview:large, max-video-preview:-1\" \/>\n<link rel=\"canonical\" href=\"https:\/\/maqmex.com.br\/en\/product\/motor-hidraulico-omt-500\/\" \/>\n<meta property=\"og:locale\" content=\"en_US\" \/>\n<meta property=\"og:type\" content=\"article\" \/>\n<meta property=\"og:title\" content=\"Motor Hidr\u00e1ulico Orbital Omt 500 - Maqmex\" \/>\n<meta property=\"og:description\" content=\"Motor Hidr\u00e1ulico OMT-500-D-A1-P1-D\" \/>\n<meta property=\"og:url\" content=\"https:\/\/maqmex.com.br\/en\/product\/motor-hidraulico-omt-500\/\" \/>\n<meta property=\"og:site_name\" content=\"Maqmex\" \/>\n<meta property=\"article:modified_time\" content=\"2025-05-02T12:57:22+00:00\" \/>\n<meta property=\"og:image\" content=\"https:\/\/maqmex.com.br\/wp-content\/uploads\/2025\/05\/WhatsApp_Image_2025-05-02_at_08.33.35__1_-removebg-preview.png\" \/>\n\t<meta property=\"og:image:width\" content=\"433\" \/>\n\t<meta property=\"og:image:height\" content=\"577\" \/>\n\t<meta property=\"og:image:type\" content=\"image\/png\" \/>\n<meta name=\"twitter:card\" content=\"summary_large_image\" \/>\n<meta name=\"twitter:label1\" content=\"Est. reading time\" \/>\n\t<meta name=\"twitter:data1\" content=\"2 minutes\" \/>\n<script type=\"application\/ld+json\" class=\"yoast-schema-graph\">{\"@context\":\"https:\\\/\\\/schema.org\",\"@graph\":[{\"@type\":\"WebPage\",\"@id\":\"https:\\\/\\\/maqmex.com.br\\\/produto\\\/motor-hidraulico-omt-500\\\/\",\"url\":\"https:\\\/\\\/maqmex.com.br\\\/produto\\\/motor-hidraulico-omt-500\\\/\",\"name\":\"Motor Hidr\u00e1ulico Orbital Omt 500 - Maqmex\",\"isPartOf\":{\"@id\":\"https:\\\/\\\/maqmex.com.br\\\/#website\"},\"primaryImageOfPage\":{\"@id\":\"https:\\\/\\\/maqmex.com.br\\\/produto\\\/motor-hidraulico-omt-500\\\/#primaryimage\"},\"image\":{\"@id\":\"https:\\\/\\\/maqmex.com.br\\\/produto\\\/motor-hidraulico-omt-500\\\/#primaryimage\"},\"thumbnailUrl\":\"https:\\\/\\\/maqmex.com.br\\\/wp-content\\\/uploads\\\/2025\\\/05\\\/WhatsApp_Image_2025-05-02_at_08.33.35__1_-removebg-preview.png\",\"datePublished\":\"2025-05-02T12:36:41+00:00\",\"dateModified\":\"2025-05-02T12:57:22+00:00\",\"breadcrumb\":{\"@id\":\"https:\\\/\\\/maqmex.com.br\\\/produto\\\/motor-hidraulico-omt-500\\\/#breadcrumb\"},\"inLanguage\":\"en-US\",\"potentialAction\":[{\"@type\":\"ReadAction\",\"target\":[\"https:\\\/\\\/maqmex.com.br\\\/produto\\\/motor-hidraulico-omt-500\\\/\"]}]},{\"@type\":\"ImageObject\",\"inLanguage\":\"en-US\",\"@id\":\"https:\\\/\\\/maqmex.com.br\\\/produto\\\/motor-hidraulico-omt-500\\\/#primaryimage\",\"url\":\"https:\\\/\\\/maqmex.com.br\\\/wp-content\\\/uploads\\\/2025\\\/05\\\/WhatsApp_Image_2025-05-02_at_08.33.35__1_-removebg-preview.png\",\"contentUrl\":\"https:\\\/\\\/maqmex.com.br\\\/wp-content\\\/uploads\\\/2025\\\/05\\\/WhatsApp_Image_2025-05-02_at_08.33.35__1_-removebg-preview.png\",\"width\":433,\"height\":577},{\"@type\":\"BreadcrumbList\",\"@id\":\"https:\\\/\\\/maqmex.com.br\\\/produto\\\/motor-hidraulico-omt-500\\\/#breadcrumb\",\"itemListElement\":[{\"@type\":\"ListItem\",\"position\":1,\"name\":\"In\u00edcio\",\"item\":\"https:\\\/\\\/maqmex.com.br\\\/\"},{\"@type\":\"ListItem\",\"position\":2,\"name\":\"Shop\",\"item\":\"https:\\\/\\\/maqmex.com.br\\\/shop\\\/\"},{\"@type\":\"ListItem\",\"position\":3,\"name\":\"Motor Hidr\u00e1ulico Orbital Omt 500\"}]},{\"@type\":\"WebSite\",\"@id\":\"https:\\\/\\\/maqmex.com.br\\\/#website\",\"url\":\"https:\\\/\\\/maqmex.com.br\\\/\",\"name\":\"Maqmex\",\"description\":\"Maqmex\",\"potentialAction\":[{\"@type\":\"SearchAction\",\"target\":{\"@type\":\"EntryPoint\",\"urlTemplate\":\"https:\\\/\\\/maqmex.com.br\\\/?s={search_term_string}\"},\"query-input\":{\"@type\":\"PropertyValueSpecification\",\"valueRequired\":true,\"valueName\":\"search_term_string\"}}],\"inLanguage\":\"en-US\"}]}<\/script>\n<!-- \/ Yoast SEO plugin. -->","yoast_head_json":{"title":"Motor Hidr\u00e1ulico Orbital Omt 500 - Maqmex","robots":{"index":"index","follow":"follow","max-snippet":"max-snippet:-1","max-image-preview":"max-image-preview:large","max-video-preview":"max-video-preview:-1"},"canonical":"https:\/\/maqmex.com.br\/en\/product\/motor-hidraulico-omt-500\/","og_locale":"en_US","og_type":"article","og_title":"Motor Hidr\u00e1ulico Orbital Omt 500 - Maqmex","og_description":"Motor Hidr\u00e1ulico OMT-500-D-A1-P1-D","og_url":"https:\/\/maqmex.com.br\/en\/product\/motor-hidraulico-omt-500\/","og_site_name":"Maqmex","article_modified_time":"2025-05-02T12:57:22+00:00","og_image":[{"width":433,"height":577,"url":"https:\/\/maqmex.com.br\/wp-content\/uploads\/2025\/05\/WhatsApp_Image_2025-05-02_at_08.33.35__1_-removebg-preview.png","type":"image\/png"}],"twitter_card":"summary_large_image","twitter_misc":{"Est. reading time":"2 minutes"},"schema":{"@context":"https:\/\/schema.org","@graph":[{"@type":"WebPage","@id":"https:\/\/maqmex.com.br\/produto\/motor-hidraulico-omt-500\/","url":"https:\/\/maqmex.com.br\/produto\/motor-hidraulico-omt-500\/","name":"Motor Hidr\u00e1ulico Orbital Omt 500 - Maqmex","isPartOf":{"@id":"https:\/\/maqmex.com.br\/#website"},"primaryImageOfPage":{"@id":"https:\/\/maqmex.com.br\/produto\/motor-hidraulico-omt-500\/#primaryimage"},"image":{"@id":"https:\/\/maqmex.com.br\/produto\/motor-hidraulico-omt-500\/#primaryimage"},"thumbnailUrl":"https:\/\/maqmex.com.br\/wp-content\/uploads\/2025\/05\/WhatsApp_Image_2025-05-02_at_08.33.35__1_-removebg-preview.png","datePublished":"2025-05-02T12:36:41+00:00","dateModified":"2025-05-02T12:57:22+00:00","breadcrumb":{"@id":"https:\/\/maqmex.com.br\/produto\/motor-hidraulico-omt-500\/#breadcrumb"},"inLanguage":"en-US","potentialAction":[{"@type":"ReadAction","target":["https:\/\/maqmex.com.br\/produto\/motor-hidraulico-omt-500\/"]}]},{"@type":"ImageObject","inLanguage":"en-US","@id":"https:\/\/maqmex.com.br\/produto\/motor-hidraulico-omt-500\/#primaryimage","url":"https:\/\/maqmex.com.br\/wp-content\/uploads\/2025\/05\/WhatsApp_Image_2025-05-02_at_08.33.35__1_-removebg-preview.png","contentUrl":"https:\/\/maqmex.com.br\/wp-content\/uploads\/2025\/05\/WhatsApp_Image_2025-05-02_at_08.33.35__1_-removebg-preview.png","width":433,"height":577},{"@type":"BreadcrumbList","@id":"https:\/\/maqmex.com.br\/produto\/motor-hidraulico-omt-500\/#breadcrumb","itemListElement":[{"@type":"ListItem","position":1,"name":"In\u00edcio","item":"https:\/\/maqmex.com.br\/"},{"@type":"ListItem","position":2,"name":"Shop","item":"https:\/\/maqmex.com.br\/shop\/"},{"@type":"ListItem","position":3,"name":"Motor Hidr\u00e1ulico Orbital Omt 500"}]},{"@type":"WebSite","@id":"https:\/\/maqmex.com.br\/#website","url":"https:\/\/maqmex.com.br\/","name":"Maqmex","description":"Maqmex","potentialAction":[{"@type":"SearchAction","target":{"@type":"EntryPoint","urlTemplate":"https:\/\/maqmex.com.br\/?s={search_term_string}"},"query-input":{"@type":"PropertyValueSpecification","valueRequired":true,"valueName":"search_term_string"}}],"inLanguage":"en-US"}]}},"_links":{"self":[{"href":"https:\/\/maqmex.com.br\/en\/wp-json\/wp\/v2\/product\/6993","targetHints":{"allow":["GET"]}}],"collection":[{"href":"https:\/\/maqmex.com.br\/en\/wp-json\/wp\/v2\/product"}],"about":[{"href":"https:\/\/maqmex.com.br\/en\/wp-json\/wp\/v2\/types\/product"}],"replies":[{"embeddable":true,"href":"https:\/\/maqmex.com.br\/en\/wp-json\/wp\/v2\/comments?post=6993"}],"version-history":[{"count":1,"href":"https:\/\/maqmex.com.br\/en\/wp-json\/wp\/v2\/product\/6993\/revisions"}],"predecessor-version":[{"id":6999,"href":"https:\/\/maqmex.com.br\/en\/wp-json\/wp\/v2\/product\/6993\/revisions\/6999"}],"wp:featuredmedia":[{"embeddable":true,"href":"https:\/\/maqmex.com.br\/en\/wp-json\/wp\/v2\/media\/6994"}],"wp:attachment":[{"href":"https:\/\/maqmex.com.br\/en\/wp-json\/wp\/v2\/media?parent=6993"}],"wp:term":[{"taxonomy":"product_brand","embeddable":true,"href":"https:\/\/maqmex.com.br\/en\/wp-json\/wp\/v2\/product_brand?post=6993"},{"taxonomy":"product_cat","embeddable":true,"href":"https:\/\/maqmex.com.br\/en\/wp-json\/wp\/v2\/product_cat?post=6993"},{"taxonomy":"product_tag","embeddable":true,"href":"https:\/\/maqmex.com.br\/en\/wp-json\/wp\/v2\/product_tag?post=6993"}],"curies":[{"name":"wp","href":"https:\/\/api.w.org\/{rel}","templated":true}]}}