{"id":7000,"date":"2025-06-11T14:46:53","date_gmt":"2025-06-11T17:46:53","guid":{"rendered":"https:\/\/maqmex.com.br\/?post_type=product&#038;p=7000"},"modified":"2025-06-11T16:23:22","modified_gmt":"2025-06-11T19:23:22","slug":"valvula-dgs-01-3c4-dc24","status":"publish","type":"product","link":"https:\/\/maqmex.com.br\/en\/product\/valvula-dgs-01-3c4-dc24\/","title":{"rendered":"V\u00e1lvula Direcional Hidr\u00e1ulica DGS-01-3C4-DC24 &#8211; TN6 24V"},"content":{"rendered":"<p>ESPECIFICA\u00c7\u00d5ES T\u00c9CNICAS:<\/p>\n<p>Modelo: DGS-01-3C4-DC24-Z5L<br \/>\nTamanho Nominal: TN6<br \/>\nTaxa de Fluxo M\u00e1ximo: 63 l\/min<br \/>\nTens\u00e3o da Bobina: 24V<br \/>\nPeso: 2 Kg<\/p>","protected":false},"excerpt":{"rendered":"<p>V\u00e1lvula Direcional Hidr\u00e1ulica DGS-01-3C4-DC24 &#8211; TN6 24V<\/p>","protected":false},"featured_media":7001,"comment_status":"open","ping_status":"closed","template":"","meta":[],"product_brand":[],"product_cat":[473,528],"product_tag":[],"class_list":{"0":"post-7000","1":"product","2":"type-product","3":"status-publish","4":"has-post-thumbnail","6":"product_cat-hidraulica","7":"product_cat-valvula","8":"product_shipping_class-normal","10":"first","11":"instock","12":"shipping-taxable","13":"purchasable","14":"product-type-simple"},"yoast_head":"<!-- This site is optimized with the Yoast SEO plugin v27.4 - https:\/\/yoast.com\/product\/yoast-seo-wordpress\/ -->\n<title>V\u00e1lvula Direcional Hidr\u00e1ulica DGS-01-3C4-DC24 - TN6 24V - Maqmex<\/title>\n<meta name=\"robots\" content=\"index, follow, max-snippet:-1, max-image-preview:large, max-video-preview:-1\" \/>\n<link rel=\"canonical\" href=\"https:\/\/maqmex.com.br\/en\/product\/valvula-dgs-01-3c4-dc24\/\" \/>\n<meta property=\"og:locale\" content=\"en_US\" \/>\n<meta property=\"og:type\" content=\"article\" \/>\n<meta property=\"og:title\" content=\"V\u00e1lvula Direcional Hidr\u00e1ulica DGS-01-3C4-DC24 - TN6 24V - Maqmex\" \/>\n<meta property=\"og:description\" content=\"V\u00e1lvula Direcional Hidr\u00e1ulica DGS-01-3C4-DC24 - TN6 24V\" \/>\n<meta property=\"og:url\" content=\"https:\/\/maqmex.com.br\/en\/product\/valvula-dgs-01-3c4-dc24\/\" \/>\n<meta property=\"og:site_name\" content=\"Maqmex\" \/>\n<meta property=\"article:modified_time\" content=\"2025-06-11T19:23:22+00:00\" \/>\n<meta property=\"og:image\" content=\"https:\/\/maqmex.com.br\/wp-content\/uploads\/2025\/06\/WhatsApp_Image_2025-06-11_at_14.20.51__2_-removebg-preview.png\" \/>\n\t<meta property=\"og:image:width\" content=\"433\" \/>\n\t<meta property=\"og:image:height\" content=\"577\" \/>\n\t<meta property=\"og:image:type\" content=\"image\/png\" \/>\n<meta name=\"twitter:card\" content=\"summary_large_image\" \/>\n<meta name=\"twitter:label1\" content=\"Est. reading time\" \/>\n\t<meta name=\"twitter:data1\" content=\"1 minute\" \/>\n<script type=\"application\/ld+json\" class=\"yoast-schema-graph\">{\"@context\":\"https:\\\/\\\/schema.org\",\"@graph\":[{\"@type\":\"WebPage\",\"@id\":\"https:\\\/\\\/maqmex.com.br\\\/produto\\\/valvula-dgs-01-3c4-dc24\\\/\",\"url\":\"https:\\\/\\\/maqmex.com.br\\\/produto\\\/valvula-dgs-01-3c4-dc24\\\/\",\"name\":\"V\u00e1lvula Direcional Hidr\u00e1ulica DGS-01-3C4-DC24 - TN6 24V - Maqmex\",\"isPartOf\":{\"@id\":\"https:\\\/\\\/maqmex.com.br\\\/#website\"},\"primaryImageOfPage\":{\"@id\":\"https:\\\/\\\/maqmex.com.br\\\/produto\\\/valvula-dgs-01-3c4-dc24\\\/#primaryimage\"},\"image\":{\"@id\":\"https:\\\/\\\/maqmex.com.br\\\/produto\\\/valvula-dgs-01-3c4-dc24\\\/#primaryimage\"},\"thumbnailUrl\":\"https:\\\/\\\/maqmex.com.br\\\/wp-content\\\/uploads\\\/2025\\\/06\\\/WhatsApp_Image_2025-06-11_at_14.20.51__2_-removebg-preview.png\",\"datePublished\":\"2025-06-11T17:46:53+00:00\",\"dateModified\":\"2025-06-11T19:23:22+00:00\",\"breadcrumb\":{\"@id\":\"https:\\\/\\\/maqmex.com.br\\\/produto\\\/valvula-dgs-01-3c4-dc24\\\/#breadcrumb\"},\"inLanguage\":\"en-US\",\"potentialAction\":[{\"@type\":\"ReadAction\",\"target\":[\"https:\\\/\\\/maqmex.com.br\\\/produto\\\/valvula-dgs-01-3c4-dc24\\\/\"]}]},{\"@type\":\"ImageObject\",\"inLanguage\":\"en-US\",\"@id\":\"https:\\\/\\\/maqmex.com.br\\\/produto\\\/valvula-dgs-01-3c4-dc24\\\/#primaryimage\",\"url\":\"https:\\\/\\\/maqmex.com.br\\\/wp-content\\\/uploads\\\/2025\\\/06\\\/WhatsApp_Image_2025-06-11_at_14.20.51__2_-removebg-preview.png\",\"contentUrl\":\"https:\\\/\\\/maqmex.com.br\\\/wp-content\\\/uploads\\\/2025\\\/06\\\/WhatsApp_Image_2025-06-11_at_14.20.51__2_-removebg-preview.png\",\"width\":433,\"height\":577},{\"@type\":\"BreadcrumbList\",\"@id\":\"https:\\\/\\\/maqmex.com.br\\\/produto\\\/valvula-dgs-01-3c4-dc24\\\/#breadcrumb\",\"itemListElement\":[{\"@type\":\"ListItem\",\"position\":1,\"name\":\"In\u00edcio\",\"item\":\"https:\\\/\\\/maqmex.com.br\\\/\"},{\"@type\":\"ListItem\",\"position\":2,\"name\":\"Shop\",\"item\":\"https:\\\/\\\/maqmex.com.br\\\/shop\\\/\"},{\"@type\":\"ListItem\",\"position\":3,\"name\":\"V\u00e1lvula Direcional Hidr\u00e1ulica DGS-01-3C4-DC24 &#8211; TN6 24V\"}]},{\"@type\":\"WebSite\",\"@id\":\"https:\\\/\\\/maqmex.com.br\\\/#website\",\"url\":\"https:\\\/\\\/maqmex.com.br\\\/\",\"name\":\"Maqmex\",\"description\":\"Maqmex\",\"potentialAction\":[{\"@type\":\"SearchAction\",\"target\":{\"@type\":\"EntryPoint\",\"urlTemplate\":\"https:\\\/\\\/maqmex.com.br\\\/?s={search_term_string}\"},\"query-input\":{\"@type\":\"PropertyValueSpecification\",\"valueRequired\":true,\"valueName\":\"search_term_string\"}}],\"inLanguage\":\"en-US\"}]}<\/script>\n<!-- \/ Yoast SEO plugin. -->","yoast_head_json":{"title":"V\u00e1lvula Direcional Hidr\u00e1ulica DGS-01-3C4-DC24 - TN6 24V - Maqmex","robots":{"index":"index","follow":"follow","max-snippet":"max-snippet:-1","max-image-preview":"max-image-preview:large","max-video-preview":"max-video-preview:-1"},"canonical":"https:\/\/maqmex.com.br\/en\/product\/valvula-dgs-01-3c4-dc24\/","og_locale":"en_US","og_type":"article","og_title":"V\u00e1lvula Direcional Hidr\u00e1ulica DGS-01-3C4-DC24 - TN6 24V - Maqmex","og_description":"V\u00e1lvula Direcional Hidr\u00e1ulica DGS-01-3C4-DC24 - TN6 24V","og_url":"https:\/\/maqmex.com.br\/en\/product\/valvula-dgs-01-3c4-dc24\/","og_site_name":"Maqmex","article_modified_time":"2025-06-11T19:23:22+00:00","og_image":[{"width":433,"height":577,"url":"https:\/\/maqmex.com.br\/wp-content\/uploads\/2025\/06\/WhatsApp_Image_2025-06-11_at_14.20.51__2_-removebg-preview.png","type":"image\/png"}],"twitter_card":"summary_large_image","twitter_misc":{"Est. reading time":"1 minute"},"schema":{"@context":"https:\/\/schema.org","@graph":[{"@type":"WebPage","@id":"https:\/\/maqmex.com.br\/produto\/valvula-dgs-01-3c4-dc24\/","url":"https:\/\/maqmex.com.br\/produto\/valvula-dgs-01-3c4-dc24\/","name":"V\u00e1lvula Direcional Hidr\u00e1ulica DGS-01-3C4-DC24 - TN6 24V - Maqmex","isPartOf":{"@id":"https:\/\/maqmex.com.br\/#website"},"primaryImageOfPage":{"@id":"https:\/\/maqmex.com.br\/produto\/valvula-dgs-01-3c4-dc24\/#primaryimage"},"image":{"@id":"https:\/\/maqmex.com.br\/produto\/valvula-dgs-01-3c4-dc24\/#primaryimage"},"thumbnailUrl":"https:\/\/maqmex.com.br\/wp-content\/uploads\/2025\/06\/WhatsApp_Image_2025-06-11_at_14.20.51__2_-removebg-preview.png","datePublished":"2025-06-11T17:46:53+00:00","dateModified":"2025-06-11T19:23:22+00:00","breadcrumb":{"@id":"https:\/\/maqmex.com.br\/produto\/valvula-dgs-01-3c4-dc24\/#breadcrumb"},"inLanguage":"en-US","potentialAction":[{"@type":"ReadAction","target":["https:\/\/maqmex.com.br\/produto\/valvula-dgs-01-3c4-dc24\/"]}]},{"@type":"ImageObject","inLanguage":"en-US","@id":"https:\/\/maqmex.com.br\/produto\/valvula-dgs-01-3c4-dc24\/#primaryimage","url":"https:\/\/maqmex.com.br\/wp-content\/uploads\/2025\/06\/WhatsApp_Image_2025-06-11_at_14.20.51__2_-removebg-preview.png","contentUrl":"https:\/\/maqmex.com.br\/wp-content\/uploads\/2025\/06\/WhatsApp_Image_2025-06-11_at_14.20.51__2_-removebg-preview.png","width":433,"height":577},{"@type":"BreadcrumbList","@id":"https:\/\/maqmex.com.br\/produto\/valvula-dgs-01-3c4-dc24\/#breadcrumb","itemListElement":[{"@type":"ListItem","position":1,"name":"In\u00edcio","item":"https:\/\/maqmex.com.br\/"},{"@type":"ListItem","position":2,"name":"Shop","item":"https:\/\/maqmex.com.br\/shop\/"},{"@type":"ListItem","position":3,"name":"V\u00e1lvula Direcional Hidr\u00e1ulica DGS-01-3C4-DC24 &#8211; TN6 24V"}]},{"@type":"WebSite","@id":"https:\/\/maqmex.com.br\/#website","url":"https:\/\/maqmex.com.br\/","name":"Maqmex","description":"Maqmex","potentialAction":[{"@type":"SearchAction","target":{"@type":"EntryPoint","urlTemplate":"https:\/\/maqmex.com.br\/?s={search_term_string}"},"query-input":{"@type":"PropertyValueSpecification","valueRequired":true,"valueName":"search_term_string"}}],"inLanguage":"en-US"}]}},"_links":{"self":[{"href":"https:\/\/maqmex.com.br\/en\/wp-json\/wp\/v2\/product\/7000","targetHints":{"allow":["GET"]}}],"collection":[{"href":"https:\/\/maqmex.com.br\/en\/wp-json\/wp\/v2\/product"}],"about":[{"href":"https:\/\/maqmex.com.br\/en\/wp-json\/wp\/v2\/types\/product"}],"replies":[{"embeddable":true,"href":"https:\/\/maqmex.com.br\/en\/wp-json\/wp\/v2\/comments?post=7000"}],"version-history":[{"count":2,"href":"https:\/\/maqmex.com.br\/en\/wp-json\/wp\/v2\/product\/7000\/revisions"}],"predecessor-version":[{"id":7007,"href":"https:\/\/maqmex.com.br\/en\/wp-json\/wp\/v2\/product\/7000\/revisions\/7007"}],"wp:featuredmedia":[{"embeddable":true,"href":"https:\/\/maqmex.com.br\/en\/wp-json\/wp\/v2\/media\/7001"}],"wp:attachment":[{"href":"https:\/\/maqmex.com.br\/en\/wp-json\/wp\/v2\/media?parent=7000"}],"wp:term":[{"taxonomy":"product_brand","embeddable":true,"href":"https:\/\/maqmex.com.br\/en\/wp-json\/wp\/v2\/product_brand?post=7000"},{"taxonomy":"product_cat","embeddable":true,"href":"https:\/\/maqmex.com.br\/en\/wp-json\/wp\/v2\/product_cat?post=7000"},{"taxonomy":"product_tag","embeddable":true,"href":"https:\/\/maqmex.com.br\/en\/wp-json\/wp\/v2\/product_tag?post=7000"}],"curies":[{"name":"wp","href":"https:\/\/api.w.org\/{rel}","templated":true}]}}