{"id":7084,"date":"2025-11-14T13:51:20","date_gmt":"2025-11-14T16:51:20","guid":{"rendered":"https:\/\/maqmex.com.br\/?post_type=product&#038;p=7084"},"modified":"2025-11-14T13:55:56","modified_gmt":"2025-11-14T16:55:56","slug":"motor-hidraulico-bmer-475-ms-sw","status":"publish","type":"product","link":"https:\/\/maqmex.com.br\/en\/product\/motor-hidraulico-bmer-475-ms-sw\/","title":{"rendered":"Motor hidr\u00e1ulico BMER-475-MS-SW"},"content":{"rendered":"<p>Modelo: BMER-475-MS-SW<br \/>\nDeslocamento geom\u00e9trico (cm\u00b3): 462<br \/>\nM\u00e1xima velocidade de (RPM) cont\u00ednua: 160<br \/>\nM\u00e1xima velocidade de (RPM) intermitente: 195<br \/>\nM\u00e1ximo torque (N.m) cont\u00ednua: 1085<br \/>\nM\u00e1ximo torque (N.m) intermitente: 1180<br \/>\nM\u00e1ximo torque (N.m) pico: 1260<br \/>\nM\u00e1xima sa\u00edda (kW) cont\u00ednua: 14.5<br \/>\nM\u00e1xima sa\u00edda (kW) intermitente: 16.5<br \/>\nM\u00e1xima queda de press\u00e3o (MPa) cont\u00ednua: 17.5<br \/>\nM\u00e1xima queda de press\u00e3o (MPa) intermitente: 19<br \/>\nM\u00e1xima queda de press\u00e3o (MPa) pico: 20.5<br \/>\nM\u00e1ximo fluxo (L\/min) cont\u00ednuo: 75<br \/>\nM\u00e1ximo fluxo (L\/min) intermitente: 90<\/p>","protected":false},"excerpt":{"rendered":"<p>Motor hidr\u00e1ulico BMER-475-MS-SW<\/p>","protected":false},"featured_media":7085,"comment_status":"open","ping_status":"closed","template":"","meta":[],"product_brand":[],"product_cat":[473,541],"product_tag":[],"class_list":{"0":"post-7084","1":"product","2":"type-product","3":"status-publish","4":"has-post-thumbnail","6":"product_cat-hidraulica","7":"product_cat-motor","8":"product_shipping_class-normal","10":"first","11":"instock","12":"shipping-taxable","13":"purchasable","14":"product-type-simple"},"yoast_head":"<!-- This site is optimized with the Yoast SEO plugin v27.4 - https:\/\/yoast.com\/product\/yoast-seo-wordpress\/ -->\n<title>Motor hidr\u00e1ulico BMER-475-MS-SW - Maqmex<\/title>\n<meta name=\"robots\" content=\"index, follow, max-snippet:-1, max-image-preview:large, max-video-preview:-1\" \/>\n<link rel=\"canonical\" href=\"https:\/\/maqmex.com.br\/en\/product\/motor-hidraulico-bmer-475-ms-sw\/\" \/>\n<meta property=\"og:locale\" content=\"en_US\" \/>\n<meta property=\"og:type\" content=\"article\" \/>\n<meta property=\"og:title\" content=\"Motor hidr\u00e1ulico BMER-475-MS-SW - Maqmex\" \/>\n<meta property=\"og:description\" content=\"Motor hidr\u00e1ulico BMER-475-MS-SW\" \/>\n<meta property=\"og:url\" content=\"https:\/\/maqmex.com.br\/en\/product\/motor-hidraulico-bmer-475-ms-sw\/\" \/>\n<meta property=\"og:site_name\" content=\"Maqmex\" \/>\n<meta property=\"article:modified_time\" content=\"2025-11-14T16:55:56+00:00\" \/>\n<meta property=\"og:image\" content=\"https:\/\/maqmex.com.br\/wp-content\/uploads\/2025\/11\/A1-removebg-preview-1.png\" \/>\n\t<meta property=\"og:image:width\" content=\"431\" \/>\n\t<meta property=\"og:image:height\" content=\"579\" \/>\n\t<meta property=\"og:image:type\" content=\"image\/png\" \/>\n<meta name=\"twitter:card\" content=\"summary_large_image\" \/>\n<meta name=\"twitter:label1\" content=\"Est. reading time\" \/>\n\t<meta name=\"twitter:data1\" content=\"1 minute\" \/>\n<script type=\"application\/ld+json\" class=\"yoast-schema-graph\">{\"@context\":\"https:\\\/\\\/schema.org\",\"@graph\":[{\"@type\":\"WebPage\",\"@id\":\"https:\\\/\\\/maqmex.com.br\\\/produto\\\/motor-hidraulico-bmer-475-ms-sw\\\/\",\"url\":\"https:\\\/\\\/maqmex.com.br\\\/produto\\\/motor-hidraulico-bmer-475-ms-sw\\\/\",\"name\":\"Motor hidr\u00e1ulico BMER-475-MS-SW - Maqmex\",\"isPartOf\":{\"@id\":\"https:\\\/\\\/maqmex.com.br\\\/#website\"},\"primaryImageOfPage\":{\"@id\":\"https:\\\/\\\/maqmex.com.br\\\/produto\\\/motor-hidraulico-bmer-475-ms-sw\\\/#primaryimage\"},\"image\":{\"@id\":\"https:\\\/\\\/maqmex.com.br\\\/produto\\\/motor-hidraulico-bmer-475-ms-sw\\\/#primaryimage\"},\"thumbnailUrl\":\"https:\\\/\\\/maqmex.com.br\\\/wp-content\\\/uploads\\\/2025\\\/11\\\/A1-removebg-preview-1.png\",\"datePublished\":\"2025-11-14T16:51:20+00:00\",\"dateModified\":\"2025-11-14T16:55:56+00:00\",\"breadcrumb\":{\"@id\":\"https:\\\/\\\/maqmex.com.br\\\/produto\\\/motor-hidraulico-bmer-475-ms-sw\\\/#breadcrumb\"},\"inLanguage\":\"en-US\",\"potentialAction\":[{\"@type\":\"ReadAction\",\"target\":[\"https:\\\/\\\/maqmex.com.br\\\/produto\\\/motor-hidraulico-bmer-475-ms-sw\\\/\"]}]},{\"@type\":\"ImageObject\",\"inLanguage\":\"en-US\",\"@id\":\"https:\\\/\\\/maqmex.com.br\\\/produto\\\/motor-hidraulico-bmer-475-ms-sw\\\/#primaryimage\",\"url\":\"https:\\\/\\\/maqmex.com.br\\\/wp-content\\\/uploads\\\/2025\\\/11\\\/A1-removebg-preview-1.png\",\"contentUrl\":\"https:\\\/\\\/maqmex.com.br\\\/wp-content\\\/uploads\\\/2025\\\/11\\\/A1-removebg-preview-1.png\",\"width\":431,\"height\":579},{\"@type\":\"BreadcrumbList\",\"@id\":\"https:\\\/\\\/maqmex.com.br\\\/produto\\\/motor-hidraulico-bmer-475-ms-sw\\\/#breadcrumb\",\"itemListElement\":[{\"@type\":\"ListItem\",\"position\":1,\"name\":\"In\u00edcio\",\"item\":\"https:\\\/\\\/maqmex.com.br\\\/\"},{\"@type\":\"ListItem\",\"position\":2,\"name\":\"Shop\",\"item\":\"https:\\\/\\\/maqmex.com.br\\\/shop\\\/\"},{\"@type\":\"ListItem\",\"position\":3,\"name\":\"Motor hidr\u00e1ulico BMER-475-MS-SW\"}]},{\"@type\":\"WebSite\",\"@id\":\"https:\\\/\\\/maqmex.com.br\\\/#website\",\"url\":\"https:\\\/\\\/maqmex.com.br\\\/\",\"name\":\"Maqmex\",\"description\":\"Maqmex\",\"potentialAction\":[{\"@type\":\"SearchAction\",\"target\":{\"@type\":\"EntryPoint\",\"urlTemplate\":\"https:\\\/\\\/maqmex.com.br\\\/?s={search_term_string}\"},\"query-input\":{\"@type\":\"PropertyValueSpecification\",\"valueRequired\":true,\"valueName\":\"search_term_string\"}}],\"inLanguage\":\"en-US\"}]}<\/script>\n<!-- \/ Yoast SEO plugin. -->","yoast_head_json":{"title":"Motor hidr\u00e1ulico BMER-475-MS-SW - Maqmex","robots":{"index":"index","follow":"follow","max-snippet":"max-snippet:-1","max-image-preview":"max-image-preview:large","max-video-preview":"max-video-preview:-1"},"canonical":"https:\/\/maqmex.com.br\/en\/product\/motor-hidraulico-bmer-475-ms-sw\/","og_locale":"en_US","og_type":"article","og_title":"Motor hidr\u00e1ulico BMER-475-MS-SW - Maqmex","og_description":"Motor hidr\u00e1ulico BMER-475-MS-SW","og_url":"https:\/\/maqmex.com.br\/en\/product\/motor-hidraulico-bmer-475-ms-sw\/","og_site_name":"Maqmex","article_modified_time":"2025-11-14T16:55:56+00:00","og_image":[{"width":431,"height":579,"url":"https:\/\/maqmex.com.br\/wp-content\/uploads\/2025\/11\/A1-removebg-preview-1.png","type":"image\/png"}],"twitter_card":"summary_large_image","twitter_misc":{"Est. reading time":"1 minute"},"schema":{"@context":"https:\/\/schema.org","@graph":[{"@type":"WebPage","@id":"https:\/\/maqmex.com.br\/produto\/motor-hidraulico-bmer-475-ms-sw\/","url":"https:\/\/maqmex.com.br\/produto\/motor-hidraulico-bmer-475-ms-sw\/","name":"Motor hidr\u00e1ulico BMER-475-MS-SW - Maqmex","isPartOf":{"@id":"https:\/\/maqmex.com.br\/#website"},"primaryImageOfPage":{"@id":"https:\/\/maqmex.com.br\/produto\/motor-hidraulico-bmer-475-ms-sw\/#primaryimage"},"image":{"@id":"https:\/\/maqmex.com.br\/produto\/motor-hidraulico-bmer-475-ms-sw\/#primaryimage"},"thumbnailUrl":"https:\/\/maqmex.com.br\/wp-content\/uploads\/2025\/11\/A1-removebg-preview-1.png","datePublished":"2025-11-14T16:51:20+00:00","dateModified":"2025-11-14T16:55:56+00:00","breadcrumb":{"@id":"https:\/\/maqmex.com.br\/produto\/motor-hidraulico-bmer-475-ms-sw\/#breadcrumb"},"inLanguage":"en-US","potentialAction":[{"@type":"ReadAction","target":["https:\/\/maqmex.com.br\/produto\/motor-hidraulico-bmer-475-ms-sw\/"]}]},{"@type":"ImageObject","inLanguage":"en-US","@id":"https:\/\/maqmex.com.br\/produto\/motor-hidraulico-bmer-475-ms-sw\/#primaryimage","url":"https:\/\/maqmex.com.br\/wp-content\/uploads\/2025\/11\/A1-removebg-preview-1.png","contentUrl":"https:\/\/maqmex.com.br\/wp-content\/uploads\/2025\/11\/A1-removebg-preview-1.png","width":431,"height":579},{"@type":"BreadcrumbList","@id":"https:\/\/maqmex.com.br\/produto\/motor-hidraulico-bmer-475-ms-sw\/#breadcrumb","itemListElement":[{"@type":"ListItem","position":1,"name":"In\u00edcio","item":"https:\/\/maqmex.com.br\/"},{"@type":"ListItem","position":2,"name":"Shop","item":"https:\/\/maqmex.com.br\/shop\/"},{"@type":"ListItem","position":3,"name":"Motor hidr\u00e1ulico BMER-475-MS-SW"}]},{"@type":"WebSite","@id":"https:\/\/maqmex.com.br\/#website","url":"https:\/\/maqmex.com.br\/","name":"Maqmex","description":"Maqmex","potentialAction":[{"@type":"SearchAction","target":{"@type":"EntryPoint","urlTemplate":"https:\/\/maqmex.com.br\/?s={search_term_string}"},"query-input":{"@type":"PropertyValueSpecification","valueRequired":true,"valueName":"search_term_string"}}],"inLanguage":"en-US"}]}},"_links":{"self":[{"href":"https:\/\/maqmex.com.br\/en\/wp-json\/wp\/v2\/product\/7084","targetHints":{"allow":["GET"]}}],"collection":[{"href":"https:\/\/maqmex.com.br\/en\/wp-json\/wp\/v2\/product"}],"about":[{"href":"https:\/\/maqmex.com.br\/en\/wp-json\/wp\/v2\/types\/product"}],"replies":[{"embeddable":true,"href":"https:\/\/maqmex.com.br\/en\/wp-json\/wp\/v2\/comments?post=7084"}],"version-history":[{"count":1,"href":"https:\/\/maqmex.com.br\/en\/wp-json\/wp\/v2\/product\/7084\/revisions"}],"predecessor-version":[{"id":7089,"href":"https:\/\/maqmex.com.br\/en\/wp-json\/wp\/v2\/product\/7084\/revisions\/7089"}],"wp:featuredmedia":[{"embeddable":true,"href":"https:\/\/maqmex.com.br\/en\/wp-json\/wp\/v2\/media\/7085"}],"wp:attachment":[{"href":"https:\/\/maqmex.com.br\/en\/wp-json\/wp\/v2\/media?parent=7084"}],"wp:term":[{"taxonomy":"product_brand","embeddable":true,"href":"https:\/\/maqmex.com.br\/en\/wp-json\/wp\/v2\/product_brand?post=7084"},{"taxonomy":"product_cat","embeddable":true,"href":"https:\/\/maqmex.com.br\/en\/wp-json\/wp\/v2\/product_cat?post=7084"},{"taxonomy":"product_tag","embeddable":true,"href":"https:\/\/maqmex.com.br\/en\/wp-json\/wp\/v2\/product_tag?post=7084"}],"curies":[{"name":"wp","href":"https:\/\/api.w.org\/{rel}","templated":true}]}}